{"id":21804,"date":"2019-12-22T16:12:58","date_gmt":"2019-12-22T15:12:58","guid":{"rendered":"https:\/\/staging.trustpromotion.info\/?page_id=21804"},"modified":"2024-04-08T11:17:31","modified_gmt":"2024-04-08T09:17:31","slug":"messen-in-dortmund","status":"publish","type":"page","link":"https:\/\/trustpromotion.de\/en\/trade-fairs-in-dortmund\/","title":{"rendered":"Trade fairs Dortmund"},"content":{"rendered":"<div class=\"gb-container gb-container-c9378ca4 gb-container-main-container\"><div class=\"gb-inside-container\">\n\n<h1 class=\"gb-headline gb-headline-648c6915 gb-headline-text\">Messen Dortmund<\/h1>\n\n\n\n<h3 class=\"gb-headline gb-headline-f24f00b7 gb-headline-text\">Messetermine, Kongresse und Gastveranstaltungen <br>in Dortmund mit allen wichtigen Informationen.<\/h3>\n\n\n\n<hr class=\"wp-block-separator has-text-color has-global-color-1-color has-css-opacity has-global-color-1-background-color has-background\"\/>\n\n\n\t\t\t\t\t\t\t\t\t\t\t\t\t\t<div class=\"uk-margin-top messen-items\">\n\t\t\t\t\t\t<a href=\"https:\/\/trustpromotion.de\/en\/messen\/vocatium-dortmund\/\" class=\"uk-link-reset\" uk-grid>\n\t<div class=\"uk-width-1-1 uk-width-1-3@s uk-width-1-4@m \">\n\t\t<img class=\"lazyload\" data-src=\"https:\/\/trustpromotion.de\/wp-content\/uploads\/2020\/04\/Trustpromotion-Messekalender-Logo-vocatium-Flensburg.gif\" width=\"100%\"  alt=\"\" uk-img>\n\t<\/div>\t\n\t<div class=\"uk-width-1-1 uk-width-2-3@s uk-width-3-4@m\">\n\t\t<h2>vocatium Dortmund<\/h2>\n\t\t<div>Fachmesse f\u00fcr Ausbildung+Studium<\/div>\n\t\t<div>Messe Dortmund (Westfalenhallen)<\/div>\n\t\t<div>03.05.2023 - 04.05.2023<\/div><br>\n\t\t\n\t<\/div>\n<\/a>\n\n\t\t\t\t\t\t<a href=\"https:\/\/trustpromotion.de\/en\/messen\/german-comic-con-dortmund\/\" class=\"uk-link-reset\" uk-grid>\n\t<div class=\"uk-width-1-1 uk-width-1-3@s uk-width-1-4@m \">\n\t\t<img class=\"lazyload\" data-src=\"https:\/\/trustpromotion.de\/wp-content\/uploads\/2020\/04\/Trustpromotion-Messekalender-Logo-German-Comic-Con-Dortmund.gif\" width=\"100%\"  alt=\"\" uk-img>\n\t<\/div>\t\n\t<div class=\"uk-width-1-1 uk-width-2-3@s uk-width-3-4@m\">\n\t\t<h2>German Comic Con Dortmund<\/h2>\n\t\t<div>Convention rund um das Thema Comic und Manga<\/div>\n\t\t<div>Messe Dortmund (Westfalenhallen)<\/div>\n\t\t<div>06.05.2023 - 07.05.2023<\/div><br>\n\t\t\n\t<\/div>\n<\/a>\n\n\t\t\t\t\t\t<a href=\"https:\/\/trustpromotion.de\/en\/messen\/dogs-fun\/\" class=\"uk-link-reset\" uk-grid>\n\t<div class=\"uk-width-1-1 uk-width-1-3@s uk-width-1-4@m \">\n\t\t<img class=\"lazyload\" data-src=\"https:\/\/trustpromotion.de\/wp-content\/uploads\/2022\/10\/TrustPromotion-Messekalender-Logo-22253-Dogs-Fun.png\" width=\"100%\"  alt=\"\" uk-img>\n\t<\/div>\t\n\t<div class=\"uk-width-1-1 uk-width-2-3@s uk-width-3-4@m\">\n\t\t<h2>Dogs &#038; Fun<\/h2>\n\t\t<div>Hundemesse mit Rassepr\u00e4sentationen und gro\u00dfem Showprogramm<\/div>\n\t\t<div>Messe Dortmund (Westfalenhallen)<\/div>\n\t\t<div>12.05.2023 - 14.05.2023<\/div><br>\n\t\t\n\t<\/div>\n<\/a>\n\n\t\t\t\t\t\t<a href=\"https:\/\/trustpromotion.de\/en\/messen\/puppen-und-baerenmarkt-dortmund\/\" class=\"uk-link-reset\" uk-grid>\n\t<div class=\"uk-width-1-1 uk-width-1-3@s uk-width-1-4@m \">\n\t\t<img class=\"lazyload\" data-src=\"https:\/\/trustpromotion.de\/wp-content\/uploads\/2020\/04\/Trustpromotion-Messekalender-Logo-Antikpuppenb\u00f6rse-M\u00fcnster.gif\" width=\"100%\"  alt=\"\" uk-img>\n\t<\/div>\t\n\t<div class=\"uk-width-1-1 uk-width-2-3@s uk-width-3-4@m\">\n\t\t<h2>Puppen- und B\u00e4renmarkt Dortmund<\/h2>\n\t\t<div>Messe f\u00fcr Puppen, B\u00e4ren und Zubeh\u00f6r<\/div>\n\t\t<div>Casino Hohensyburg<\/div>\n\t\t<div>14.05.2023 - 14.05.2023<\/div><br>\n\t\t\n\t<\/div>\n<\/a>\n\n\t\t\t\t\t\t<a href=\"https:\/\/trustpromotion.de\/en\/messen\/do-city-unterwegs\/\" class=\"uk-link-reset\" uk-grid>\n\t<div class=\"uk-width-1-1 uk-width-1-3@s uk-width-1-4@m \">\n\t\t<img class=\"lazyload\" data-src=\"https:\/\/trustpromotion.de\/wp-content\/uploads\/2020\/04\/Trustpromotion-Messekalender-Logo-DO-City-bewegt-sich.gif\" width=\"100%\"  alt=\"\" uk-img>\n\t<\/div>\t\n\t<div class=\"uk-width-1-1 uk-width-2-3@s uk-width-3-4@m\">\n\t\t<h2>DO-City unterwegs<\/h2>\n\t\t<div>Messe f\u00fcr Urlaub, Reise und Freizeit<\/div>\n\t\t<div>Innenstadt Dortmund<\/div>\n\t\t<div>19.05.2023 - 20.05.2023<\/div><br>\n\t\t\n\t<\/div>\n<\/a>\n\n\t\t\t\t\t\t<a href=\"https:\/\/trustpromotion.de\/en\/messen\/logistics-automation-dortmund\/\" class=\"uk-link-reset\" uk-grid>\n\t<div class=\"uk-width-1-1 uk-width-1-3@s uk-width-1-4@m \">\n\t\t<img class=\"lazyload\" data-src=\"https:\/\/trustpromotion.de\/wp-content\/uploads\/2022\/02\/TrustPromotion-Messekalender-Logo-19639-Logistics-Distribution-Dortmund.png\" width=\"100%\"  alt=\"\" uk-img>\n\t<\/div>\t\n\t<div class=\"uk-width-1-1 uk-width-2-3@s uk-width-3-4@m\">\n\t\t<h2>Logistics &#038; Automation Dortmund<\/h2>\n\t\t<div>Die Fachmesse f\u00fcr Intralogistik und Materialfluss<\/div>\n\t\t<div>Messe Dortmund (Westfalenhallen)<\/div>\n\t\t<div>24.05.2023 - 25.05.2023<\/div><br>\n\t\t\n\t<\/div>\n<\/a>\n\n\t\t\t\t\t\t<a href=\"https:\/\/trustpromotion.de\/en\/messen\/maintenance-dortmund\/\" class=\"uk-link-reset\" uk-grid>\n\t<div class=\"uk-width-1-1 uk-width-1-3@s uk-width-1-4@m \">\n\t\t<img class=\"lazyload\" data-src=\"https:\/\/trustpromotion.de\/wp-content\/uploads\/2020\/04\/Trustpromotion-Messekalender-Logo-maintenance-Schweiz.gif\" width=\"100%\"  alt=\"\" uk-img>\n\t<\/div>\t\n\t<div class=\"uk-width-1-1 uk-width-2-3@s uk-width-3-4@m\">\n\t\t<h2>maintenance Dortmund<\/h2>\n\t\t<div>Leitmesse f\u00fcr industrielle Instandhaltung<\/div>\n\t\t<div>Messe Dortmund (Westfalenhallen)<\/div>\n\t\t<div>24.05.2023 - 25.05.2023<\/div><br>\n\t\t\n\t<\/div>\n<\/a>\n\n\t\t\t\t\t\t<a href=\"https:\/\/trustpromotion.de\/en\/messen\/worksafe-dortmund\/\" class=\"uk-link-reset\" uk-grid>\n\t<div class=\"uk-width-1-1 uk-width-1-3@s uk-width-1-4@m \">\n\t\t<img class=\"lazyload\" data-src=\"https:\/\/trustpromotion.de\/wp-content\/uploads\/2020\/04\/Trustpromotion-Messekalender-Logo-WorkSafe-Dortmund.gif\" width=\"100%\"  alt=\"\" uk-img>\n\t<\/div>\t\n\t<div class=\"uk-width-1-1 uk-width-2-3@s uk-width-3-4@m\">\n\t\t<h2>WorkSafe Dortmund<\/h2>\n\t\t<div>Fachmesse f\u00fcr Arbeitsschutz und Arbeitssicherheit<\/div>\n\t\t<div>Messe Dortmund (Westfalenhallen)<\/div>\n\t\t<div>24.05.2023 - 25.05.2023<\/div><br>\n\t\t\n\t<\/div>\n<\/a>\n\n\t\t\t\t\t\t<a href=\"https:\/\/trustpromotion.de\/en\/messen\/deutschevet\/\" class=\"uk-link-reset\" uk-grid>\n\t<div class=\"uk-width-1-1 uk-width-1-3@s uk-width-1-4@m \">\n\t\t<img class=\"lazyload\" data-src=\"https:\/\/trustpromotion.de\/wp-content\/uploads\/2020\/04\/Trustpromotion-Messekalender-Logo-Deutsche-Vet.gif\" width=\"100%\"  alt=\"\" uk-img>\n\t<\/div>\t\n\t<div class=\"uk-width-1-1 uk-width-2-3@s uk-width-3-4@m\">\n\t\t<h2>DeutscheVET<\/h2>\n\t\t<div>Tier\u00e4rztekongress mit Industrieausstellung<\/div>\n\t\t<div>Messe Dortmund (Westfalenhallen)<\/div>\n\t\t<div>26.05.2023 - 27.05.2023<\/div><br>\n\t\t\n\t<\/div>\n<\/a>\n\n\t\t\t\t\t\t<a href=\"https:\/\/trustpromotion.de\/en\/messen\/european-bamboo-expo\/\" class=\"uk-link-reset\" uk-grid>\n\t<div class=\"uk-width-1-1 uk-width-1-3@s uk-width-1-4@m \">\n\t\t<img class=\"lazyload\" data-src=\"https:\/\/trustpromotion.de\/wp-content\/uploads\/2023\/05\/TrustPromotion-Messekalender-Logo-22558-European-Bamboo-Expo.png\" width=\"100%\"  alt=\"\" uk-img>\n\t<\/div>\t\n\t<div class=\"uk-width-1-1 uk-width-2-3@s uk-width-3-4@m\">\n\t\t<h2>European Bamboo Expo<\/h2>\n\t\t<div>Treffpunkt f\u00fcr Fachleute, Interessengruppen und Entscheidungstr\u00e4ger der Bambusbranche<\/div>\n\t\t<div>Dietrich-Keuning-Haus<\/div>\n\t\t<div>02.06.2023 - 03.06.2023<\/div><br>\n\t\t\n\t<\/div>\n<\/a>\n\n\t\t\t\t\t\t<a href=\"https:\/\/trustpromotion.de\/en\/messen\/international-tattoocon\/\" class=\"uk-link-reset\" uk-grid>\n\t<div class=\"uk-width-1-1 uk-width-1-3@s uk-width-1-4@m \">\n\t\t<img class=\"lazyload\" data-src=\"https:\/\/trustpromotion.de\/wp-content\/uploads\/2020\/04\/Trustpromotion-Messekalender-Logo-International-TattooCon.gif\" width=\"100%\"  alt=\"\" uk-img>\n\t<\/div>\t\n\t<div class=\"uk-width-1-1 uk-width-2-3@s uk-width-3-4@m\">\n\t\t<h2>International TattooCon<\/h2>\n\t\t<div>Tattoo und Lifestyle Show<\/div>\n\t\t<div>Messe Dortmund (Westfalenhallen)<\/div>\n\t\t<div>02.06.2023 - 04.06.2023<\/div><br>\n\t\t\n\t<\/div>\n<\/a>\n\n\t\t\t\t\t\t<a href=\"https:\/\/trustpromotion.de\/en\/messen\/jubi-dortmund-die-jugendbildungsmesse\/\" class=\"uk-link-reset\" uk-grid>\n\t<div class=\"uk-width-1-1 uk-width-1-3@s uk-width-1-4@m \">\n\t\t<img class=\"lazyload\" data-src=\"https:\/\/trustpromotion.de\/wp-content\/uploads\/2020\/04\/Trustpromotion-Messekalender-Logo-JuBi-K\u00f6ln-1-Die-JugendBildungsmesse.gif\" width=\"100%\"  alt=\"\" uk-img>\n\t<\/div>\t\n\t<div class=\"uk-width-1-1 uk-width-2-3@s uk-width-3-4@m\">\n\t\t<h2>JuBi Dortmund &#8211; Die JugendBildungsmesse<\/h2>\n\t\t<div>Messe f\u00fcr Schule, Reisen, Lernen und Leben im Ausland<\/div>\n\t\t<div>Leibniz-Gymnasium Dortmund<\/div>\n\t\t<div>03.06.2023 - 03.06.2023<\/div><br>\n\t\t\n\t<\/div>\n<\/a>\n\n\t\t\t\t\t\t<a href=\"https:\/\/trustpromotion.de\/en\/messen\/112-rescue\/\" class=\"uk-link-reset\" uk-grid>\n\t<div class=\"uk-width-1-1 uk-width-1-3@s uk-width-1-4@m \">\n\t\t<img class=\"lazyload\" data-src=\"https:\/\/trustpromotion.de\/wp-content\/uploads\/2023\/05\/TrustPromotion-Messekalender-Logo-22442-112-RESCUE.png\" width=\"100%\"  alt=\"\" uk-img>\n\t<\/div>\t\n\t<div class=\"uk-width-1-1 uk-width-2-3@s uk-width-3-4@m\">\n\t\t<h2>112 RESCUE<\/h2>\n\t\t<div>Fachmesse f\u00fcr Brandschutz, Rettungswesen, Katastrophen- und Bev\u00f6lkerungsschutz<\/div>\n\t\t<div>Messe Dortmund (Westfalenhallen)<\/div>\n\t\t<div>14.06.2023 - 17.06.2023<\/div><br>\n\t\t\n\t<\/div>\n<\/a>\n\n\t\t\t\t\t\t<a href=\"https:\/\/trustpromotion.de\/en\/messen\/antik-sammlermarkt-dortmund\/\" class=\"uk-link-reset\" uk-grid>\n\t<div class=\"uk-width-1-1 uk-width-1-3@s uk-width-1-4@m \">\n\t\t<img class=\"lazyload\" data-src=\"https:\/\/trustpromotion.de\/wp-content\/uploads\/2020\/04\/Trustpromotion-Messekalender-Logo-Diva.jpg\" width=\"100%\"  alt=\"\" uk-img>\n\t<\/div>\t\n\t<div class=\"uk-width-1-1 uk-width-2-3@s uk-width-3-4@m\">\n\t\t<h2>Antik &#038; Sammlermarkt Dortmund<\/h2>\n\t\t<div>Messe f\u00fcr Sammlerobjekte und nostalgische Exponate<\/div>\n\t\t<div>Messe Dortmund (Westfalenhallen)<\/div>\n\t\t<div>17.06.2023 - 18.06.2023<\/div><br>\n\t\t\n\t<\/div>\n<\/a>\n\n\t\t\t\t\t\t<a href=\"https:\/\/trustpromotion.de\/en\/messen\/deutscher-lastenrad-kongress-dlk\/\" class=\"uk-link-reset\" uk-grid>\n\t<div class=\"uk-width-1-1 uk-width-1-3@s uk-width-1-4@m \">\n\t\t<img class=\"lazyload\" data-src=\"https:\/\/trustpromotion.de\/wp-content\/uploads\/2023\/05\/TrustPromotion-Messekalender-Logo-22444-DEUTSCHER-LASTENRAD-KONGRESS-DLK.png\" width=\"100%\"  alt=\"\" uk-img>\n\t<\/div>\t\n\t<div class=\"uk-width-1-1 uk-width-2-3@s uk-width-3-4@m\">\n\t\t<h2>DEUTSCHER LASTENRAD KONGRESS (DLK)<\/h2>\n\t\t<div>Kompetenznetzwerk f\u00fcr Nachhaltige Logistik<\/div>\n\t\t<div>Messe Dortmund (Westfalenhallen)<\/div>\n\t\t<div>23.08.2023 - 23.08.2023<\/div><br>\n\t\t\n\t<\/div>\n<\/a>\n\n\t\t\t\t\t\t<a href=\"https:\/\/trustpromotion.de\/en\/messen\/fachtag-fuer-nachhaltige-beschaffung\/\" class=\"uk-link-reset\" uk-grid>\n\t<div class=\"uk-width-1-1 uk-width-1-3@s uk-width-1-4@m \">\n\t\t<img class=\"lazyload\" data-src=\"https:\/\/trustpromotion.de\/wp-content\/uploads\/2023\/05\/TrustPromotion-Messekalender-Logo-22445-FACHTAG-FUeR-NACHHALTIGE-BESCHAFFUNG.png\" width=\"100%\"  alt=\"\" uk-img>\n\t<\/div>\t\n\t<div class=\"uk-width-1-1 uk-width-2-3@s uk-width-3-4@m\">\n\t\t<h2>FACHTAG F\u00dcR NACHHALTIGE BESCHAFFUNG<\/h2>\n\t\t<div>Kongressmesse zur Nachhaltigkeit<\/div>\n\t\t<div>Messe Dortmund (Westfalenhallen)<\/div>\n\t\t<div>24.08.2023 - 24.08.2023<\/div><br>\n\t\t\n\t<\/div>\n<\/a>\n\n\t\t\t\t\t\t<a href=\"https:\/\/trustpromotion.de\/en\/messen\/einstieg-dortmund\/\" class=\"uk-link-reset\" uk-grid>\n\t<div class=\"uk-width-1-1 uk-width-1-3@s uk-width-1-4@m \">\n\t\t<img class=\"lazyload\" data-src=\"https:\/\/trustpromotion.de\/wp-content\/uploads\/2020\/04\/Trustpromotion-Messekalender-Logo-Einstieg-Hamburg.gif\" width=\"100%\"  alt=\"\" uk-img>\n\t<\/div>\t\n\t<div class=\"uk-width-1-1 uk-width-2-3@s uk-width-3-4@m\">\n\t\t<h2>Einstieg Dortmund<\/h2>\n\t\t<div>Messe f\u00fcr Ausbildung, Studium & Gap Year<\/div>\n\t\t<div>Messe Dortmund (Westfalenhallen)<\/div>\n\t\t<div>25.08.2023 - 26.08.2023<\/div><br>\n\t\t\n\t<\/div>\n<\/a>\n\n\t\t\t\t\t\t<a href=\"https:\/\/trustpromotion.de\/en\/messen\/fair-friends\/\" class=\"uk-link-reset\" uk-grid>\n\t<div class=\"uk-width-1-1 uk-width-1-3@s uk-width-1-4@m \">\n\t\t<img class=\"lazyload\" data-src=\"https:\/\/trustpromotion.de\/wp-content\/uploads\/2020\/04\/Trustpromotion-Messekalender-Logo-FAIR-FRIENDS.gif\" width=\"100%\"  alt=\"\" uk-img>\n\t<\/div>\t\n\t<div class=\"uk-width-1-1 uk-width-2-3@s uk-width-3-4@m\">\n\t\t<h2>FAIR FRIENDS<\/h2>\n\t\t<div>Messe f\u00fcr neue Lebensmodelle, fairen Handel und gesellschaftliche Verantwortung<\/div>\n\t\t<div>Messe Dortmund (Westfalenhallen)<\/div>\n\t\t<div>25.08.2023 - 27.08.2023<\/div><br>\n\t\t\n\t<\/div>\n<\/a>\n\n\t\t\t\t\t\t<a href=\"https:\/\/trustpromotion.de\/en\/messen\/impact-friends\/\" class=\"uk-link-reset\" uk-grid>\n\t<div class=\"uk-width-1-1 uk-width-1-3@s uk-width-1-4@m \">\n\t\t<img class=\"lazyload\" data-src=\"https:\/\/trustpromotion.de\/wp-content\/uploads\/2023\/05\/TrustPromotion-Messekalender-Logo-22446-IMPACT-FRIENDS.png\" width=\"100%\"  alt=\"\" uk-img>\n\t<\/div>\t\n\t<div class=\"uk-width-1-1 uk-width-2-3@s uk-width-3-4@m\">\n\t\t<h2>IMPACT FRIENDS<\/h2>\n\t\t<div>Transformationstrend Nachhaltigkeit<\/div>\n\t\t<div>Messe Dortmund (Westfalenhallen)<\/div>\n\t\t<div>25.08.2023 - 25.08.2023<\/div><br>\n\t\t\n\t<\/div>\n<\/a>\n\n\t\t\t\t\t\t<a href=\"https:\/\/trustpromotion.de\/en\/messen\/gartenflair-schloss-bodelschwingh\/\" class=\"uk-link-reset\" uk-grid>\n\t<div class=\"uk-width-1-1 uk-width-1-3@s uk-width-1-4@m \">\n\t\t<img class=\"lazyload\" data-src=\"https:\/\/trustpromotion.de\/wp-content\/uploads\/2020\/04\/Trustpromotion-Messekalender-Logo-Gartenflair-Schloss-Bodelschwingh.gif\" width=\"100%\"  alt=\"\" uk-img>\n\t<\/div>\t\n\t<div class=\"uk-width-1-1 uk-width-2-3@s uk-width-3-4@m\">\n\t\t<h2>Gartenflair Schloss Bodelschwingh<\/h2>\n\t\t<div>Sch\u00f6nes und Besonderes f\u00fcr Lebenslust, Haus & Garten<\/div>\n\t\t<div>Schloss Bodelschwingh<\/div>\n\t\t<div>01.09.2023 - 03.09.2023<\/div><br>\n\t\t\n\t<\/div>\n<\/a>\n\n\t\t\t\t\t\t<a href=\"https:\/\/trustpromotion.de\/en\/messen\/vdi-nachrichten-recruiting-tag-dortmund\/\" class=\"uk-link-reset\" uk-grid>\n\t<div class=\"uk-width-1-1 uk-width-1-3@s uk-width-1-4@m \">\n\t\t<img class=\"lazyload\" data-src=\"https:\/\/trustpromotion.de\/wp-content\/uploads\/2020\/04\/Trustpromotion-Messekalender-Logo-VDI-nachrichten-Recruiting-Tag-D\u00fcsseldorf.gif\" width=\"100%\"  alt=\"\" uk-img>\n\t<\/div>\t\n\t<div class=\"uk-width-1-1 uk-width-2-3@s uk-width-3-4@m\">\n\t\t<h2>VDI nachrichten Recruiting Tag Dortmund<\/h2>\n\t\t<div>Die Karrieremesse f\u00fcr stellensuchende und wechselwillige Ingenieure<\/div>\n\t\t<div>Messe Dortmund (Westfalenhallen)<\/div>\n\t\t<div>01.09.2023 - 01.09.2023<\/div><br>\n\t\t\n\t<\/div>\n<\/a>\n\n\t\t\t\t\t\t<a href=\"https:\/\/trustpromotion.de\/en\/messen\/wm-werkstattmesse-dortmund\/\" class=\"uk-link-reset\" uk-grid>\n\t<div class=\"uk-width-1-1 uk-width-1-3@s uk-width-1-4@m \">\n\t\t<img class=\"lazyload\" data-src=\"https:\/\/trustpromotion.de\/wp-content\/uploads\/2020\/04\/Trustpromotion-Messekalender-Logo-WM-Werkstattmesse-Dortmund.gif\" width=\"100%\"  alt=\"\" uk-img>\n\t<\/div>\t\n\t<div class=\"uk-width-1-1 uk-width-2-3@s uk-width-3-4@m\">\n\t\t<h2>WM Werkstattmesse Dortmund<\/h2>\n\t\t<div>Fachmesse f\u00fcr Kfz-Teile, -Zubeh\u00f6r, Reifen und Werkstattausr\u00fcstungen<\/div>\n\t\t<div>Messe Dortmund (Westfalenhallen)<\/div>\n\t\t<div>01.09.2023 - 03.09.2023<\/div><br>\n\t\t\n\t<\/div>\n<\/a>\n\n\t\t\t\t\t\t<a href=\"https:\/\/trustpromotion.de\/en\/messen\/nrw-stadiontour-dortmund\/\" class=\"uk-link-reset\" uk-grid>\n\t<div class=\"uk-width-1-1 uk-width-1-3@s uk-width-1-4@m \">\n\t\t<img class=\"lazyload\" data-src=\"https:\/\/trustpromotion.de\/wp-content\/uploads\/2022\/10\/TrustPromotion-Messekalender-Logo-22161-NRW-Stadiontour-Dortmund.png\" width=\"100%\"  alt=\"\" uk-img>\n\t<\/div>\t\n\t<div class=\"uk-width-1-1 uk-width-2-3@s uk-width-3-4@m\">\n\t\t<h2>NRW Stadiontour Dortmund<\/h2>\n\t\t<div>Casting f\u00fcr den Traumjob<\/div>\n\t\t<div>Signal Iduna Park<\/div>\n\t\t<div>07.09.2023 - 07.09.2023<\/div><br>\n\t\t\n\t<\/div>\n<\/a>\n\n\t\t\t\t\t\t<a href=\"https:\/\/trustpromotion.de\/en\/messen\/auf-in-die-welt-messe-dortmund\/\" class=\"uk-link-reset\" uk-grid>\n\t<div class=\"uk-width-1-1 uk-width-1-3@s uk-width-1-4@m \">\n\t\t<img class=\"lazyload\" data-src=\"https:\/\/trustpromotion.de\/wp-content\/uploads\/2020\/04\/Trustpromotion-Messekalender-Logo-Auf-in-die-Welt-Messe-Hamburg-HanseMerkur-Haus.gif\" width=\"100%\"  alt=\"\" uk-img>\n\t<\/div>\t\n\t<div class=\"uk-width-1-1 uk-width-2-3@s uk-width-3-4@m\">\n\t\t<h2>Auf in die Welt Messe Dortmund<\/h2>\n\t\t<div>Deine Messe f\u00fcr Auslandsaufenthalte und Internationale Bildung<\/div>\n\t\t<div>Dietrich-Keuning-Haus<\/div>\n\t\t<div>09.09.2023 - 09.09.2023<\/div><br>\n\t\t\n\t<\/div>\n<\/a>\n\n\t\t\t\t\t\t<\/div>\n\t\t\t<div id=\"more-items-container\"><\/div><a href=\"javascript:void(0);\" \n   class=\"load-more\" \n   data-target=\".messen-items\" \n   data-container=\"#more-items-container\" \n   data-no_paging_url=\"\" \n   data-hasmore=\"true\" \n   data-total=\"3\" \n   data-next=\"2\">\n\t+ weitere laden<span uk-spinner=\"ratio:.5;\" class=\"uk-margin-small-left uk-hidden\"><\/span>\n<\/a>\n\t\t\t\n<script>window.onload = (event) => {\n\t(function($){\n\t\t\/\/ disable load more button when attribute dictates there are no more pages\n\t\t$( '.load-more' ).each( function( item ) { if ($(this).attr( 'data-hasmore' ) == 'false') { $(this).remove(); }; } );\n\t\t$( 'body' ).on( 'click' , '.load-more' , function() {\n\t\t\tconst $this = $( this );\n\t\t\t$this.find( \"[uk-spinner]\" ).removeClass( 'uk-hidden' );\n\t\t\tvar next = parseInt($this.attr( 'data-next' )),\n\t\t\t\ttotal = parseInt($this.attr( 'data-total' )); \n\t\t\tvar url = $this.data( 'no_paging_url' );\n\t\t\t\/\/ when no_paging_url is a ?s={searchstring} url \n\t\t\tif ( $this.data( 'no_paging_url' ).includes( '?s=' ) ) {\n\t\t\t\turl = url.replace( '?s=' , `page\/${next}\/?s=` );\n\t\t\t} else {\n\t\t\t\turl += `page\/${next}\/`;\n\t\t\t}\n\t\t\t$( $this.data( 'container' ) ).load( `${url} .messen-items > a` , function() {\n\t\t\t\t\/\/ now move the items from the target to the \n\t\t\t\t$($this.data( 'target' )).append( $($this.data( 'container' )).html() );\n\t\t\t\t$($this.data( 'container' )).html( \"\" );\n\t\t\t\t\/\/ remove if we're already on the last item\n\t\t\t\tif ( next == total ) {\n\t\t\t\t\t$this.remove();\n\t\t\t\t\treturn;\n\t\t\t\t} else {\n\t\t\t\t\t$this.attr( \"data-next\" , next + 1 );\n\t\t\t\t}\n\t\t\t$this.find( \"[uk-spinner]\" ).addClass( 'uk-hidden' );\n\t\t\t} );\n\t\t} );\n\t})(jQuery);\t\n}\n<\/script>\n\n\n\n<p class=\"gb-headline gb-headline-fc165c36 gb-headline-text\"><strong>Hinweis:<\/strong> Messeinformationen werden aktuell nicht in Englisch \u00fcbersetzt und stehen deshalb nur auf der deutschen Seite zur Verf\u00fcgung.<\/p>\n\n\n\n<hr class=\"wp-block-separator has-text-color has-global-color-1-color has-css-opacity has-global-color-1-background-color has-background\"\/>\n\n\n\n<h2 class=\"gb-headline gb-headline-3ff974a4 gb-headline-text\">MESSEKALENDER INFORMATIONEN<\/h2>\n\n\n\n<p>Die Messeinformationen Dortmund [current_year] werden kostenfrei von TRUST Promotion zur Verf\u00fcgung gestellt. Es sind alle Messen, Kongresse, Tagungen, Konferenzen und Symposien, die in der Stadt Dortmund \/ Messe Dortmund im Jahr [current_year] stattfinden aufgelistet. Sie finden zu allen Messe- und Veranstaltungsterminen die wichtigsten Informationen wie: Datum, \u00d6ffnungszeiten, Adresse, Eintrittspreise, sowie den Link zur Messe Webseite.<\/p>\n\n\n\n<h2 class=\"gb-headline gb-headline-1f07217c gb-headline-text\">INFORMATIONEN \u00dcBER DIE MESSE DORTMUND [current_year]<\/h2>\n\n\n\n<p>Messe Dortmund hat sich auf individuelle zugeschnittene Publikums- und Fachmessen internationaler Ausrichtung spezialisiert. Mehr als 50 Termine bietet das Messeprogramm. Dazu geh\u00f6ren auch branchenspezifische Leitmessen.<\/p>\n\n\n\n<p>Zu den weltweit f\u00fchrenden Veranstaltungen in den Westfalenhallen Dortmund geh\u00f6ren Jagd &amp; Hund, Boe und die Messe CREATIVA.<\/p>\n\n\n\n<p>Auf einer Bruttofl\u00e4che von rund 60.000 m\u00b2 befinden sich insgesamt 9 Messehallen. Die Gr\u00f6\u00dfen variieren zwischen 1.800 und 10.000 m\u00b2.<\/p>\n\n\n<div class=\"gb-grid-wrapper gb-grid-wrapper-002fe999\">\n<div class=\"gb-grid-column gb-grid-column-9313bb47\"><div class=\"gb-container gb-container-9313bb47\"><div class=\"gb-inside-container\">\n\n<p class=\"gb-headline gb-headline-c214fcf3 gb-headline-text\"><a href=\"https:\/\/trustpromotion.de\/messestadt-dortmund\/\" data-type=\"page\">i<\/a><\/p>\n\n<\/div><\/div><\/div>\n\n<div class=\"gb-grid-column gb-grid-column-75e10253\"><div class=\"gb-container gb-container-75e10253\"><div class=\"gb-inside-container\">\n\n<h3 class=\"gb-headline gb-headline-69333ee0 gb-headline-text\"><a href=\"https:\/\/trustpromotion.de\/messestadt-dortmund\/\">weitere Informationen zum Messestandort Dortmund<\/a><\/h3>\n\n\n\n<p class=\"gb-headline gb-headline-26a280b6 gb-headline-text\">Hotels, Parken, Anfahrt und mehr Informationen zur Messe Dortmund.<\/p>\n\n<\/div><\/div><\/div>\n<\/div>\n<\/div><\/div>","protected":false},"excerpt":{"rendered":"<p>Messen Dortmund Messetermine, Kongresse und Gastveranstaltungen in Dortmund mit allen  &#8230;<\/p>","protected":false},"author":6,"featured_media":0,"parent":0,"menu_order":0,"comment_status":"closed","ping_status":"closed","template":"","meta":{"_improvement_type_select":"improve_an_existing","_thumb_yes_seoaic":false,"_frame_yes_seoaic":false,"seoaic_generate_description":"","seoaic_improve_instructions_prompt":"","seoaic_rollback_content_improvement":"","seoaic_idea_thumbnail_generator":"","thumbnail_generated":false,"thumbnail_generate_prompt":"","seoaic_article_description":"","footnotes":""},"p-category":[],"class_list":["post-21804","page","type-page","status-publish","hentry"],"_links":{"self":[{"href":"https:\/\/trustpromotion.de\/en\/wp-json\/wp\/v2\/pages\/21804","targetHints":{"allow":["GET"]}}],"collection":[{"href":"https:\/\/trustpromotion.de\/en\/wp-json\/wp\/v2\/pages"}],"about":[{"href":"https:\/\/trustpromotion.de\/en\/wp-json\/wp\/v2\/types\/page"}],"author":[{"embeddable":true,"href":"https:\/\/trustpromotion.de\/en\/wp-json\/wp\/v2\/users\/6"}],"replies":[{"embeddable":true,"href":"https:\/\/trustpromotion.de\/en\/wp-json\/wp\/v2\/comments?post=21804"}],"version-history":[{"count":0,"href":"https:\/\/trustpromotion.de\/en\/wp-json\/wp\/v2\/pages\/21804\/revisions"}],"wp:attachment":[{"href":"https:\/\/trustpromotion.de\/en\/wp-json\/wp\/v2\/media?parent=21804"}],"wp:term":[{"taxonomy":"p-category","embeddable":true,"href":"https:\/\/trustpromotion.de\/en\/wp-json\/wp\/v2\/p-category?post=21804"}],"curies":[{"name":"wp","href":"https:\/\/api.w.org\/{rel}","templated":true}]}}