{"id":21852,"date":"2019-12-22T16:12:58","date_gmt":"2019-12-22T15:12:58","guid":{"rendered":"https:\/\/staging.trustpromotion.info\/?page_id=21852"},"modified":"2024-04-08T11:25:22","modified_gmt":"2024-04-08T09:25:22","slug":"messen-in-stuttgart","status":"publish","type":"page","link":"https:\/\/trustpromotion.de\/en\/trade-fairs-in-stuttgart\/","title":{"rendered":"Trade fairs Stuttgart"},"content":{"rendered":"<div class=\"gb-container gb-container-35699444 gb-container-main-container\"><div class=\"gb-inside-container\">\n\n<h1 class=\"gb-headline gb-headline-e0079317 gb-headline-text\">Messen Stuttgart<\/h1>\n\n\n\n<h3 class=\"gb-headline gb-headline-f8b5d73e gb-headline-text\">Messetermine, Kongresse und Gastveranstaltungen <br>in Stuttgart mit allen wichtigen Informationen.<\/h3>\n\n\n\n<hr class=\"wp-block-separator has-text-color has-global-color-1-color has-css-opacity has-global-color-1-background-color has-background\"\/>\n\n\n\t\t\t\t\t\t\t\t\t\t\t\t\t\t<div class=\"uk-margin-top messen-items\">\n\t\t\t\t\t\t<a href=\"https:\/\/trustpromotion.de\/en\/messen\/haus-bau-energie-stuttgart\/\" class=\"uk-link-reset\" uk-grid>\n\t<div class=\"uk-width-1-1 uk-width-1-3@s uk-width-1-4@m \">\n\t\t<img class=\"lazyload\" data-src=\"https:\/\/trustpromotion.de\/wp-content\/uploads\/2020\/04\/Trustpromotion-Messekalender-Logo-HAUS-BAU-ENERGIE-Donaueschingen.gif\" width=\"100%\"  alt=\"\" uk-img>\n\t<\/div>\t\n\t<div class=\"uk-width-1-1 uk-width-2-3@s uk-width-3-4@m\">\n\t\t<h2>HAUS | BAU | ENERGIE Stuttgart<\/h2>\n\t\t<div>bauen, modernisieren, energiesparen<\/div>\n\t\t<div>Messe Stuttgart (Landesmesse)<\/div>\n\t\t<div>21.04.2022 - 24.04.2022<\/div><br>\n\t\t\n\t<\/div>\n<\/a>\n\n\t\t\t\t\t\t<a href=\"https:\/\/trustpromotion.de\/en\/messen\/industrieforum-digitaler-mittelstand\/\" class=\"uk-link-reset\" uk-grid>\n\t<div class=\"uk-width-1-1 uk-width-1-3@s uk-width-1-4@m \">\n\t\t<img class=\"lazyload\" data-src=\"https:\/\/trustpromotion.de\/wp-content\/uploads\/2022\/02\/TrustPromotion-Messekalender-Logo-19921-Industrieforum-Digitaler-Mittelstand.png\" width=\"100%\"  alt=\"\" uk-img>\n\t<\/div>\t\n\t<div class=\"uk-width-1-1 uk-width-2-3@s uk-width-3-4@m\">\n\t\t<h2>Industrieforum Digitaler Mittelstand<\/h2>\n\t\t<div>Die Digitalisierungskonferenz f\u00fcr den deutschen Mittelstand<\/div>\n\t\t<div>ICS Stuttgart<\/div>\n\t\t<div>14.06.2022 - 15.06.2022<\/div><br>\n\t\t\n\t<\/div>\n<\/a>\n\n\t\t\t\t\t\t<a href=\"https:\/\/trustpromotion.de\/en\/messen\/haus-holz-energie-stuttgart\/\" class=\"uk-link-reset\" uk-grid>\n\t<div class=\"uk-width-1-1 uk-width-1-3@s uk-width-1-4@m \">\n\t\t<img class=\"lazyload\" data-src=\"https:\/\/trustpromotion.de\/wp-content\/uploads\/2020\/04\/Trustpromotion-Messekalender-Logo-HAUS-HOLZ-ENERGIE-Stuttgart.gif\" width=\"100%\"  alt=\"\" uk-img>\n\t<\/div>\t\n\t<div class=\"uk-width-1-1 uk-width-2-3@s uk-width-3-4@m\">\n\t\t<h2>HAUS | HOLZ | ENERGIE Stuttgart<\/h2>\n\t\t<div>Die Messe f\u00fcr Hausbesitzer, Bauherren und Modernisierer<\/div>\n\t\t<div>Messe Stuttgart (Landesmesse)<\/div>\n\t\t<div>13.04.2023 - 16.04.2023<\/div>\t\t<div> <p style=\"color:red;\">Termin abgesagt!<\/p><\/div><br>\n\t\t\n\t<\/div>\n<\/a>\n\n\t\t\t\t\t\t<a href=\"https:\/\/trustpromotion.de\/en\/messen\/job40plus-stuttgart-fruehjahr\/\" class=\"uk-link-reset\" uk-grid>\n\t<div class=\"uk-width-1-1 uk-width-1-3@s uk-width-1-4@m \">\n\t\t<img class=\"lazyload\" data-src=\"https:\/\/trustpromotion.de\/wp-content\/uploads\/2020\/04\/Trustpromotion-Messekalender-Logo-job40plus-M\u00fcnchen-Fr\u00fchjahr.png\" width=\"100%\"  alt=\"\" uk-img>\n\t<\/div>\t\n\t<div class=\"uk-width-1-1 uk-width-2-3@s uk-width-3-4@m\">\n\t\t<h2>job40plus Stuttgart Fr\u00fchjahr<\/h2>\n\t\t<div>Jobmesse f\u00fcr IT(-Consulting) \/ Engineering (inkl. Bau) \/ Finance, Versicherungen & Handel<\/div>\n\t\t<div>Haus der Wirtschaft<\/div>\n\t\t<div>04.05.2023 - 04.05.2023<\/div><br>\n\t\t\n\t<\/div>\n<\/a>\n\n\t\t\t\t\t\t<a href=\"https:\/\/trustpromotion.de\/en\/messen\/it-day-stuttgart\/\" class=\"uk-link-reset\" uk-grid>\n\t<div class=\"uk-width-1-1 uk-width-1-3@s uk-width-1-4@m \">\n\t\t<img class=\"lazyload\" data-src=\"https:\/\/trustpromotion.de\/wp-content\/uploads\/2020\/04\/Trustpromotion-Messekalender-Logo-IT-Day-Stuttgart.gif\" width=\"100%\"  alt=\"\" uk-img>\n\t<\/div>\t\n\t<div class=\"uk-width-1-1 uk-width-2-3@s uk-width-3-4@m\">\n\t\t<h2>IT Day Stuttgart<\/h2>\n\t\t<div>Das Informatik-Fachforum<\/div>\n\t\t<div>GENO-Haus Stuttgart<\/div>\n\t\t<div>05.05.2023 - 05.05.2023<\/div><br>\n\t\t\n\t<\/div>\n<\/a>\n\n\t\t\t\t\t\t<a href=\"https:\/\/trustpromotion.de\/en\/messen\/green-world-tour-stuttgart\/\" class=\"uk-link-reset\" uk-grid>\n\t<div class=\"uk-width-1-1 uk-width-1-3@s uk-width-1-4@m \">\n\t\t<img class=\"lazyload\" data-src=\"https:\/\/trustpromotion.de\/wp-content\/uploads\/2020\/04\/Trustpromotion-Messekalender-Logo-Green-World-Tour-Berlin.gif\" width=\"100%\"  alt=\"\" uk-img>\n\t<\/div>\t\n\t<div class=\"uk-width-1-1 uk-width-2-3@s uk-width-3-4@m\">\n\t\t<h2>Green World Tour Stuttgart<\/h2>\n\t\t<div>Messe f\u00fcr nachhaltige Produkte, Technologien und Konzepte<\/div>\n\t\t<div>Kulturhaus Arena<\/div>\n\t\t<div>06.05.2023 - 07.05.2023<\/div><br>\n\t\t\n\t<\/div>\n<\/a>\n\n\t\t\t\t\t\t<a href=\"https:\/\/trustpromotion.de\/en\/messen\/the-hall-of-vape-stuttgart\/\" class=\"uk-link-reset\" uk-grid>\n\t<div class=\"uk-width-1-1 uk-width-1-3@s uk-width-1-4@m \">\n\t\t<img class=\"lazyload\" data-src=\"https:\/\/trustpromotion.de\/wp-content\/uploads\/2020\/04\/Trustpromotion-Messekalender-Logo-The-Hall-of-Vape-Hamburg.gif\" width=\"100%\"  alt=\"\" uk-img>\n\t<\/div>\t\n\t<div class=\"uk-width-1-1 uk-width-2-3@s uk-width-3-4@m\">\n\t\t<h2>THE HALL OF VAPE STUTTGART<\/h2>\n\t\t<div>Deutschlands gr\u00f6\u00dfte Fach- und Publikumsmesse rund um die E-Zigarette<\/div>\n\t\t<div>Messe Stuttgart (Landesmesse)<\/div>\n\t\t<div>06.05.2023 - 07.05.2023<\/div><br>\n\t\t\n\t<\/div>\n<\/a>\n\n\t\t\t\t\t\t<a href=\"https:\/\/trustpromotion.de\/en\/messen\/control\/\" class=\"uk-link-reset\" uk-grid>\n\t<div class=\"uk-width-1-1 uk-width-1-3@s uk-width-1-4@m \">\n\t\t<img class=\"lazyload\" data-src=\"https:\/\/trustpromotion.de\/wp-content\/uploads\/2020\/04\/Trustpromotion-Messekalender-Logo-Diva.jpg\" width=\"100%\"  alt=\"\" uk-img>\n\t<\/div>\t\n\t<div class=\"uk-width-1-1 uk-width-2-3@s uk-width-3-4@m\">\n\t\t<h2>Control<\/h2>\n\t\t<div>Die internationale Fachmesse f\u00fcr Qualit\u00e4tssicherung<\/div>\n\t\t<div>Messe Stuttgart (Landesmesse)<\/div>\n\t\t<div>09.05.2023 - 12.05.2023<\/div><br>\n\t\t\n\t<\/div>\n<\/a>\n\n\t\t\t\t\t\t<a href=\"https:\/\/trustpromotion.de\/en\/messen\/corporate-health-convention-stuttgart\/\" class=\"uk-link-reset\" uk-grid>\n\t<div class=\"uk-width-1-1 uk-width-1-3@s uk-width-1-4@m \">\n\t\t<img class=\"lazyload\" data-src=\"https:\/\/trustpromotion.de\/wp-content\/uploads\/2020\/04\/Trustpromotion-Messekalender-Logo-Corporate-Health-Convention-Stuttgart.gif\" width=\"100%\"  alt=\"\" uk-img>\n\t<\/div>\t\n\t<div class=\"uk-width-1-1 uk-width-2-3@s uk-width-3-4@m\">\n\t\t<h2>Corporate Health Convention Stuttgart<\/h2>\n\t\t<div>Europ\u00e4ische Fachmesse f\u00fcr betriebliche Gesundheitsf\u00f6rderung und Demografie<\/div>\n\t\t<div>Messe Stuttgart (Landesmesse)<\/div>\n\t\t<div>09.05.2023 - 10.05.2023<\/div><br>\n\t\t\n\t<\/div>\n<\/a>\n\n\t\t\t\t\t\t<a href=\"https:\/\/trustpromotion.de\/en\/messen\/zukunft-personal-sued\/\" class=\"uk-link-reset\" uk-grid>\n\t<div class=\"uk-width-1-1 uk-width-1-3@s uk-width-1-4@m \">\n\t\t<img class=\"lazyload\" data-src=\"https:\/\/trustpromotion.de\/wp-content\/uploads\/2020\/04\/Trustpromotion-Messekalender-Logo-Zukunft-Personal-S\u00fcd.png\" width=\"100%\"  alt=\"\" uk-img>\n\t<\/div>\t\n\t<div class=\"uk-width-1-1 uk-width-2-3@s uk-width-3-4@m\">\n\t\t<h2>Zukunft Personal S\u00fcd<\/h2>\n\t\t<div>das f\u00fchrende Expoevent rund um die Welt der Arbeit in S\u00fcddeutschland<\/div>\n\t\t<div>Messe Stuttgart (Landesmesse)<\/div>\n\t\t<div>09.05.2023 - 10.05.2023<\/div><br>\n\t\t\n\t<\/div>\n<\/a>\n\n\t\t\t\t\t\t<a href=\"https:\/\/trustpromotion.de\/en\/messen\/automotive-topcareer\/\" class=\"uk-link-reset\" uk-grid>\n\t<div class=\"uk-width-1-1 uk-width-1-3@s uk-width-1-4@m \">\n\t\t<img class=\"lazyload\" data-src=\"https:\/\/trustpromotion.de\/wp-content\/uploads\/2022\/03\/TrustPromotion-Messekalender-Logo-17052-automotive-TopCareer.png\" width=\"100%\"  alt=\"\" uk-img>\n\t<\/div>\t\n\t<div class=\"uk-width-1-1 uk-width-2-3@s uk-width-3-4@m\">\n\t\t<h2>automotive TopCareer<\/h2>\n\t\t<div>Die Karrieremesse der Automobil- und Mobilit\u00e4tsbranche<\/div>\n\t\t<div>Wagenhallen Stuttgart<\/div>\n\t\t<div>11.05.2023 - 11.05.2023<\/div><br>\n\t\t\n\t<\/div>\n<\/a>\n\n\t\t\t\t\t\t<a href=\"https:\/\/trustpromotion.de\/en\/messen\/electric-hybrid-vehicle-technology-expo-europe\/\" class=\"uk-link-reset\" uk-grid>\n\t<div class=\"uk-width-1-1 uk-width-1-3@s uk-width-1-4@m \">\n\t\t<img class=\"lazyload\" data-src=\"https:\/\/trustpromotion.de\/wp-content\/uploads\/2020\/04\/Trustpromotion-Messekalender-Logo-electric-hybrid-vehicle-technology-expo-europe.gif\" width=\"100%\"  alt=\"\" uk-img>\n\t<\/div>\t\n\t<div class=\"uk-width-1-1 uk-width-2-3@s uk-width-3-4@m\">\n\t\t<h2>electric &#038; hybrid vehicle technology expo europe<\/h2>\n\t\t<div>Fachmesse f\u00fcr Elektro- & Hybridfahrzeuge<\/div>\n\t\t<div>Messe Stuttgart (Landesmesse)<\/div>\n\t\t<div>23.05.2023 - 25.05.2023<\/div><br>\n\t\t\n\t<\/div>\n<\/a>\n\n\t\t\t\t\t\t<a href=\"https:\/\/trustpromotion.de\/en\/messen\/the-battery-show-europe\/\" class=\"uk-link-reset\" uk-grid>\n\t<div class=\"uk-width-1-1 uk-width-1-3@s uk-width-1-4@m \">\n\t\t<img class=\"lazyload\" data-src=\"https:\/\/trustpromotion.de\/wp-content\/uploads\/2020\/04\/Trustpromotion-Messekalender-Logo-THE-BATTERY-SHOW-EUROPE.png\" width=\"100%\"  alt=\"\" uk-img>\n\t<\/div>\t\n\t<div class=\"uk-width-1-1 uk-width-2-3@s uk-width-3-4@m\">\n\t\t<h2>THE BATTERY SHOW EUROPE<\/h2>\n\t\t<div>Ausstellung und Konferenz<\/div>\n\t\t<div>Messe Stuttgart (Landesmesse)<\/div>\n\t\t<div>23.05.2023 - 25.05.2023<\/div><br>\n\t\t\n\t<\/div>\n<\/a>\n\n\t\t\t\t\t\t<a href=\"https:\/\/trustpromotion.de\/en\/messen\/heise-jobs-it-tag-stuttgart\/\" class=\"uk-link-reset\" uk-grid>\n\t<div class=\"uk-width-1-1 uk-width-1-3@s uk-width-1-4@m \">\n\t\t<img class=\"lazyload\" data-src=\"https:\/\/trustpromotion.de\/wp-content\/uploads\/2022\/02\/TrustPromotion-Messekalender-Logo-21996-IT-Jobtag-Koln.png\" width=\"100%\"  alt=\"\" uk-img>\n\t<\/div>\t\n\t<div class=\"uk-width-1-1 uk-width-2-3@s uk-width-3-4@m\">\n\t\t<h2>heise Jobs IT Tag Stuttgart<\/h2>\n\t\t<div>Jobmesse und Jobevent im IT & MINT Bereich<\/div>\n\t\t<div>Industrie- und Handelskammer IHK Region Stuttgart<\/div>\n\t\t<div>06.06.2023 - 06.06.2023<\/div><br>\n\t\t\n\t<\/div>\n<\/a>\n\n\t\t\t\t\t\t<a href=\"https:\/\/trustpromotion.de\/en\/messen\/automotive-testing-expo-europe\/\" class=\"uk-link-reset\" uk-grid>\n\t<div class=\"uk-width-1-1 uk-width-1-3@s uk-width-1-4@m \">\n\t\t<img class=\"lazyload\" data-src=\"https:\/\/trustpromotion.de\/wp-content\/uploads\/2020\/04\/Trustpromotion-Messekalender-Logo-Automotive-Testing-Expo-Europe.gif\" width=\"100%\"  alt=\"\" uk-img>\n\t<\/div>\t\n\t<div class=\"uk-width-1-1 uk-width-2-3@s uk-width-3-4@m\">\n\t\t<h2>Automotive Testing Expo Europe<\/h2>\n\t\t<div>Internationale Fachmesse f\u00fcr Test-, Pr\u00fcf- und Entwicklungsverfahren in der Automobilindustrie<\/div>\n\t\t<div>Messe Stuttgart (Landesmesse)<\/div>\n\t\t<div>13.06.2023 - 15.06.2023<\/div><br>\n\t\t\n\t<\/div>\n<\/a>\n\n\t\t\t\t\t\t<a href=\"https:\/\/trustpromotion.de\/en\/messen\/moulding-expo\/\" class=\"uk-link-reset\" uk-grid>\n\t<div class=\"uk-width-1-1 uk-width-1-3@s uk-width-1-4@m \">\n\t\t<img class=\"lazyload\" data-src=\"https:\/\/trustpromotion.de\/wp-content\/uploads\/2020\/04\/Trustpromotion-Messekalender-Logo-MOULDING-EXPO.gif\" width=\"100%\"  alt=\"\" uk-img>\n\t<\/div>\t\n\t<div class=\"uk-width-1-1 uk-width-2-3@s uk-width-3-4@m\">\n\t\t<h2>MOULDING EXPO<\/h2>\n\t\t<div>Internationale Fachmesse f\u00fcr Werkzeug-, Modell- und Formenbau<\/div>\n\t\t<div>Messe Stuttgart (Landesmesse)<\/div>\n\t\t<div>13.06.2023 - 16.06.2023<\/div><br>\n\t\t\n\t<\/div>\n<\/a>\n\n\t\t\t\t\t\t<a href=\"https:\/\/trustpromotion.de\/en\/messen\/regionaler-absolventenkongress-stuttgart\/\" class=\"uk-link-reset\" uk-grid>\n\t<div class=\"uk-width-1-1 uk-width-1-3@s uk-width-1-4@m \">\n\t\t<img class=\"lazyload\" data-src=\"https:\/\/trustpromotion.de\/wp-content\/uploads\/2020\/11\/Trustpromotion-Messekalender-Logo-Absolventenkongress-Baden-Wuerttemberg.png\" width=\"100%\"  alt=\"\" uk-img>\n\t<\/div>\t\n\t<div class=\"uk-width-1-1 uk-width-2-3@s uk-width-3-4@m\">\n\t\t<h2>Regionaler Absolventenkongress Stuttgart<\/h2>\n\t\t<div>Jobmesse f\u00fcr Studenten, Absolventen und Young Professionals<\/div>\n\t\t<div>Kultur- & Kongresszentrum Liederhalle<\/div>\n\t\t<div>14.06.2023 - 14.06.2023<\/div><br>\n\t\t\n\t<\/div>\n<\/a>\n\n\t\t\t\t\t\t<a href=\"https:\/\/trustpromotion.de\/en\/messen\/media-tasting\/\" class=\"uk-link-reset\" uk-grid>\n\t<div class=\"uk-width-1-1 uk-width-1-3@s uk-width-1-4@m \">\n\t\t<img class=\"lazyload\" data-src=\"https:\/\/trustpromotion.de\/wp-content\/uploads\/2022\/04\/TrustPromotion-Messekalender-Logo-22086-Media-Tasting.png\" width=\"100%\"  alt=\"\" uk-img>\n\t<\/div>\t\n\t<div class=\"uk-width-1-1 uk-width-2-3@s uk-width-3-4@m\">\n\t\t<h2>Media Tasting<\/h2>\n\t\t<div>Neue Allianzen<\/div>\n\t\t<div>Im Wizemann<\/div>\n\t\t<div>22.06.2023 - 22.06.2023<\/div><br>\n\t\t\n\t<\/div>\n<\/a>\n\n\t\t\t\t\t\t<a href=\"https:\/\/trustpromotion.de\/en\/messen\/vdi-nachrichten-recruiting-tag-stuttgart\/\" class=\"uk-link-reset\" uk-grid>\n\t<div class=\"uk-width-1-1 uk-width-1-3@s uk-width-1-4@m \">\n\t\t<img class=\"lazyload\" data-src=\"https:\/\/trustpromotion.de\/wp-content\/uploads\/2020\/04\/Trustpromotion-Messekalender-Logo-VDI-nachrichten-Recruiting-Tag-D\u00fcsseldorf.gif\" width=\"100%\"  alt=\"\" uk-img>\n\t<\/div>\t\n\t<div class=\"uk-width-1-1 uk-width-2-3@s uk-width-3-4@m\">\n\t\t<h2>VDI nachrichten Recruiting Tag Stuttgart<\/h2>\n\t\t<div>Die Karrieremesse f\u00fcr stellensuchende und wechselwillige Ingenieure<\/div>\n\t\t<div>Kultur- & Kongresszentrum Liederhalle<\/div>\n\t\t<div>22.06.2023 - 22.06.2023<\/div><br>\n\t\t\n\t<\/div>\n<\/a>\n\n\t\t\t\t\t\t<a href=\"https:\/\/trustpromotion.de\/en\/messen\/bonding-firmenkontaktmesse-stuttgart\/\" class=\"uk-link-reset\" uk-grid>\n\t<div class=\"uk-width-1-1 uk-width-1-3@s uk-width-1-4@m \">\n\t\t<img class=\"lazyload\" data-src=\"https:\/\/trustpromotion.de\/wp-content\/uploads\/2020\/04\/Trustpromotion-Messekalender-Logo-bonding-Firmenkontaktmesse-Dresden.gif\" width=\"100%\"  alt=\"\" uk-img>\n\t<\/div>\t\n\t<div class=\"uk-width-1-1 uk-width-2-3@s uk-width-3-4@m\">\n\t\t<h2>bonding Firmenkontaktmesse Stuttgart<\/h2>\n\t\t<div>Messe von Studenten f\u00fcr Studenten<\/div>\n\t\t<div>Universit\u00e4t Stuttgart - Universit\u00e4tsbereich Vaihingen<\/div>\n\t\t<div>27.06.2023 - 29.06.2023<\/div><br>\n\t\t\n\t<\/div>\n<\/a>\n\n\t\t\t\t\t\t<a href=\"https:\/\/trustpromotion.de\/en\/messen\/jubi-stuttgart-die-jugendbildungsmesse\/\" class=\"uk-link-reset\" uk-grid>\n\t<div class=\"uk-width-1-1 uk-width-1-3@s uk-width-1-4@m \">\n\t\t<img class=\"lazyload\" data-src=\"https:\/\/trustpromotion.de\/wp-content\/uploads\/2020\/04\/Trustpromotion-Messekalender-Logo-JuBi-K\u00f6ln-1-Die-JugendBildungsmesse.gif\" width=\"100%\"  alt=\"\" uk-img>\n\t<\/div>\t\n\t<div class=\"uk-width-1-1 uk-width-2-3@s uk-width-3-4@m\">\n\t\t<h2>JuBi Stuttgart &#8211; Die JugendBildungsmesse<\/h2>\n\t\t<div>Messe f\u00fcr Schule, Reisen, Lernen und Leben im Ausland<\/div>\n\t\t<div>Geschwister-Scholl-Gymnasium<\/div>\n\t\t<div>01.07.2023 - 01.07.2023<\/div><br>\n\t\t\n\t<\/div>\n<\/a>\n\n\t\t\t\t\t\t<a href=\"https:\/\/trustpromotion.de\/en\/messen\/vocatium-stuttgart\/\" class=\"uk-link-reset\" uk-grid>\n\t<div class=\"uk-width-1-1 uk-width-1-3@s uk-width-1-4@m \">\n\t\t<img class=\"lazyload\" data-src=\"https:\/\/trustpromotion.de\/wp-content\/uploads\/2020\/04\/Trustpromotion-Messekalender-Logo-vocatium-Flensburg.gif\" width=\"100%\"  alt=\"\" uk-img>\n\t<\/div>\t\n\t<div class=\"uk-width-1-1 uk-width-2-3@s uk-width-3-4@m\">\n\t\t<h2>vocatium Stuttgart<\/h2>\n\t\t<div>Fachmesse f\u00fcr Ausbildung+Studium<\/div>\n\t\t<div>Hanns-Martin-Schleyer-Halle<\/div>\n\t\t<div>06.07.2023 - 07.07.2023<\/div><br>\n\t\t\n\t<\/div>\n<\/a>\n\n\t\t\t\t\t\t<a href=\"https:\/\/trustpromotion.de\/en\/messen\/karrieretag-familienunternehmen-bei-wolff-mueller\/\" class=\"uk-link-reset\" uk-grid>\n\t<div class=\"uk-width-1-1 uk-width-1-3@s uk-width-1-4@m \">\n\t\t<img class=\"lazyload\" data-src=\"https:\/\/trustpromotion.de\/wp-content\/uploads\/2021\/11\/Trustpromotion-Messekalender-Logo-Karrieretag-Familienunternehmen-bei-der-Wuerth-Gruppe.png\" width=\"100%\"  alt=\"\" uk-img>\n\t<\/div>\t\n\t<div class=\"uk-width-1-1 uk-width-2-3@s uk-width-3-4@m\">\n\t\t<h2>Karrieretag Familienunternehmen bei WOLFF &#038; M\u00dcLLER<\/h2>\n\t\t<div>Die Recruiting- und Kontaktmesse f\u00fcr Ihre Karriere im Familienunternehmen<\/div>\n\t\t<div>WOLFF & M\u00dcLLER Holding<\/div>\n\t\t<div>07.07.2023 - 07.07.2023<\/div><br>\n\t\t\n\t<\/div>\n<\/a>\n\n\t\t\t\t\t\t<a href=\"https:\/\/trustpromotion.de\/en\/messen\/home-garden-stuttgart\/\" class=\"uk-link-reset\" uk-grid>\n\t<div class=\"uk-width-1-1 uk-width-1-3@s uk-width-1-4@m \">\n\t\t<img class=\"lazyload\" data-src=\"https:\/\/trustpromotion.de\/wp-content\/uploads\/2020\/11\/Trustpromotion-Messekalender-Logo-Home-Garden-Berlin.png\" width=\"100%\"  alt=\"\" uk-img>\n\t<\/div>\t\n\t<div class=\"uk-width-1-1 uk-width-2-3@s uk-width-3-4@m\">\n\t\t<h2>HOME &#038; GARDEN Stuttgart<\/h2>\n\t\t<div>Ausstellung f\u00fcr exklusiven Lebensgenuss<\/div>\n\t\t<div>Schloss Solitude<\/div>\n\t\t<div>17.08.2023 - 20.08.2023<\/div><br>\n\t\t\n\t<\/div>\n<\/a>\n\n\t\t\t\t\t\t<\/div>\n\t\t\t<div id=\"more-items-container\"><\/div><a href=\"javascript:void(0);\" \n   class=\"load-more\" \n   data-target=\".messen-items\" \n   data-container=\"#more-items-container\" \n   data-no_paging_url=\"\" \n   data-hasmore=\"true\" \n   data-total=\"4\" \n   data-next=\"2\">\n\t+ weitere laden<span uk-spinner=\"ratio:.5;\" class=\"uk-margin-small-left uk-hidden\"><\/span>\n<\/a>\n\t\t\t\n<script>window.onload = (event) => {\n\t(function($){\n\t\t\/\/ disable load more button when attribute dictates there are no more pages\n\t\t$( '.load-more' ).each( function( item ) { if ($(this).attr( 'data-hasmore' ) == 'false') { $(this).remove(); }; } );\n\t\t$( 'body' ).on( 'click' , '.load-more' , function() {\n\t\t\tconst $this = $( this );\n\t\t\t$this.find( \"[uk-spinner]\" ).removeClass( 'uk-hidden' );\n\t\t\tvar next = parseInt($this.attr( 'data-next' )),\n\t\t\t\ttotal = parseInt($this.attr( 'data-total' )); \n\t\t\tvar url = $this.data( 'no_paging_url' );\n\t\t\t\/\/ when no_paging_url is a ?s={searchstring} url \n\t\t\tif ( $this.data( 'no_paging_url' ).includes( '?s=' ) ) {\n\t\t\t\turl = url.replace( '?s=' , `page\/${next}\/?s=` );\n\t\t\t} else {\n\t\t\t\turl += `page\/${next}\/`;\n\t\t\t}\n\t\t\t$( $this.data( 'container' ) ).load( `${url} .messen-items > a` , function() {\n\t\t\t\t\/\/ now move the items from the target to the \n\t\t\t\t$($this.data( 'target' )).append( $($this.data( 'container' )).html() );\n\t\t\t\t$($this.data( 'container' )).html( \"\" );\n\t\t\t\t\/\/ remove if we're already on the last item\n\t\t\t\tif ( next == total ) {\n\t\t\t\t\t$this.remove();\n\t\t\t\t\treturn;\n\t\t\t\t} else {\n\t\t\t\t\t$this.attr( \"data-next\" , next + 1 );\n\t\t\t\t}\n\t\t\t$this.find( \"[uk-spinner]\" ).addClass( 'uk-hidden' );\n\t\t\t} );\n\t\t} );\n\t})(jQuery);\t\n}\n<\/script>\n\n\n\n<p class=\"gb-headline gb-headline-fc165c36 gb-headline-text\"><strong>Hinweis:<\/strong> Messeinformationen werden aktuell nicht in Englisch \u00fcbersetzt und stehen deshalb nur auf der deutschen Seite zur Verf\u00fcgung.<\/p>\n\n\n\n<hr class=\"wp-block-separator has-text-color has-global-color-1-color has-css-opacity has-global-color-1-background-color has-background\"\/>\n\n\n\n<h2 class=\"gb-headline gb-headline-2f768e1d gb-headline-text\">MESSEKALENDER INFORMATIONEN<\/h2>\n\n\n\n<p>Die Messeinformationen Stuttgart [current_year] werden kostenfrei von TRUST Promotion zur Verf\u00fcgung gestellt. Es sind alle Messen, Kongresse, Tagungen, Konferenzen und Symposien, die in der Stadt Stuttgart \/ Messe Stuttgart im Jahr [current_year] stattfinden aufgelistet. Sie finden zu allen Messe- und Veranstaltungsterminen die wichtigsten Informationen wie: Datum, \u00d6ffnungszeiten, Adresse, Eintrittspreise, sowie den Link zur Messe Webseite.<\/p>\n\n\n\n<h2 class=\"gb-headline gb-headline-bb5e5a6f gb-headline-text\">INFORMATIONEN \u00dcBER DIE MESSE Stuttgart [current_year]<\/h2>\n\n\n\n<p>Am zehntgr\u00f6\u00dften Messestandorts Deutschland gibt es eine interessante Mischung an Leitmessen, Publikumsmessen und Fachmessen f\u00fcr die Besucher. Die Messe Stuttgart richtet rund 70 Veranstaltungen unterschiedlichster Branchen j\u00e4hrlich aus.<\/p>\n\n\n\n<p>Zu den bekannten Veranstaltungen am Messestandort Stuttgart geh\u00f6ren die Leitmesse CMT, die Weltleitemesse R+T und die Messe VISION. Doch auch weitere Veranstaltungen wie Intervitis und die Global Connect finden statt.<\/p>\n\n\n\n<p>Es gibt eine Ausstellungsfl\u00e4che von 120.000 m\u00b2. Insgesamt sind 10 Messehallen vorhanden. Au\u00dferdem gibt es das ICS Internationales Congresscenter mit 33 R\u00e4umen f\u00fcr Events. Erw\u00e4hnenswert ist das Freigel\u00e4nde f\u00fcr Open-Air-Veranstaltungen.<\/p>\n\n\n<div class=\"gb-grid-wrapper gb-grid-wrapper-002fe999\">\n<div class=\"gb-grid-column gb-grid-column-9313bb47\"><div class=\"gb-container gb-container-9313bb47\"><div class=\"gb-inside-container\">\n\n<p class=\"gb-headline gb-headline-c214fcf3 gb-headline-text\"><a href=\"https:\/\/trustpromotion.de\/messestadt-Stuttgart\/\">i<\/a><\/p>\n\n<\/div><\/div><\/div>\n\n<div class=\"gb-grid-column gb-grid-column-75e10253\"><div class=\"gb-container gb-container-75e10253\"><div class=\"gb-inside-container\">\n\n<h3 class=\"gb-headline gb-headline-69333ee0 gb-headline-text\"><a href=\"https:\/\/trustpromotion.de\/messestadt-Stuttgart\/\">weitere Informationen zum Messestandort Stuttgart<\/a><\/h3>\n\n\n\n<p class=\"gb-headline gb-headline-26a280b6 gb-headline-text\">Hotels, Parken, Anfahrt und mehr Informationen zur Messe Stuttgart.<\/p>\n\n<\/div><\/div><\/div>\n<\/div>\n<\/div><\/div>","protected":false},"excerpt":{"rendered":"<p>Messen Stuttgart Messetermine, Kongresse und Gastveranstaltungen in Stuttgart mit allen  &#8230;<\/p>","protected":false},"author":6,"featured_media":0,"parent":0,"menu_order":0,"comment_status":"closed","ping_status":"closed","template":"","meta":{"_improvement_type_select":"improve_an_existing","_thumb_yes_seoaic":false,"_frame_yes_seoaic":false,"seoaic_generate_description":"","seoaic_improve_instructions_prompt":"","seoaic_rollback_content_improvement":"","seoaic_idea_thumbnail_generator":"","thumbnail_generated":false,"thumbnail_generate_prompt":"","seoaic_article_description":"","footnotes":""},"p-category":[],"class_list":["post-21852","page","type-page","status-publish","hentry"],"_links":{"self":[{"href":"https:\/\/trustpromotion.de\/en\/wp-json\/wp\/v2\/pages\/21852","targetHints":{"allow":["GET"]}}],"collection":[{"href":"https:\/\/trustpromotion.de\/en\/wp-json\/wp\/v2\/pages"}],"about":[{"href":"https:\/\/trustpromotion.de\/en\/wp-json\/wp\/v2\/types\/page"}],"author":[{"embeddable":true,"href":"https:\/\/trustpromotion.de\/en\/wp-json\/wp\/v2\/users\/6"}],"replies":[{"embeddable":true,"href":"https:\/\/trustpromotion.de\/en\/wp-json\/wp\/v2\/comments?post=21852"}],"version-history":[{"count":0,"href":"https:\/\/trustpromotion.de\/en\/wp-json\/wp\/v2\/pages\/21852\/revisions"}],"wp:attachment":[{"href":"https:\/\/trustpromotion.de\/en\/wp-json\/wp\/v2\/media?parent=21852"}],"wp:term":[{"taxonomy":"p-category","embeddable":true,"href":"https:\/\/trustpromotion.de\/en\/wp-json\/wp\/v2\/p-category?post=21852"}],"curies":[{"name":"wp","href":"https:\/\/api.w.org\/{rel}","templated":true}]}}