{"id":50462,"date":"2022-12-08T12:15:27","date_gmt":"2022-12-08T11:15:27","guid":{"rendered":"https:\/\/staging.trustpromotion.info\/?page_id=50462"},"modified":"2026-02-18T17:05:27","modified_gmt":"2026-02-18T16:05:27","slug":"leipzig","status":"publish","type":"page","link":"https:\/\/trustpromotion.de\/en\/promotion-agency\/leipzig\/","title":{"rendered":"promotion agency leipzig"},"content":{"rendered":"<div class=\"fusion-fullwidth fullwidth-box fusion-builder-row-1 fusion-flex-container has-pattern-background has-mask-background nonhundred-percent-fullwidth non-hundred-percent-height-scrolling\" style=\"--awb-border-radius-top-left:0px;--awb-border-radius-top-right:0px;--awb-border-radius-bottom-right:0px;--awb-border-radius-bottom-left:0px;--awb-padding-top:120px;--awb-flex-wrap:wrap;\" ><div class=\"fusion-builder-row fusion-row fusion-flex-align-items-flex-start fusion-flex-justify-content-center fusion-flex-content-wrap\" style=\"max-width:1352px;margin-left: calc(-4% \/ 2 );margin-right: calc(-4% \/ 2 );\"><div class=\"fusion-layout-column fusion_builder_column fusion-builder-column-0 fusion_builder_column_1_1 1_1 fusion-flex-column\" style=\"--awb-bg-size:cover;--awb-width-large:100%;--awb-margin-top-large:0px;--awb-spacing-right-large:1.92%;--awb-margin-bottom-large:20px;--awb-spacing-left-large:1.92%;--awb-width-medium:100%;--awb-order-medium:0;--awb-spacing-right-medium:1.92%;--awb-spacing-left-medium:1.92%;--awb-width-small:100%;--awb-order-small:0;--awb-spacing-right-small:1.92%;--awb-spacing-left-small:1.92%;\"><div class=\"fusion-column-wrapper fusion-column-has-shadow fusion-flex-justify-content-flex-start fusion-content-layout-column\"><div class=\"container\">\r\n<div class=\"row\">\r\n\r\n<div class=\"col-12\"><h1>TRUST Promotion is your promotion agency in Leipzig<\/h1><\/div>\r\n<div class=\"col-12\"><h2>Promotion personnel and walking acts for Leipzig<\/h2><\/div>\r\n<div class=\"col-12\"><p>TRUST Promotion ist eine sehr gute Wahl f\u00fcr Leipziger Unternehmen, die professionelles Promotion-Personal und Walking-Acts mieten m\u00f6chten. Unsere langj\u00e4hrige Erfahrung und unser engagiertes Team erm\u00f6glichen ma\u00dfgeschneiderte L\u00f6sungen und hervorragenden Service f\u00fcr effektive und aufsehenerregende Werbekampagnen.<\/p><\/div>\r\n\r\n<div class=\"col-12\"><h3><strong>Our services in Leipzig<\/strong><\/h3><\/div>\r\n<div class=\"col-6\">\r\n\t<h4>Product sampling in Leipzig<\/h4>\r\n\t<p>With our customised product sampling campaigns, you can draw the attention of potential customers to your brand and strengthen your market presence.<\/p>\r\n<\/div>\r\n<div class=\"col-6\">\r\n\t<h4>Flyer distribution campaigns in Leipzig<\/h4>\r\n\t<p>Increase awareness of your company and promote interest among potential customers with our customised flyer distribution campaigns.<\/p>\r\n<\/div>\r\n<div class=\"col-6\">\r\n\t<h4>Direct sales in Leipzig<\/h4>\r\n\t<p>Raise awareness of your products and promote interest among potential customers with our customised direct sales campaigns.<\/p>\r\n<\/div>\r\n<div class=\"col-6\">\r\n\t<h4>Costume promotions in Leipzig<\/h4>\r\n\t<p>Achieve greater brand awareness and strengthen your competitive presence with our eye-catching and targeted costume promotion campaigns.<\/p>\r\n<\/div>\r\n<div class=\"col-6\">\r\n\t<h4>Competitions in Leipzig<\/h4>\r\n\t<p>Use our original competition strategies to present your company in an entertaining way and gain new customers in the long term.<\/p>\r\n<\/div>\r\n<div class=\"col-6\">\r\n\t<h4>Surveys in Leipzig<\/h4>\r\n\t<p>Gather important information about your target group and stimulate the interest of potential customers with our customised and appealing survey campaigns.<\/p>\r\n<\/div>\r\n<div class=\"col-6\">\r\n\t<h4>Vehicle promotions in Leipzig<\/h4>\r\n\t<p>Raise awareness of your brand and encourage the interest of potential customers with our customised and creative vehicle promotion campaigns.<\/p>\r\n<\/div>\r\n<div class=\"col-12\"><p>Promotion agency in Leipzig<\/p><\/div>\r\n<\/div><\/div><\/div><\/div><\/div><\/div>","protected":false},"excerpt":{"rendered":"","protected":false},"author":6,"featured_media":0,"parent":57301,"menu_order":0,"comment_status":"closed","ping_status":"closed","template":"100-width.php","meta":{"_improvement_type_select":"improve_an_existing","_thumb_yes_seoaic":false,"_frame_yes_seoaic":false,"seoaic_generate_description":"","seoaic_improve_instructions_prompt":"","seoaic_rollback_content_improvement":"","seoaic_idea_thumbnail_generator":"","thumbnail_generated":false,"thumbnail_generate_prompt":"","seoaic_article_description":"","footnotes":""},"p-category":[1851],"class_list":["post-50462","page","type-page","status-publish","hentry","p-category-promotion-agentur-cities"],"_links":{"self":[{"href":"https:\/\/trustpromotion.de\/en\/wp-json\/wp\/v2\/pages\/50462","targetHints":{"allow":["GET"]}}],"collection":[{"href":"https:\/\/trustpromotion.de\/en\/wp-json\/wp\/v2\/pages"}],"about":[{"href":"https:\/\/trustpromotion.de\/en\/wp-json\/wp\/v2\/types\/page"}],"author":[{"embeddable":true,"href":"https:\/\/trustpromotion.de\/en\/wp-json\/wp\/v2\/users\/6"}],"replies":[{"embeddable":true,"href":"https:\/\/trustpromotion.de\/en\/wp-json\/wp\/v2\/comments?post=50462"}],"version-history":[{"count":0,"href":"https:\/\/trustpromotion.de\/en\/wp-json\/wp\/v2\/pages\/50462\/revisions"}],"up":[{"embeddable":true,"href":"https:\/\/trustpromotion.de\/en\/wp-json\/wp\/v2\/pages\/57301"}],"wp:attachment":[{"href":"https:\/\/trustpromotion.de\/en\/wp-json\/wp\/v2\/media?parent=50462"}],"wp:term":[{"taxonomy":"p-category","embeddable":true,"href":"https:\/\/trustpromotion.de\/en\/wp-json\/wp\/v2\/p-category?post=50462"}],"curies":[{"name":"wp","href":"https:\/\/api.w.org\/{rel}","templated":true}]}}