{"id":50472,"date":"2022-12-08T12:21:31","date_gmt":"2022-12-08T11:21:31","guid":{"rendered":"https:\/\/staging.trustpromotion.info\/?page_id=50472"},"modified":"2026-02-18T17:05:43","modified_gmt":"2026-02-18T16:05:43","slug":"nuernberg","status":"publish","type":"page","link":"https:\/\/trustpromotion.de\/en\/promotion-agency\/nuremberg\/","title":{"rendered":"promotion agency nuremberg"},"content":{"rendered":"<div class=\"fusion-fullwidth fullwidth-box fusion-builder-row-1 fusion-flex-container has-pattern-background has-mask-background nonhundred-percent-fullwidth non-hundred-percent-height-scrolling\" style=\"--awb-border-radius-top-left:0px;--awb-border-radius-top-right:0px;--awb-border-radius-bottom-right:0px;--awb-border-radius-bottom-left:0px;--awb-padding-top:120px;--awb-flex-wrap:wrap;\" ><div class=\"fusion-builder-row fusion-row fusion-flex-align-items-flex-start fusion-flex-justify-content-center fusion-flex-content-wrap\" style=\"max-width:1352px;margin-left: calc(-4% \/ 2 );margin-right: calc(-4% \/ 2 );\"><div class=\"fusion-layout-column fusion_builder_column fusion-builder-column-0 fusion_builder_column_1_1 1_1 fusion-flex-column\" style=\"--awb-bg-size:cover;--awb-width-large:100%;--awb-margin-top-large:0px;--awb-spacing-right-large:1.92%;--awb-margin-bottom-large:20px;--awb-spacing-left-large:1.92%;--awb-width-medium:100%;--awb-order-medium:0;--awb-spacing-right-medium:1.92%;--awb-spacing-left-medium:1.92%;--awb-width-small:100%;--awb-order-small:0;--awb-spacing-right-small:1.92%;--awb-spacing-left-small:1.92%;\"><div class=\"fusion-column-wrapper fusion-column-has-shadow fusion-flex-justify-content-flex-start fusion-content-layout-column\"><div class=\"container\">\r\n<div class=\"row\">\r\n\r\n<div class=\"col-12\"><h1>TRUST Promotion is your promotion agency in Nuremberg<\/h1><\/div>\r\n<div class=\"col-12\"><h2>Promotion personnel and walking acts for Nuremberg<\/h2><\/div>\r\n<div class=\"col-12\"><p>TRUST Promotion ist eine sehr gute Wahl f\u00fcr N\u00fcrnberger Unternehmen, die kompetentes Promotion-Personal und Walking-Acts mieten m\u00f6chten. Als erfahrene Promotion-Agentur \u00fcberzeugen wir mit engagierten Mitarbeitern, ma\u00dfgeschneiderten L\u00f6sungen und herausragendem Service f\u00fcr wirkungsvolle und aufmerksamkeitsstarke Kampagnen.<\/p><\/div>\r\n\r\n<div class=\"col-12\"><h3><strong>Our services in Nuremberg<\/strong><\/h3><\/div>\r\n<div class=\"col-6\">\r\n\t<h4>Product sampling in Nuremberg<\/h4>\r\n\t<p>Use our innovative product sampling strategies to focus attention on your products and attract new customers in the long term.<\/p>\r\n<\/div>\r\n<div class=\"col-6\">\r\n\t<h4>Flyer distribution campaigns in Nuremberg<\/h4>\r\n\t<p>With our targeted flyer distribution campaigns and qualified promotional staff, you can spread your message effectively and professionally.<\/p>\r\n<\/div>\r\n<div class=\"col-6\">\r\n\t<h4>Direct sales in Nuremberg<\/h4>\r\n\t<p>With our targeted direct sales campaigns and experienced promotional staff, you can present your company in the best possible way and increase your sales.<\/p>\r\n<\/div>\r\n<div class=\"col-6\">\r\n\t<h4>Costume promotions in Nuremberg<\/h4>\r\n\t<p>With our targeted costume promotion campaigns and experienced promotion staff, you can spread your message in an eye-catching and professional manner.<\/p>\r\n<\/div>\r\n<div class=\"col-6\">\r\n\t<h4>Raffles in Nuremberg<\/h4>\r\n\t<p>Promote interest in your products and increase customer loyalty with efficient and exciting competition promotions.<\/p>\r\n<\/div>\r\n<div class=\"col-6\">\r\n\t<h4>Surveys in Nuremberg<\/h4>\r\n\t<p>With our targeted survey campaigns and experienced promotional staff, you can gain valuable insights into the needs of your target group.<\/p>\r\n<\/div>\r\n<div class=\"col-6\">\r\n\t<h4>Vehicle promotions in Nuremberg<\/h4>\r\n\t<p>With our targeted vehicle promotion campaigns and experienced promotion staff, you can spread your message in an eye-catching and professional manner.<\/p>\r\n<\/div>\r\n<div class=\"col-12\"><p>Promotion agency in Nuremberg<\/p><\/div>\r\n<\/div><\/div><\/div><\/div><\/div><\/div>","protected":false},"excerpt":{"rendered":"","protected":false},"author":6,"featured_media":0,"parent":57301,"menu_order":0,"comment_status":"closed","ping_status":"closed","template":"100-width.php","meta":{"_improvement_type_select":"improve_an_existing","_thumb_yes_seoaic":false,"_frame_yes_seoaic":false,"seoaic_generate_description":"","seoaic_improve_instructions_prompt":"","seoaic_rollback_content_improvement":"","seoaic_idea_thumbnail_generator":"","thumbnail_generated":false,"thumbnail_generate_prompt":"","seoaic_article_description":"","footnotes":""},"p-category":[1851],"class_list":["post-50472","page","type-page","status-publish","hentry","p-category-promotion-agentur-cities"],"_links":{"self":[{"href":"https:\/\/trustpromotion.de\/en\/wp-json\/wp\/v2\/pages\/50472","targetHints":{"allow":["GET"]}}],"collection":[{"href":"https:\/\/trustpromotion.de\/en\/wp-json\/wp\/v2\/pages"}],"about":[{"href":"https:\/\/trustpromotion.de\/en\/wp-json\/wp\/v2\/types\/page"}],"author":[{"embeddable":true,"href":"https:\/\/trustpromotion.de\/en\/wp-json\/wp\/v2\/users\/6"}],"replies":[{"embeddable":true,"href":"https:\/\/trustpromotion.de\/en\/wp-json\/wp\/v2\/comments?post=50472"}],"version-history":[{"count":0,"href":"https:\/\/trustpromotion.de\/en\/wp-json\/wp\/v2\/pages\/50472\/revisions"}],"up":[{"embeddable":true,"href":"https:\/\/trustpromotion.de\/en\/wp-json\/wp\/v2\/pages\/57301"}],"wp:attachment":[{"href":"https:\/\/trustpromotion.de\/en\/wp-json\/wp\/v2\/media?parent=50472"}],"wp:term":[{"taxonomy":"p-category","embeddable":true,"href":"https:\/\/trustpromotion.de\/en\/wp-json\/wp\/v2\/p-category?post=50472"}],"curies":[{"name":"wp","href":"https:\/\/api.w.org\/{rel}","templated":true}]}}