{"id":21810,"date":"2019-12-22T16:12:58","date_gmt":"2019-12-22T15:12:58","guid":{"rendered":"https:\/\/staging.trustpromotion.info\/?page_id=21810"},"modified":"2024-04-08T11:19:00","modified_gmt":"2024-04-08T09:19:00","slug":"messen-in-duesseldorf","status":"publish","type":"page","link":"https:\/\/trustpromotion.de\/pl\/targi-w-duesseldorfie-2\/","title":{"rendered":"Targi w D\u00fcsseldorfie"},"content":{"rendered":"<div class=\"gb-container gb-container-67121715 gb-container-main-container\"><div class=\"gb-inside-container\">\n\n<h1 class=\"gb-headline gb-headline-fdbdf7dc gb-headline-text\">Messen D\u00fcsseldorf<\/h1>\n\n\n\n<h3 class=\"gb-headline gb-headline-e5c45d9b gb-headline-text\">Messetermine, Kongresse und Gastveranstaltungen <br>in D\u00fcsseldorf mit allen wichtigen Informationen.<\/h3>\n\n\n\n<hr class=\"wp-block-separator has-text-color has-global-color-1-color has-css-opacity has-global-color-1-background-color has-background\"\/>\n\n\n\t\t\t\t\t\t\t\t\t\t\t\t\t\t<div class=\"uk-margin-top messen-items\">\n\t\t\t\t\t\t<a href=\"https:\/\/trustpromotion.de\/pl\/messen\/interbride\/\" class=\"uk-link-reset\" uk-grid>\n\t<div class=\"uk-width-1-1 uk-width-1-3@s uk-width-1-4@m \">\n\t\t<img class=\"lazyload\" data-src=\"https:\/\/trustpromotion.de\/wp-content\/uploads\/2020\/04\/Trustpromotion-Messekalender-Logo-INTERBRIDE.gif\" width=\"100%\"  alt=\"\" uk-img>\n\t<\/div>\t\n\t<div class=\"uk-width-1-1 uk-width-2-3@s uk-width-3-4@m\">\n\t\t<h2>INTERBRIDE<\/h2>\n\t\t<div>Fachmesse f\u00fcr Hochzeits-, Braut- und Eventmoden<\/div>\n\t\t<div>Messe D\u00fcsseldorf<\/div>\n\t\t<div>22.05.2022 - 24.05.2022<\/div><br>\n\t\t\n\t<\/div>\n<\/a>\n\n\t\t\t\t\t\t<a href=\"https:\/\/trustpromotion.de\/pl\/messen\/components-for-processing-and-packaging\/\" class=\"uk-link-reset\" uk-grid>\n\t<div class=\"uk-width-1-1 uk-width-1-3@s uk-width-1-4@m \">\n\t\t<img class=\"lazyload\" data-src=\"https:\/\/trustpromotion.de\/wp-content\/uploads\/2020\/04\/Trustpromotion-Messekalender-Logo-components-for-processing-and-packaging.gif\" width=\"100%\"  alt=\"\" uk-img>\n\t<\/div>\t\n\t<div class=\"uk-width-1-1 uk-width-2-3@s uk-width-3-4@m\">\n\t\t<h2>components for processing and packaging<\/h2>\n\t\t<div>Messe f\u00fcr Komponenten und Automatisierungsl\u00f6sungen f\u00fcr die Verpackungsindustrie<\/div>\n\t\t<div>Messe D\u00fcsseldorf<\/div>\n\t\t<div>04.05.2023 - 10.05.2023<\/div><br>\n\t\t\n\t<\/div>\n<\/a>\n\n\t\t\t\t\t\t<a href=\"https:\/\/trustpromotion.de\/pl\/messen\/interpack-processes-and-packaging\/\" class=\"uk-link-reset\" uk-grid>\n\t<div class=\"uk-width-1-1 uk-width-1-3@s uk-width-1-4@m \">\n\t\t<img class=\"lazyload\" data-src=\"https:\/\/trustpromotion.de\/wp-content\/uploads\/2020\/04\/Trustpromotion-Messekalender-Logo-interpack-Processes-and-Packaging.gif\" width=\"100%\"  alt=\"\" uk-img>\n\t<\/div>\t\n\t<div class=\"uk-width-1-1 uk-width-2-3@s uk-width-3-4@m\">\n\t\t<h2>interpack Processes and Packaging<\/h2>\n\t\t<div>Internationale Messe f\u00fcr Verpackungsmaschinen und Packmittel<\/div>\n\t\t<div>Messe D\u00fcsseldorf<\/div>\n\t\t<div>04.05.2023 - 10.05.2023<\/div><br>\n\t\t\n\t<\/div>\n<\/a>\n\n\t\t\t\t\t\t<a href=\"https:\/\/trustpromotion.de\/pl\/messen\/jobmesse-duesseldorf\/\" class=\"uk-link-reset\" uk-grid>\n\t<div class=\"uk-width-1-1 uk-width-1-3@s uk-width-1-4@m \">\n\t\t<img class=\"lazyload\" data-src=\"https:\/\/trustpromotion.de\/wp-content\/uploads\/2020\/11\/Trustpromotion-Messekalender-Logo-jobmesse-duesseldorf.png\" width=\"100%\"  alt=\"\" uk-img>\n\t<\/div>\t\n\t<div class=\"uk-width-1-1 uk-width-2-3@s uk-width-3-4@m\">\n\t\t<h2>jobmesse d\u00fcsseldorf<\/h2>\n\t\t<div>Messe f\u00fcr Beruf, Ausbildung Trainee und Praktika<\/div>\n\t\t<div>Mitsubishi Electric HALLE<\/div>\n\t\t<div>06.05.2023 - 07.05.2023<\/div><br>\n\t\t\n\t<\/div>\n<\/a>\n\n\t\t\t\t\t\t<a href=\"https:\/\/trustpromotion.de\/pl\/messen\/campusmesse-recruitingtag\/\" class=\"uk-link-reset\" uk-grid>\n\t<div class=\"uk-width-1-1 uk-width-1-3@s uk-width-1-4@m \">\n\t\t<img class=\"lazyload\" data-src=\"https:\/\/trustpromotion.de\/wp-content\/uploads\/2020\/04\/Trustpromotion-Messekalender-Logo-CAMPUSMESSE-RECRUITINGTAG.gif\" width=\"100%\"  alt=\"\" uk-img>\n\t<\/div>\t\n\t<div class=\"uk-width-1-1 uk-width-2-3@s uk-width-3-4@m\">\n\t\t<h2>CAMPUSMESSE: RECRUITINGTAG<\/h2>\n\t\t<div>Recruitingmesse f\u00fcr Studierende<\/div>\n\t\t<div>Heinrich-Heine-Universit\u00e4t-D\u00fcsseldorf<\/div>\n\t\t<div>10.05.2023 - 10.05.2023<\/div><br>\n\t\t\n\t<\/div>\n<\/a>\n\n\t\t\t\t\t\t<a href=\"https:\/\/trustpromotion.de\/pl\/messen\/veu-kongress\/\" class=\"uk-link-reset\" uk-grid>\n\t<div class=\"uk-width-1-1 uk-width-1-3@s uk-width-1-4@m \">\n\t\t<img class=\"lazyload\" data-src=\"https:\/\/trustpromotion.de\/wp-content\/uploads\/2020\/04\/Trustpromotion-Messekalender-Logo-Diva.jpg\" width=\"100%\"  alt=\"\" uk-img>\n\t<\/div>\t\n\t<div class=\"uk-width-1-1 uk-width-2-3@s uk-width-3-4@m\">\n\t\t<h2>VEU Kongress<\/h2>\n\t\t<div>f\u00fcr Unternehmer, die es wissen wollen<\/div>\n\t\t<div>Schl\u00f6sser Quartier Boh\u00e9me<\/div>\n\t\t<div>12.05.2023 - 12.05.2023<\/div><br>\n\t\t\n\t<\/div>\n<\/a>\n\n\t\t\t\t\t\t<a href=\"https:\/\/trustpromotion.de\/pl\/messen\/print-digital-convention\/\" class=\"uk-link-reset\" uk-grid>\n\t<div class=\"uk-width-1-1 uk-width-1-3@s uk-width-1-4@m \">\n\t\t<img class=\"lazyload\" data-src=\"https:\/\/trustpromotion.de\/wp-content\/uploads\/2021\/09\/Trustpromotion-Messekalender-Logo-PRINT-DIGITAL-CONVENTION.png\" width=\"100%\"  alt=\"\" uk-img>\n\t<\/div>\t\n\t<div class=\"uk-width-1-1 uk-width-2-3@s uk-width-3-4@m\">\n\t\t<h2>PRINT &#038; DIGITAL CONVENTION<\/h2>\n\t\t<div>Kongress-Messe f\u00fcr L\u00f6sungen f\u00fcr Multichannel-Marketing<\/div>\n\t\t<div>CCD Congress Center D\u00fcsseldorf<\/div>\n\t\t<div>16.05.2023 - 17.05.2023<\/div><br>\n\t\t\n\t<\/div>\n<\/a>\n\n\t\t\t\t\t\t<a href=\"https:\/\/trustpromotion.de\/pl\/messen\/cam\/\" class=\"uk-link-reset\" uk-grid>\n\t<div class=\"uk-width-1-1 uk-width-1-3@s uk-width-1-4@m \">\n\t\t<img class=\"lazyload\" data-src=\"https:\/\/trustpromotion.de\/wp-content\/uploads\/2020\/04\/Trustpromotion-Messekalender-Logo-CAM.gif\" width=\"100%\"  alt=\"\" uk-img>\n\t<\/div>\t\n\t<div class=\"uk-width-1-1 uk-width-2-3@s uk-width-3-4@m\">\n\t\t<h2>CAM<\/h2>\n\t\t<div>Europ\u00e4ische Fachmesse f\u00fcr komplement\u00e4re und alternative Medizin<\/div>\n\t\t<div>CCD Congress Center D\u00fcsseldorf<\/div>\n\t\t<div>20.05.2023 - 20.05.2023<\/div><br>\n\t\t\n\t<\/div>\n<\/a>\n\n\t\t\t\t\t\t<a href=\"https:\/\/trustpromotion.de\/pl\/messen\/deutscher-heilpraktikertag-dht\/\" class=\"uk-link-reset\" uk-grid>\n\t<div class=\"uk-width-1-1 uk-width-1-3@s uk-width-1-4@m \">\n\t\t<img class=\"lazyload\" data-src=\"https:\/\/trustpromotion.de\/wp-content\/uploads\/2020\/04\/Trustpromotion-Messekalender-Logo-Deutscher-Heilpraktikertag-DHT.gif\" width=\"100%\"  alt=\"\" uk-img>\n\t<\/div>\t\n\t<div class=\"uk-width-1-1 uk-width-2-3@s uk-width-3-4@m\">\n\t\t<h2>Deutscher Heilpraktikertag (DHT)<\/h2>\n\t\t<div>Fachveranstaltung f\u00fcr Heilpraktiker, Schulmediziner, Therapeuten & Heilpraktikeranw\u00e4rter<\/div>\n\t\t<div>CCD Congress Center D\u00fcsseldorf<\/div>\n\t\t<div>20.05.2023 - 20.05.2023<\/div><br>\n\t\t\n\t<\/div>\n<\/a>\n\n\t\t\t\t\t\t<a href=\"https:\/\/trustpromotion.de\/pl\/messen\/contra\/\" class=\"uk-link-reset\" uk-grid>\n\t<div class=\"uk-width-1-1 uk-width-1-3@s uk-width-1-4@m \">\n\t\t<img class=\"lazyload\" data-src=\"https:\/\/trustpromotion.de\/wp-content\/uploads\/2020\/11\/Trustpromotion-Messekalender-Logo-Contra.png\" width=\"100%\"  alt=\"\" uk-img>\n\t<\/div>\t\n\t<div class=\"uk-width-1-1 uk-width-2-3@s uk-width-3-4@m\">\n\t\t<h2>Contra<\/h2>\n\t\t<div>Exzellentes Marketing f\u00fcr mehr Umsatz<\/div>\n\t\t<div>Mitsubishi Electric HALLE<\/div>\n\t\t<div>24.05.2023 - 25.05.2023<\/div><br>\n\t\t\n\t<\/div>\n<\/a>\n\n\t\t\t\t\t\t<a href=\"https:\/\/trustpromotion.de\/pl\/messen\/die-grosse\/\" class=\"uk-link-reset\" uk-grid>\n\t<div class=\"uk-width-1-1 uk-width-1-3@s uk-width-1-4@m \">\n\t\t<img class=\"lazyload\" data-src=\"https:\/\/trustpromotion.de\/wp-content\/uploads\/2020\/04\/Trustpromotion-Messekalender-Logo-DIE-GROSSE.gif\" width=\"100%\"  alt=\"\" uk-img>\n\t<\/div>\t\n\t<div class=\"uk-width-1-1 uk-width-2-3@s uk-width-3-4@m\">\n\t\t<h2>DIE GROSSE<\/h2>\n\t\t<div>Kunstmesse D\u00fcsseldorf - Die gro\u00dfe Kunstausstellung D\u00fcsseldorf NRW<\/div>\n\t\t<div>Museum Kunstpalast<\/div>\n\t\t<div>04.06.2023 - 09.07.2023<\/div><br>\n\t\t\n\t<\/div>\n<\/a>\n\n\t\t\t\t\t\t<a href=\"https:\/\/trustpromotion.de\/pl\/messen\/green-world-tour-duesseldorf\/\" class=\"uk-link-reset\" uk-grid>\n\t<div class=\"uk-width-1-1 uk-width-1-3@s uk-width-1-4@m \">\n\t\t<img class=\"lazyload\" data-src=\"https:\/\/trustpromotion.de\/wp-content\/uploads\/2020\/04\/Trustpromotion-Messekalender-Logo-Green-World-Tour-Berlin.gif\" width=\"100%\"  alt=\"\" uk-img>\n\t<\/div>\t\n\t<div class=\"uk-width-1-1 uk-width-2-3@s uk-width-3-4@m\">\n\t\t<h2>Green World Tour D\u00fcsseldorf<\/h2>\n\t\t<div>Messe f\u00fcr nachhaltige Produkte, Technologien und Konzepte<\/div>\n\t\t<div>Sch\u00fctzenplatz am Rather Broich<\/div>\n\t\t<div>10.06.2023 - 11.06.2023<\/div><br>\n\t\t\n\t<\/div>\n<\/a>\n\n\t\t\t\t\t\t<a href=\"https:\/\/trustpromotion.de\/pl\/messen\/self-publishing-day\/\" class=\"uk-link-reset\" uk-grid>\n\t<div class=\"uk-width-1-1 uk-width-1-3@s uk-width-1-4@m \">\n\t\t<img class=\"lazyload\" data-src=\"https:\/\/trustpromotion.de\/wp-content\/uploads\/2020\/04\/Trustpromotion-Messekalender-Logo-Self-Publishing-Day.gif\" width=\"100%\"  alt=\"\" uk-img>\n\t<\/div>\t\n\t<div class=\"uk-width-1-1 uk-width-2-3@s uk-width-3-4@m\">\n\t\t<h2>Self-Publishing-Day<\/h2>\n\t\t<div>Kompetenz f\u00fcr Autoren<\/div>\n\t\t<div>DJH Jugendherberge D\u00fcsseldorf<\/div>\n\t\t<div>10.06.2023 - 10.06.2023<\/div><br>\n\t\t\n\t<\/div>\n<\/a>\n\n\t\t\t\t\t\t<a href=\"https:\/\/trustpromotion.de\/pl\/messen\/gifa\/\" class=\"uk-link-reset\" uk-grid>\n\t<div class=\"uk-width-1-1 uk-width-1-3@s uk-width-1-4@m \">\n\t\t<img class=\"lazyload\" data-src=\"https:\/\/trustpromotion.de\/wp-content\/uploads\/2020\/04\/Trustpromotion-Messekalender-Logo-GIFA.gif\" width=\"100%\"  alt=\"\" uk-img>\n\t<\/div>\t\n\t<div class=\"uk-width-1-1 uk-width-2-3@s uk-width-3-4@m\">\n\t\t<h2>GIFA<\/h2>\n\t\t<div>Internationale Gie\u00dferei-Fachmesse mit WFO Technical Forum<\/div>\n\t\t<div>Messe D\u00fcsseldorf<\/div>\n\t\t<div>12.06.2023 - 16.06.2023<\/div><br>\n\t\t\n\t<\/div>\n<\/a>\n\n\t\t\t\t\t\t<a href=\"https:\/\/trustpromotion.de\/pl\/messen\/metec\/\" class=\"uk-link-reset\" uk-grid>\n\t<div class=\"uk-width-1-1 uk-width-1-3@s uk-width-1-4@m \">\n\t\t<img class=\"lazyload\" data-src=\"https:\/\/trustpromotion.de\/wp-content\/uploads\/2020\/04\/Trustpromotion-Messekalender-Logo-METEC.gif\" width=\"100%\"  alt=\"\" uk-img>\n\t<\/div>\t\n\t<div class=\"uk-width-1-1 uk-width-2-3@s uk-width-3-4@m\">\n\t\t<h2>METEC<\/h2>\n\t\t<div>Internationale Metallurgie-Fachmesse mit Kongressen<\/div>\n\t\t<div>Messe D\u00fcsseldorf<\/div>\n\t\t<div>12.06.2023 - 16.06.2023<\/div><br>\n\t\t\n\t<\/div>\n<\/a>\n\n\t\t\t\t\t\t<a href=\"https:\/\/trustpromotion.de\/pl\/messen\/newcast\/\" class=\"uk-link-reset\" uk-grid>\n\t<div class=\"uk-width-1-1 uk-width-1-3@s uk-width-1-4@m \">\n\t\t<img class=\"lazyload\" data-src=\"https:\/\/trustpromotion.de\/wp-content\/uploads\/2020\/04\/Trustpromotion-Messekalender-Logo-NEWCAST.gif\" width=\"100%\"  alt=\"\" uk-img>\n\t<\/div>\t\n\t<div class=\"uk-width-1-1 uk-width-2-3@s uk-width-3-4@m\">\n\t\t<h2>NEWCAST<\/h2>\n\t\t<div>Internationale Fachmesse f\u00fcr Gussprodukte mit Newcast-Forum<\/div>\n\t\t<div>Messe D\u00fcsseldorf<\/div>\n\t\t<div>12.06.2023 - 16.06.2023<\/div><br>\n\t\t\n\t<\/div>\n<\/a>\n\n\t\t\t\t\t\t<a href=\"https:\/\/trustpromotion.de\/pl\/messen\/thermprocess\/\" class=\"uk-link-reset\" uk-grid>\n\t<div class=\"uk-width-1-1 uk-width-1-3@s uk-width-1-4@m \">\n\t\t<img class=\"lazyload\" data-src=\"https:\/\/trustpromotion.de\/wp-content\/uploads\/2020\/04\/Trustpromotion-Messekalender-Logo-THERMPROCESS.gif\" width=\"100%\"  alt=\"\" uk-img>\n\t<\/div>\t\n\t<div class=\"uk-width-1-1 uk-width-2-3@s uk-width-3-4@m\">\n\t\t<h2>THERMPROCESS<\/h2>\n\t\t<div>Internationale Fachmesse und Symposium f\u00fcr die Thermprozesstechnik<\/div>\n\t\t<div>Messe D\u00fcsseldorf<\/div>\n\t\t<div>12.06.2023 - 16.06.2023<\/div><br>\n\t\t\n\t<\/div>\n<\/a>\n\n\t\t\t\t\t\t<a href=\"https:\/\/trustpromotion.de\/pl\/messen\/vocatium-duesseldorf\/\" class=\"uk-link-reset\" uk-grid>\n\t<div class=\"uk-width-1-1 uk-width-1-3@s uk-width-1-4@m \">\n\t\t<img class=\"lazyload\" data-src=\"https:\/\/trustpromotion.de\/wp-content\/uploads\/2020\/04\/Trustpromotion-Messekalender-Logo-vocatium-Flensburg.gif\" width=\"100%\"  alt=\"\" uk-img>\n\t<\/div>\t\n\t<div class=\"uk-width-1-1 uk-width-2-3@s uk-width-3-4@m\">\n\t\t<h2>vocatium D\u00fcsseldorf<\/h2>\n\t\t<div>Fachmesse f\u00fcr Ausbildung+Studium<\/div>\n\t\t<div>Mitsubishi Electric HALLE<\/div>\n\t\t<div>13.06.2023 - 14.06.2023<\/div><br>\n\t\t\n\t<\/div>\n<\/a>\n\n\t\t\t\t\t\t<a href=\"https:\/\/trustpromotion.de\/pl\/messen\/dokomi\/\" class=\"uk-link-reset\" uk-grid>\n\t<div class=\"uk-width-1-1 uk-width-1-3@s uk-width-1-4@m \">\n\t\t<img class=\"lazyload\" data-src=\"https:\/\/trustpromotion.de\/wp-content\/uploads\/2020\/04\/Trustpromotion-Messekalender-Logo-DoKomi.gif\" width=\"100%\"  alt=\"\" uk-img>\n\t<\/div>\t\n\t<div class=\"uk-width-1-1 uk-width-2-3@s uk-width-3-4@m\">\n\t\t<h2>DoKomi<\/h2>\n\t\t<div>Die Anime-, Manga und Japan-Convention in D\u00fcsseldorf<\/div>\n\t\t<div>CCD Congress Center D\u00fcsseldorf<\/div>\n\t\t<div>30.06.2023 - 02.07.2023<\/div><br>\n\t\t\n\t<\/div>\n<\/a>\n\n\t\t\t\t\t\t<a href=\"https:\/\/trustpromotion.de\/pl\/messen\/supreme-womenmen-duesseldorf\/\" class=\"uk-link-reset\" uk-grid>\n\t<div class=\"uk-width-1-1 uk-width-1-3@s uk-width-1-4@m \">\n\t\t<img class=\"lazyload\" data-src=\"https:\/\/trustpromotion.de\/wp-content\/uploads\/2020\/04\/Trustpromotion-Messekalender-Logo-Supreme-WomenMen-M\u00fcnchen.gif\" width=\"100%\"  alt=\"\" uk-img>\n\t<\/div>\t\n\t<div class=\"uk-width-1-1 uk-width-2-3@s uk-width-3-4@m\">\n\t\t<h2>Supreme Women&#038;Men D\u00fcsseldorf<\/h2>\n\t\t<div>Orderplattform f\u00fcr Damen- und Herrenmode<\/div>\n\t\t<div>B1 D\u00fcsseldorf<\/div>\n\t\t<div>21.07.2023 - 24.07.2023<\/div><br>\n\t\t\n\t<\/div>\n<\/a>\n\n\t\t\t\t\t\t<a href=\"https:\/\/trustpromotion.de\/pl\/messen\/fashn-rooms\/\" class=\"uk-link-reset\" uk-grid>\n\t<div class=\"uk-width-1-1 uk-width-1-3@s uk-width-1-4@m \">\n\t\t<img class=\"lazyload\" data-src=\"https:\/\/trustpromotion.de\/wp-content\/uploads\/2022\/02\/TrustPromotion-Messekalender-Logo-14390-FASHN-ROOMS.png\" width=\"100%\"  alt=\"\" uk-img>\n\t<\/div>\t\n\t<div class=\"uk-width-1-1 uk-width-2-3@s uk-width-3-4@m\">\n\t\t<h2>FASHN ROOMS<\/h2>\n\t\t<div>International Fashion Trade Show<\/div>\n\t\t<div>AREAL B\u00d6HLER D\u00fcsseldorf<\/div>\n\t\t<div>22.07.2023 - 24.07.2023<\/div><br>\n\t\t\n\t<\/div>\n<\/a>\n\n\t\t\t\t\t\t<a href=\"https:\/\/trustpromotion.de\/pl\/messen\/neonyt\/\" class=\"uk-link-reset\" uk-grid>\n\t<div class=\"uk-width-1-1 uk-width-1-3@s uk-width-1-4@m \">\n\t\t<img class=\"lazyload\" data-src=\"https:\/\/trustpromotion.de\/wp-content\/uploads\/2020\/04\/Trustpromotion-Messekalender-Logo-NEONYT.gif\" width=\"100%\"  alt=\"\" uk-img>\n\t<\/div>\t\n\t<div class=\"uk-width-1-1 uk-width-2-3@s uk-width-3-4@m\">\n\t\t<h2>NEONYT<\/h2>\n\t\t<div>The Global Hub for Fashion, Sustainability and Innovation<\/div>\n\t\t<div>AREAL B\u00d6HLER D\u00fcsseldorf<\/div>\n\t\t<div>22.07.2023 - 24.07.2023<\/div><br>\n\t\t\n\t<\/div>\n<\/a>\n\n\t\t\t\t\t\t<a href=\"https:\/\/trustpromotion.de\/pl\/messen\/classic-days-duesseldorf\/\" class=\"uk-link-reset\" uk-grid>\n\t<div class=\"uk-width-1-1 uk-width-1-3@s uk-width-1-4@m \">\n\t\t<img class=\"lazyload\" data-src=\"https:\/\/trustpromotion.de\/wp-content\/uploads\/2020\/04\/Trustpromotion-Messekalender-Logo-Classic-Days-Schloss-Dyck.gif\" width=\"100%\"  alt=\"\" uk-img>\n\t<\/div>\t\n\t<div class=\"uk-width-1-1 uk-width-2-3@s uk-width-3-4@m\">\n\t\t<h2>Classic Days D\u00fcsseldorf<\/h2>\n\t\t<div>Festival of Culture & Motoring-Lifestyle<\/div>\n\t\t<div>Messe D\u00fcsseldorf Parkplatz P1<\/div>\n\t\t<div>04.08.2023 - 06.08.2023<\/div><br>\n\t\t\n\t<\/div>\n<\/a>\n\n\t\t\t\t\t\t<a href=\"https:\/\/trustpromotion.de\/pl\/messen\/cannafair\/\" class=\"uk-link-reset\" uk-grid>\n\t<div class=\"uk-width-1-1 uk-width-1-3@s uk-width-1-4@m \">\n\t\t<img class=\"lazyload\" data-src=\"https:\/\/trustpromotion.de\/wp-content\/uploads\/2022\/10\/TrustPromotion-Messekalender-Logo-22147-Cannafair.png\" width=\"100%\"  alt=\"\" uk-img>\n\t<\/div>\t\n\t<div class=\"uk-width-1-1 uk-width-2-3@s uk-width-3-4@m\">\n\t\t<h2>Cannafair<\/h2>\n\t\t<div>Hanfmesse im Herzen von NRW<\/div>\n\t\t<div>Mitsubishi Electric HALLE<\/div>\n\t\t<div>25.08.2023 - 27.08.2023<\/div><br>\n\t\t\n\t<\/div>\n<\/a>\n\n\t\t\t\t\t\t<\/div>\n\t\t\t<div id=\"more-items-container\"><\/div><a href=\"javascript:void(0);\" \n   class=\"load-more\" \n   data-target=\".messen-items\" \n   data-container=\"#more-items-container\" \n   data-no_paging_url=\"\" \n   data-hasmore=\"true\" \n   data-total=\"3\" \n   data-next=\"2\">\n\t+ weitere laden<span uk-spinner=\"ratio:.5;\" class=\"uk-margin-small-left uk-hidden\"><\/span>\n<\/a>\n\t\t\t\n<script>window.onload = (event) => {\n\t(function($){\n\t\t\/\/ disable load more button when attribute dictates there are no more pages\n\t\t$( '.load-more' ).each( function( item ) { if ($(this).attr( 'data-hasmore' ) == 'false') { $(this).remove(); }; } );\n\t\t$( 'body' ).on( 'click' , '.load-more' , function() {\n\t\t\tconst $this = $( this );\n\t\t\t$this.find( \"[uk-spinner]\" ).removeClass( 'uk-hidden' );\n\t\t\tvar next = parseInt($this.attr( 'data-next' )),\n\t\t\t\ttotal = parseInt($this.attr( 'data-total' )); \n\t\t\tvar url = $this.data( 'no_paging_url' );\n\t\t\t\/\/ when no_paging_url is a ?s={searchstring} url \n\t\t\tif ( $this.data( 'no_paging_url' ).includes( '?s=' ) ) {\n\t\t\t\turl = url.replace( '?s=' , `page\/${next}\/?s=` );\n\t\t\t} else {\n\t\t\t\turl += `page\/${next}\/`;\n\t\t\t}\n\t\t\t$( $this.data( 'container' ) ).load( `${url} .messen-items > a` , function() {\n\t\t\t\t\/\/ now move the items from the target to the \n\t\t\t\t$($this.data( 'target' )).append( $($this.data( 'container' )).html() );\n\t\t\t\t$($this.data( 'container' )).html( \"\" );\n\t\t\t\t\/\/ remove if we're already on the last item\n\t\t\t\tif ( next == total ) {\n\t\t\t\t\t$this.remove();\n\t\t\t\t\treturn;\n\t\t\t\t} else {\n\t\t\t\t\t$this.attr( \"data-next\" , next + 1 );\n\t\t\t\t}\n\t\t\t$this.find( \"[uk-spinner]\" ).addClass( 'uk-hidden' );\n\t\t\t} );\n\t\t} );\n\t})(jQuery);\t\n}\n<\/script>\n\n\n\n<p class=\"gb-headline gb-headline-fc165c36 gb-headline-text\"><strong>Hinweis:<\/strong> Messeinformationen werden aktuell nicht in Englisch \u00fcbersetzt und stehen deshalb nur auf der deutschen Seite zur Verf\u00fcgung.<\/p>\n\n\n\n<hr class=\"wp-block-separator has-text-color has-global-color-1-color has-css-opacity has-global-color-1-background-color has-background\"\/>\n\n\n\n<h2 class=\"gb-headline gb-headline-c37865fc gb-headline-text\">MESSEKALENDER INFORMATIONEN<\/h2>\n\n\n\n<p>Die Messeinformationen D\u00fcsseldorf [current_year] werden kostenfrei von TRUST Promotion zur Verf\u00fcgung gestellt. Es sind alle Messen, Kongresse, Tagungen, Konferenzen und Symposien, die in der Stadt D\u00fcsseldorf \/ Messe D\u00fcsseldorf im Jahr [current_year] stattfinden aufgelistet. Sie finden zu allen Messe- und Veranstaltungsterminen die wichtigsten Informationen wie: Datum, \u00d6ffnungszeiten, Adresse, Eintrittspreise, sowie den Link zur Messe Webseite.<\/p>\n\n\n\n<h2 class=\"gb-headline gb-headline-e6e2e242 gb-headline-text\">INFORMATIONEN \u00dcBER DIE MESSE D\u00fcsseldorf [current_year]<\/h2>\n\n\n\n<p>Die Messe D\u00fcsseldorf ist breit aufgebaut und hat mehrere Schwerpunkte zu bieten. Diese liegen in den Bereichen Anlagen, Ausr\u00fcstung und Maschinen, Handwerk, Dienstleistungen und Handel, Beauty, Lifestyle, Freizeit, Gesundheit und Medizin. Als neuntgr\u00f6\u00dftes Messegel\u00e4nde mit 26 Weltleitmessen ist es ein begehrter und internationaler Messestandort.<\/p>\n\n\n\n<p>Zu den f\u00fchrenden Veranstaltungen der Messe D\u00fcsseldorf geh\u00f6ren die PSI (internationale Fachmesse f\u00fcr Werbeartikel), die Beauty D\u00fcsseldorf und die Medica.<\/p>\n\n\n\n<p>Auf der Fl\u00e4che von \u00fcber 248.000 m\u00b2 stehen 17 Messehallen. Zus\u00e4tzlich gibt es ein 43.000 m\u00b2 gro\u00dfes Freigel\u00e4nde f\u00fcr Messen und andere Events. J\u00e4hrlich besuchen rund 1,5 Mio. G\u00e4ste die Messe D\u00fcsseldorf.<\/p>\n\n\n<div class=\"gb-grid-wrapper gb-grid-wrapper-002fe999\">\n<div class=\"gb-grid-column gb-grid-column-9313bb47\"><div class=\"gb-container gb-container-9313bb47\"><div class=\"gb-inside-container\">\n\n<p class=\"gb-headline gb-headline-c214fcf3 gb-headline-text\"><a href=\"https:\/\/trustpromotion.de\/messestadt-Duesseldorf\/\">i<\/a><\/p>\n\n<\/div><\/div><\/div>\n\n<div class=\"gb-grid-column gb-grid-column-75e10253\"><div class=\"gb-container gb-container-75e10253\"><div class=\"gb-inside-container\">\n\n<h3 class=\"gb-headline gb-headline-69333ee0 gb-headline-text\"><a href=\"https:\/\/trustpromotion.de\/messestadt-duesseldorf\/\" data-type=\"page\" data-id=\"21680\">weitere Informationen zum Messestandort D\u00fcsseldorf<\/a><\/h3>\n\n\n\n<p class=\"gb-headline gb-headline-26a280b6 gb-headline-text\">Hotels, Parken, Anfahrt und mehr Informationen zur Messe D\u00fcsseldorf.<\/p>\n\n<\/div><\/div><\/div>\n<\/div>\n<\/div><\/div>","protected":false},"excerpt":{"rendered":"<p>Messen D\u00fcsseldorf Messetermine, Kongresse und Gastveranstaltungen in D\u00fcsseldorf mit allen  &#8230;<\/p>","protected":false},"author":6,"featured_media":0,"parent":0,"menu_order":0,"comment_status":"closed","ping_status":"closed","template":"","meta":{"_improvement_type_select":"improve_an_existing","_thumb_yes_seoaic":false,"_frame_yes_seoaic":false,"seoaic_generate_description":"","seoaic_improve_instructions_prompt":"","seoaic_rollback_content_improvement":"","seoaic_idea_thumbnail_generator":"","thumbnail_generated":false,"thumbnail_generate_prompt":"","seoaic_article_description":"","footnotes":""},"p-category":[],"class_list":["post-21810","page","type-page","status-publish","hentry"],"_links":{"self":[{"href":"https:\/\/trustpromotion.de\/pl\/wp-json\/wp\/v2\/pages\/21810","targetHints":{"allow":["GET"]}}],"collection":[{"href":"https:\/\/trustpromotion.de\/pl\/wp-json\/wp\/v2\/pages"}],"about":[{"href":"https:\/\/trustpromotion.de\/pl\/wp-json\/wp\/v2\/types\/page"}],"author":[{"embeddable":true,"href":"https:\/\/trustpromotion.de\/pl\/wp-json\/wp\/v2\/users\/6"}],"replies":[{"embeddable":true,"href":"https:\/\/trustpromotion.de\/pl\/wp-json\/wp\/v2\/comments?post=21810"}],"version-history":[{"count":0,"href":"https:\/\/trustpromotion.de\/pl\/wp-json\/wp\/v2\/pages\/21810\/revisions"}],"wp:attachment":[{"href":"https:\/\/trustpromotion.de\/pl\/wp-json\/wp\/v2\/media?parent=21810"}],"wp:term":[{"taxonomy":"p-category","embeddable":true,"href":"https:\/\/trustpromotion.de\/pl\/wp-json\/wp\/v2\/p-category?post=21810"}],"curies":[{"name":"wp","href":"https:\/\/api.w.org\/{rel}","templated":true}]}}