{"id":21814,"date":"2019-12-22T16:12:58","date_gmt":"2019-12-22T15:12:58","guid":{"rendered":"https:\/\/staging.trustpromotion.info\/?page_id=21814"},"modified":"2024-04-08T11:20:05","modified_gmt":"2024-04-08T09:20:05","slug":"messen-in-essen","status":"publish","type":"page","link":"https:\/\/trustpromotion.de\/pl\/pomiar-w-istocie\/","title":{"rendered":"Targi Essen"},"content":{"rendered":"<div class=\"gb-container gb-container-ec9cdc72 gb-container-main-container\"><div class=\"gb-inside-container\">\n\n<h1 class=\"gb-headline gb-headline-71f19b61 gb-headline-text\">Messen Essen<\/h1>\n\n\n\n<h3 class=\"gb-headline gb-headline-7e0663d1 gb-headline-text\">Messetermine, Kongresse und Gastveranstaltungen <br>in Essen mit allen wichtigen Informationen.<\/h3>\n\n\n\n<hr class=\"wp-block-separator has-text-color has-global-color-1-color has-css-opacity has-global-color-1-background-color has-background\"\/>\n\n\n\t\t\t\t\t\t\t\t\t\t\t\t\t\t<div class=\"uk-margin-top messen-items\">\n\t\t\t\t\t\t<a href=\"https:\/\/trustpromotion.de\/pl\/messen\/therapro-essen\/\" class=\"uk-link-reset\" uk-grid>\n\t<div class=\"uk-width-1-1 uk-width-1-3@s uk-width-1-4@m \">\n\t\t<img class=\"lazyload\" data-src=\"https:\/\/trustpromotion.de\/wp-content\/uploads\/2020\/04\/Trustpromotion-Messekalender-Logo-THERAPRO-Stuttgart.gif\" width=\"100%\"  alt=\"\" uk-img>\n\t<\/div>\t\n\t<div class=\"uk-width-1-1 uk-width-2-3@s uk-width-3-4@m\">\n\t\t<h2>THERAPRO Essen<\/h2>\n\t\t<div>Fachmesse und Kongress f\u00fcr professionelle Therapie<\/div>\n\t\t<div>Messe Essen<\/div>\n\t\t<div>02.09.2022 - 03.09.2022<\/div><br>\n\t\t\n\t<\/div>\n<\/a>\n\n\t\t\t\t\t\t<a href=\"https:\/\/trustpromotion.de\/pl\/messen\/kreativ-essen\/\" class=\"uk-link-reset\" uk-grid>\n\t<div class=\"uk-width-1-1 uk-width-1-3@s uk-width-1-4@m \">\n\t\t<img class=\"lazyload\" data-src=\"https:\/\/trustpromotion.de\/wp-content\/uploads\/2020\/04\/Trustpromotion-Messekalender-Logo-kreativessen.gif\" width=\"100%\"  alt=\"\" uk-img>\n\t<\/div>\t\n\t<div class=\"uk-width-1-1 uk-width-2-3@s uk-width-3-4@m\">\n\t\t<h2>kreativ.essen<\/h2>\n\t\t<div>Alles rund um das trendige Thema Do-It-Yourself<\/div>\n\t\t<div>Messe Essen<\/div>\n\t\t<div>10.11.2022 - 13.11.2022<\/div><br>\n\t\t\n\t<\/div>\n<\/a>\n\n\t\t\t\t\t\t<a href=\"https:\/\/trustpromotion.de\/pl\/messen\/nrw-das-beste-aus-der-region\/\" class=\"uk-link-reset\" uk-grid>\n\t<div class=\"uk-width-1-1 uk-width-1-3@s uk-width-1-4@m \">\n\t\t<img class=\"lazyload\" data-src=\"https:\/\/trustpromotion.de\/wp-content\/uploads\/2020\/04\/Trustpromotion-Messekalender-Logo-NRW-Das-Beste-aus-der-Region.png\" width=\"100%\"  alt=\"\" uk-img>\n\t<\/div>\t\n\t<div class=\"uk-width-1-1 uk-width-2-3@s uk-width-3-4@m\">\n\t\t<h2>NRW &#8211; Das Beste aus der Region<\/h2>\n\t\t<div>Die Leistungsschau der Ern\u00e4hrungswirtschaft NRW<\/div>\n\t\t<div>Messe Essen<\/div>\n\t\t<div>10.11.2022 - 13.11.2022<\/div><br>\n\t\t\n\t<\/div>\n<\/a>\n\n\t\t\t\t\t\t<a href=\"https:\/\/trustpromotion.de\/pl\/messen\/urlaubstraeume-powered-by-reise-camping\/\" class=\"uk-link-reset\" uk-grid>\n\t<div class=\"uk-width-1-1 uk-width-1-3@s uk-width-1-4@m \">\n\t\t<img class=\"lazyload\" data-src=\"https:\/\/trustpromotion.de\/wp-content\/uploads\/2020\/04\/Trustpromotion-Messekalender-Logo-Urlaubstr\u00e4ume-powered-by-Reise-Camping.png\" width=\"100%\"  alt=\"\" uk-img>\n\t<\/div>\t\n\t<div class=\"uk-width-1-1 uk-width-2-3@s uk-width-3-4@m\">\n\t\t<h2>Urlaubstr\u00e4ume powered by Reise + Camping<\/h2>\n\t\t<div>Urlaubsfeeling auf der Mode Heim Handwerk<\/div>\n\t\t<div>Messe Essen<\/div>\n\t\t<div>10.11.2022 - 13.11.2022<\/div><br>\n\t\t\n\t<\/div>\n<\/a>\n\n\t\t\t\t\t\t<a href=\"https:\/\/trustpromotion.de\/pl\/messen\/metpack\/\" class=\"uk-link-reset\" uk-grid>\n\t<div class=\"uk-width-1-1 uk-width-1-3@s uk-width-1-4@m \">\n\t\t<img class=\"lazyload\" data-src=\"https:\/\/trustpromotion.de\/wp-content\/uploads\/2020\/04\/Trustpromotion-Messekalender-Logo-METPACK.png\" width=\"100%\"  alt=\"\" uk-img>\n\t<\/div>\t\n\t<div class=\"uk-width-1-1 uk-width-2-3@s uk-width-3-4@m\">\n\t\t<h2>METPACK<\/h2>\n\t\t<div>Internationale Fachmesse f\u00fcr Metallverpackungen<\/div>\n\t\t<div>Messe Essen<\/div>\n\t\t<div>02.05.2023 - 06.05.2023<\/div><br>\n\t\t\n\t<\/div>\n<\/a>\n\n\t\t\t\t\t\t<a href=\"https:\/\/trustpromotion.de\/pl\/messen\/conpract\/\" class=\"uk-link-reset\" uk-grid>\n\t<div class=\"uk-width-1-1 uk-width-1-3@s uk-width-1-4@m \">\n\t\t<img class=\"lazyload\" data-src=\"https:\/\/trustpromotion.de\/wp-content\/uploads\/2020\/04\/Trustpromotion-Messekalender-Logo-ConPract.gif\" width=\"100%\"  alt=\"\" uk-img>\n\t<\/div>\t\n\t<div class=\"uk-width-1-1 uk-width-2-3@s uk-width-3-4@m\">\n\t\t<h2>ConPract<\/h2>\n\t\t<div>Die Firmenkontaktmesse<\/div>\n\t\t<div>Universit\u00e4t Duisburg-Essen - Campus Essen<\/div>\n\t\t<div>10.05.2023 - 10.05.2023<\/div><br>\n\t\t\n\t<\/div>\n<\/a>\n\n\t\t\t\t\t\t<a href=\"https:\/\/trustpromotion.de\/pl\/messen\/e-world-energy-water\/\" class=\"uk-link-reset\" uk-grid>\n\t<div class=\"uk-width-1-1 uk-width-1-3@s uk-width-1-4@m \">\n\t\t<img class=\"lazyload\" data-src=\"https:\/\/trustpromotion.de\/wp-content\/uploads\/2020\/04\/Trustpromotion-Messekalender-Logo-E-world-energy-water.gif\" width=\"100%\"  alt=\"\" uk-img>\n\t<\/div>\t\n\t<div class=\"uk-width-1-1 uk-width-2-3@s uk-width-3-4@m\">\n\t\t<h2>E-world energy &#038; water<\/h2>\n\t\t<div>Europ\u00e4ische Leitmesse der Energie- und Wasserwirtschaft mit begleitendem Kongress<\/div>\n\t\t<div>Messe Essen<\/div>\n\t\t<div>23.05.2023 - 25.05.2023<\/div><br>\n\t\t\n\t<\/div>\n<\/a>\n\n\t\t\t\t\t\t<a href=\"https:\/\/trustpromotion.de\/pl\/messen\/ibm-internationale-briefmarken-messe\/\" class=\"uk-link-reset\" uk-grid>\n\t<div class=\"uk-width-1-1 uk-width-1-3@s uk-width-1-4@m \">\n\t\t<img class=\"lazyload\" data-src=\"https:\/\/trustpromotion.de\/wp-content\/uploads\/2020\/04\/Trustpromotion-Messekalender-Logo-IBM-Internationale-Briefmarken-Messe.gif\" width=\"100%\"  alt=\"\" uk-img>\n\t<\/div>\t\n\t<div class=\"uk-width-1-1 uk-width-2-3@s uk-width-3-4@m\">\n\t\t<h2>IBM Internationale Briefmarken-Messe<\/h2>\n\t\t<div>Die Welt der Philatelie<\/div>\n\t\t<div>Messe Essen<\/div>\n\t\t<div>25.05.2023 - 28.05.2023<\/div><br>\n\t\t\n\t<\/div>\n<\/a>\n\n\t\t\t\t\t\t<a href=\"https:\/\/trustpromotion.de\/pl\/messen\/china-homelife\/\" class=\"uk-link-reset\" uk-grid>\n\t<div class=\"uk-width-1-1 uk-width-1-3@s uk-width-1-4@m \">\n\t\t<img class=\"lazyload\" data-src=\"https:\/\/trustpromotion.de\/wp-content\/uploads\/2023\/05\/TrustPromotion-Messekalender-Logo-22570-China-HomeLife.png\" width=\"100%\"  alt=\"\" uk-img>\n\t<\/div>\t\n\t<div class=\"uk-width-1-1 uk-width-2-3@s uk-width-3-4@m\">\n\t\t<h2>China HomeLife<\/h2>\n\t\t<div>Europas gr\u00f6\u00dfte Messe f\u00fcr chinesische Produkte<\/div>\n\t\t<div>Messe Essen<\/div>\n\t\t<div>05.06.2023 - 07.06.2023<\/div><br>\n\t\t\n\t<\/div>\n<\/a>\n\n\t\t\t\t\t\t<a href=\"https:\/\/trustpromotion.de\/pl\/messen\/karrieretag-essen\/\" class=\"uk-link-reset\" uk-grid>\n\t<div class=\"uk-width-1-1 uk-width-1-3@s uk-width-1-4@m \">\n\t\t<img class=\"lazyload\" data-src=\"https:\/\/trustpromotion.de\/wp-content\/uploads\/2022\/02\/TrustPromotion-Messekalender-Logo-20904-Karrieretag-Essen.png\" width=\"100%\"  alt=\"\" uk-img>\n\t<\/div>\t\n\t<div class=\"uk-width-1-1 uk-width-2-3@s uk-width-3-4@m\">\n\t\t<h2>Karrieretag Essen<\/h2>\n\t\t<div>Jobmesse f\u00fcr Personal-Recruiting und Fachkr\u00e4fte<\/div>\n\t\t<div>Theater und Philharmonie Essen (TUP)<\/div>\n\t\t<div>07.06.2023 - 07.06.2023<\/div><br>\n\t\t\n\t<\/div>\n<\/a>\n\n\t\t\t\t\t\t<a href=\"https:\/\/trustpromotion.de\/pl\/messen\/regionaler-absolventenkongress-essen\/\" class=\"uk-link-reset\" uk-grid>\n\t<div class=\"uk-width-1-1 uk-width-1-3@s uk-width-1-4@m \">\n\t\t<img class=\"lazyload\" data-src=\"https:\/\/trustpromotion.de\/wp-content\/uploads\/2020\/11\/Trustpromotion-Messekalender-Logo-Absolventenkongress-Baden-Wuerttemberg.png\" width=\"100%\"  alt=\"\" uk-img>\n\t<\/div>\t\n\t<div class=\"uk-width-1-1 uk-width-2-3@s uk-width-3-4@m\">\n\t\t<h2>Regionaler Absolventenkongress Essen<\/h2>\n\t\t<div>Jobmesse f\u00fcr Studenten, Absolventen und Young Professionals<\/div>\n\t\t<div>Messe Essen<\/div>\n\t\t<div>07.06.2023 - 07.06.2023<\/div><br>\n\t\t\n\t<\/div>\n<\/a>\n\n\t\t\t\t\t\t<a href=\"https:\/\/trustpromotion.de\/pl\/messen\/compounding-world-expo\/\" class=\"uk-link-reset\" uk-grid>\n\t<div class=\"uk-width-1-1 uk-width-1-3@s uk-width-1-4@m \">\n\t\t<img class=\"lazyload\" data-src=\"https:\/\/trustpromotion.de\/wp-content\/uploads\/2020\/04\/Trustpromotion-Messekalender-Logo-Compounding-World-Expo.png\" width=\"100%\"  alt=\"\" uk-img>\n\t<\/div>\t\n\t<div class=\"uk-width-1-1 uk-width-2-3@s uk-width-3-4@m\">\n\t\t<h2>Compounding World Expo<\/h2>\n\t\t<div>Fachmesse f\u00fcr Kunststoffaufbereitung und Additive<\/div>\n\t\t<div>Messe Essen<\/div>\n\t\t<div>14.06.2023 - 15.06.2023<\/div><br>\n\t\t\n\t<\/div>\n<\/a>\n\n\t\t\t\t\t\t<a href=\"https:\/\/trustpromotion.de\/pl\/messen\/plastics-extrusion-world-expo\/\" class=\"uk-link-reset\" uk-grid>\n\t<div class=\"uk-width-1-1 uk-width-1-3@s uk-width-1-4@m \">\n\t\t<img class=\"lazyload\" data-src=\"https:\/\/trustpromotion.de\/wp-content\/uploads\/2020\/04\/Trustpromotion-Messekalender-Logo-Plastics-Extrusion-World-Expo.png\" width=\"100%\"  alt=\"\" uk-img>\n\t<\/div>\t\n\t<div class=\"uk-width-1-1 uk-width-2-3@s uk-width-3-4@m\">\n\t\t<h2>Plastics Extrusion World Expo<\/h2>\n\t\t<div>Europas f\u00fchrende Fachveranstaltung f\u00fcr die Kunststoffextrusion<\/div>\n\t\t<div>Messe Essen<\/div>\n\t\t<div>14.06.2023 - 15.06.2023<\/div><br>\n\t\t\n\t<\/div>\n<\/a>\n\n\t\t\t\t\t\t<a href=\"https:\/\/trustpromotion.de\/pl\/messen\/plastics-recycling-world-exhibition\/\" class=\"uk-link-reset\" uk-grid>\n\t<div class=\"uk-width-1-1 uk-width-1-3@s uk-width-1-4@m \">\n\t\t<img class=\"lazyload\" data-src=\"https:\/\/trustpromotion.de\/wp-content\/uploads\/2020\/04\/Trustpromotion-Messekalender-Logo-Plastics-Recycling-World-Exhibition.png\" width=\"100%\"  alt=\"\" uk-img>\n\t<\/div>\t\n\t<div class=\"uk-width-1-1 uk-width-2-3@s uk-width-3-4@m\">\n\t\t<h2>Plastics Recycling World Exhibition<\/h2>\n\t\t<div>Die internationale Fachmesse f\u00fcr Kunststoffrecycling<\/div>\n\t\t<div>Messe Essen<\/div>\n\t\t<div>14.06.2023 - 15.06.2023<\/div><br>\n\t\t\n\t<\/div>\n<\/a>\n\n\t\t\t\t\t\t<a href=\"https:\/\/trustpromotion.de\/pl\/messen\/polymer-testing-world-expo\/\" class=\"uk-link-reset\" uk-grid>\n\t<div class=\"uk-width-1-1 uk-width-1-3@s uk-width-1-4@m \">\n\t\t<img class=\"lazyload\" data-src=\"https:\/\/trustpromotion.de\/wp-content\/uploads\/2020\/04\/Trustpromotion-Messekalender-Logo-Polymer-Testing-World-Expo.png\" width=\"100%\"  alt=\"\" uk-img>\n\t<\/div>\t\n\t<div class=\"uk-width-1-1 uk-width-2-3@s uk-width-3-4@m\">\n\t\t<h2>Polymer Testing World Expo<\/h2>\n\t\t<div>Europas f\u00fchrende Fachveranstaltung f\u00fcr Polymerpr\u00fcfungen<\/div>\n\t\t<div>Messe Essen<\/div>\n\t\t<div>14.06.2023 - 15.06.2023<\/div><br>\n\t\t\n\t<\/div>\n<\/a>\n\n\t\t\t\t\t\t<a href=\"https:\/\/trustpromotion.de\/pl\/messen\/tankstelle-mittelstand\/\" class=\"uk-link-reset\" uk-grid>\n\t<div class=\"uk-width-1-1 uk-width-1-3@s uk-width-1-4@m \">\n\t\t<img class=\"lazyload\" data-src=\"https:\/\/trustpromotion.de\/wp-content\/uploads\/2020\/04\/Trustpromotion-Messekalender-Logo-Tankstelle-Mittelstand.gif\" width=\"100%\"  alt=\"\" uk-img>\n\t<\/div>\t\n\t<div class=\"uk-width-1-1 uk-width-2-3@s uk-width-3-4@m\">\n\t\t<h2>Tankstelle &#038; Mittelstand<\/h2>\n\t\t<div>Die Mittelstandsmesse f\u00fcr das Dienstleistungszentrum Tankstelle<\/div>\n\t\t<div>Messe Essen<\/div>\n\t\t<div>14.06.2023 - 15.06.2023<\/div><br>\n\t\t\n\t<\/div>\n<\/a>\n\n\t\t\t\t\t\t<a href=\"https:\/\/trustpromotion.de\/pl\/messen\/jubi-essen-die-jugendbildungsmesse\/\" class=\"uk-link-reset\" uk-grid>\n\t<div class=\"uk-width-1-1 uk-width-1-3@s uk-width-1-4@m \">\n\t\t<img class=\"lazyload\" data-src=\"https:\/\/trustpromotion.de\/wp-content\/uploads\/2020\/04\/Trustpromotion-Messekalender-Logo-JuBi-K\u00f6ln-1-Die-JugendBildungsmesse.gif\" width=\"100%\"  alt=\"\" uk-img>\n\t<\/div>\t\n\t<div class=\"uk-width-1-1 uk-width-2-3@s uk-width-3-4@m\">\n\t\t<h2>JuBi Essen &#8211; Die JugendBildungsmesse<\/h2>\n\t\t<div>Messe f\u00fcr Schule, Reisen, Lernen und Leben im Ausland<\/div>\n\t\t<div>Grashof Gymnasium<\/div>\n\t\t<div>19.08.2023 - 19.08.2023<\/div><br>\n\t\t\n\t<\/div>\n<\/a>\n\n\t\t\t\t\t\t<a href=\"https:\/\/trustpromotion.de\/pl\/messen\/abi-zukunft-essen\/\" class=\"uk-link-reset\" uk-grid>\n\t<div class=\"uk-width-1-1 uk-width-1-3@s uk-width-1-4@m \">\n\t\t<img class=\"lazyload\" data-src=\"https:\/\/trustpromotion.de\/wp-content\/uploads\/2022\/02\/TrustPromotion-Messekalender-Logo-14201-ABI-Zukunft-Osnabruck.png\" width=\"100%\"  alt=\"\" uk-img>\n\t<\/div>\t\n\t<div class=\"uk-width-1-1 uk-width-2-3@s uk-width-3-4@m\">\n\t\t<h2>ABI Zukunft Essen<\/h2>\n\t\t<div>Die Informationsmesse f\u00fcr die Zeit nach dem Abitur<\/div>\n\t\t<div>Messe Essen<\/div>\n\t\t<div>26.08.2023 - 26.08.2023<\/div><br>\n\t\t\n\t<\/div>\n<\/a>\n\n\t\t\t\t\t\t<a href=\"https:\/\/trustpromotion.de\/pl\/messen\/rhein-antik-essen-kettwig\/\" class=\"uk-link-reset\" uk-grid>\n\t<div class=\"uk-width-1-1 uk-width-1-3@s uk-width-1-4@m \">\n\t\t<img class=\"lazyload\" data-src=\"https:\/\/trustpromotion.de\/wp-content\/uploads\/2021\/07\/Trustpromotion-Messekalender-Logo-Hochzeiten-Events-Messe-Wiesbaden.png\" width=\"100%\"  alt=\"\" uk-img>\n\t<\/div>\t\n\t<div class=\"uk-width-1-1 uk-width-2-3@s uk-width-3-4@m\">\n\t\t<h2>Rhein-Antik Essen-Kettwig<\/h2>\n\t\t<div>Antik-, Kunst- & Designmarkt<\/div>\n\t\t<div>Kaiser Wilhelm Denkmal Essen-Kettwig<\/div>\n\t\t<div>27.08.2023 - 27.08.2023<\/div>\t\t<div> <p style=\"color:red;\">Termin abgesagt!<\/p><\/div><br>\n\t\t\n\t<\/div>\n<\/a>\n\n\t\t\t\t\t\t<a href=\"https:\/\/trustpromotion.de\/pl\/messen\/vocatium-essen\/\" class=\"uk-link-reset\" uk-grid>\n\t<div class=\"uk-width-1-1 uk-width-1-3@s uk-width-1-4@m \">\n\t\t<img class=\"lazyload\" data-src=\"https:\/\/trustpromotion.de\/wp-content\/uploads\/2020\/04\/Trustpromotion-Messekalender-Logo-vocatium-Flensburg.gif\" width=\"100%\"  alt=\"\" uk-img>\n\t<\/div>\t\n\t<div class=\"uk-width-1-1 uk-width-2-3@s uk-width-3-4@m\">\n\t\t<h2>vocatium Essen<\/h2>\n\t\t<div>Fachmesse f\u00fcr Ausbildung+Studium<\/div>\n\t\t<div>Zeche Zollverein Essen<\/div>\n\t\t<div>05.09.2023 - 06.09.2023<\/div><br>\n\t\t\n\t<\/div>\n<\/a>\n\n\t\t\t\t\t\t<a href=\"https:\/\/trustpromotion.de\/pl\/messen\/werbeartikelmesse-nrw\/\" class=\"uk-link-reset\" uk-grid>\n\t<div class=\"uk-width-1-1 uk-width-1-3@s uk-width-1-4@m \">\n\t\t<img class=\"lazyload\" data-src=\"https:\/\/trustpromotion.de\/wp-content\/uploads\/2020\/04\/Trustpromotion-Messekalender-Logo-Werbeartikelmesse-NRW.gif\" width=\"100%\"  alt=\"\" uk-img>\n\t<\/div>\t\n\t<div class=\"uk-width-1-1 uk-width-2-3@s uk-width-3-4@m\">\n\t\t<h2>Werbeartikelmesse NRW<\/h2>\n\t\t<div>Messe f\u00fcr Merchandising<\/div>\n\t\t<div>Messe Essen<\/div>\n\t\t<div>07.09.2023 - 07.09.2023<\/div><br>\n\t\t\n\t<\/div>\n<\/a>\n\n\t\t\t\t\t\t<a href=\"https:\/\/trustpromotion.de\/pl\/messen\/schweissen-schneiden\/\" class=\"uk-link-reset\" uk-grid>\n\t<div class=\"uk-width-1-1 uk-width-1-3@s uk-width-1-4@m \">\n\t\t<img class=\"lazyload\" data-src=\"https:\/\/trustpromotion.de\/wp-content\/uploads\/2020\/04\/Trustpromotion-Messekalender-Logo-SCHWEISSEN-SCHNEIDEN.gif\" width=\"100%\"  alt=\"\" uk-img>\n\t<\/div>\t\n\t<div class=\"uk-width-1-1 uk-width-2-3@s uk-width-3-4@m\">\n\t\t<h2>SCHWEISSEN &#038; SCHNEIDEN<\/h2>\n\t\t<div>Weltmesse f\u00fcr F\u00fcgen, Trennen und Beschichten<\/div>\n\t\t<div>Messe Essen<\/div>\n\t\t<div>11.09.2023 - 15.09.2023<\/div><br>\n\t\t\n\t<\/div>\n<\/a>\n\n\t\t\t\t\t\t<a href=\"https:\/\/trustpromotion.de\/pl\/messen\/moelo\/\" class=\"uk-link-reset\" uk-grid>\n\t<div class=\"uk-width-1-1 uk-width-1-3@s uk-width-1-4@m \">\n\t\t<img class=\"lazyload\" data-src=\"https:\/\/trustpromotion.de\/wp-content\/uploads\/2020\/04\/Trustpromotion-Messekalender-Logo-M\u00f6Lo.gif\" width=\"100%\"  alt=\"\" uk-img>\n\t<\/div>\t\n\t<div class=\"uk-width-1-1 uk-width-2-3@s uk-width-3-4@m\">\n\t\t<h2>M\u00f6Lo<\/h2>\n\t\t<div>Internationale Fachmesse f\u00fcr M\u00f6bellogistik, Umzugsspedition und Service<\/div>\n\t\t<div>Messe Essen<\/div>\n\t\t<div>27.09.2023 - 28.09.2023<\/div><br>\n\t\t\n\t<\/div>\n<\/a>\n\n\t\t\t\t\t\t<a href=\"https:\/\/trustpromotion.de\/pl\/messen\/jobmedi-nrw\/\" class=\"uk-link-reset\" uk-grid>\n\t<div class=\"uk-width-1-1 uk-width-1-3@s uk-width-1-4@m \">\n\t\t<img class=\"lazyload\" data-src=\"https:\/\/trustpromotion.de\/wp-content\/uploads\/2022\/02\/TrustPromotion-Messekalender-Logo-13580-JOBMEDI-Berlin.png\" width=\"100%\"  alt=\"\" uk-img>\n\t<\/div>\t\n\t<div class=\"uk-width-1-1 uk-width-2-3@s uk-width-3-4@m\">\n\t\t<h2>JOBMEDI NRW<\/h2>\n\t\t<div>Die Berufsinformationsmesse f\u00fcr Gesundheit, Pflege & Soziales<\/div>\n\t\t<div>Messe Essen<\/div>\n\t\t<div>29.09.2023 - 30.09.2023<\/div><br>\n\t\t\n\t<\/div>\n<\/a>\n\n\t\t\t\t\t\t<\/div>\n\t\t\t<div id=\"more-items-container\"><\/div><a href=\"javascript:void(0);\" \n   class=\"load-more\" \n   data-target=\".messen-items\" \n   data-container=\"#more-items-container\" \n   data-no_paging_url=\"\" \n   data-hasmore=\"true\" \n   data-total=\"2\" \n   data-next=\"2\">\n\t+ weitere laden<span uk-spinner=\"ratio:.5;\" class=\"uk-margin-small-left uk-hidden\"><\/span>\n<\/a>\n\t\t\t\n<script>window.onload = (event) => {\n\t(function($){\n\t\t\/\/ disable load more button when attribute dictates there are no more pages\n\t\t$( '.load-more' ).each( function( item ) { if ($(this).attr( 'data-hasmore' ) == 'false') { $(this).remove(); }; } );\n\t\t$( 'body' ).on( 'click' , '.load-more' , function() {\n\t\t\tconst $this = $( this );\n\t\t\t$this.find( \"[uk-spinner]\" ).removeClass( 'uk-hidden' );\n\t\t\tvar next = parseInt($this.attr( 'data-next' )),\n\t\t\t\ttotal = parseInt($this.attr( 'data-total' )); \n\t\t\tvar url = $this.data( 'no_paging_url' );\n\t\t\t\/\/ when no_paging_url is a ?s={searchstring} url \n\t\t\tif ( $this.data( 'no_paging_url' ).includes( '?s=' ) ) {\n\t\t\t\turl = url.replace( '?s=' , `page\/${next}\/?s=` );\n\t\t\t} else {\n\t\t\t\turl += `page\/${next}\/`;\n\t\t\t}\n\t\t\t$( $this.data( 'container' ) ).load( `${url} .messen-items > a` , function() {\n\t\t\t\t\/\/ now move the items from the target to the \n\t\t\t\t$($this.data( 'target' )).append( $($this.data( 'container' )).html() );\n\t\t\t\t$($this.data( 'container' )).html( \"\" );\n\t\t\t\t\/\/ remove if we're already on the last item\n\t\t\t\tif ( next == total ) {\n\t\t\t\t\t$this.remove();\n\t\t\t\t\treturn;\n\t\t\t\t} else {\n\t\t\t\t\t$this.attr( \"data-next\" , next + 1 );\n\t\t\t\t}\n\t\t\t$this.find( \"[uk-spinner]\" ).addClass( 'uk-hidden' );\n\t\t\t} );\n\t\t} );\n\t})(jQuery);\t\n}\n<\/script>\n\n\n\n<p class=\"gb-headline gb-headline-fc165c36 gb-headline-text\"><strong>Hinweis:<\/strong> Messeinformationen werden aktuell nicht in Englisch \u00fcbersetzt und stehen deshalb nur auf der deutschen Seite zur Verf\u00fcgung.<\/p>\n\n\n\n<hr class=\"wp-block-separator has-text-color has-global-color-1-color has-css-opacity has-global-color-1-background-color has-background\"\/>\n\n\n\n<h2 class=\"gb-headline gb-headline-858fda07 gb-headline-text\">MESSEKALENDER INFORMATIONEN<\/h2>\n\n\n\n<p>Die Messeinformationen Essen [current_year] werden kostenfrei von TRUST Promotion zur Verf\u00fcgung gestellt. Es sind alle Messen, Kongresse, Tagungen, Konferenzen und Symposien, die in der Stadt Essen \/ Messe Essen im Jahr [current_year] stattfinden aufgelistet. Sie finden zu allen Messe- und Veranstaltungsterminen die wichtigsten Informationen wie: Datum, \u00d6ffnungszeiten, Adresse, Eintrittspreise, sowie den Link zur Messe Webseite.<\/p>\n\n\n\n<h2 class=\"gb-headline gb-headline-867aa7e2 gb-headline-text\">INFORMATIONEN \u00dcBER DIE MESSE ESSEN [current_year]<\/h2>\n\n\n\n<p>Am Messestandort Essen gibt es eine Mischung aus regionalen, nationalen und internationalen Veranstaltungen. Sowohl Fach- als auch Verbrauchermessen werden veranstaltet. Rund 55 Events gibt es j\u00e4hrlich. Davon sind es 10 Leitmessen.<\/p>\n\n\n\n<p>Beliebte Veranstaltungen der Messe Essen sind die Pferdesportmesse Equitanta, die Essener Motorshow und die Baufachmesse DEBAUKOM.<\/p>\n\n\n\n<p>Das Messegel\u00e4nde hat eine Ausstellungsfl\u00e4che von 110.000 m\u00b2. Insgesamt sind 9 Messehalle zu finden. Au\u00dferdem gibt es das Congress Center Essen und die Grugahalle.<\/p>\n\n\n<div class=\"gb-grid-wrapper gb-grid-wrapper-002fe999\">\n<div class=\"gb-grid-column gb-grid-column-9313bb47\"><div class=\"gb-container gb-container-9313bb47\"><div class=\"gb-inside-container\">\n\n<p class=\"gb-headline gb-headline-c214fcf3 gb-headline-text\"><a href=\"https:\/\/trustpromotion.de\/messestadt-essen\/\">i<\/a><\/p>\n\n<\/div><\/div><\/div>\n\n<div class=\"gb-grid-column gb-grid-column-75e10253\"><div class=\"gb-container gb-container-75e10253\"><div class=\"gb-inside-container\">\n\n<h3 class=\"gb-headline gb-headline-69333ee0 gb-headline-text\"><a href=\"https:\/\/trustpromotion.de\/messestadt-essen\/\" data-type=\"page\" data-id=\"21690\">weitere Informationen zum Messestandort Essen<\/a><\/h3>\n\n\n\n<p class=\"gb-headline gb-headline-26a280b6 gb-headline-text\">Hotels, Parken, Anfahrt und mehr Informationen zur Messe Essen.<\/p>\n\n<\/div><\/div><\/div>\n<\/div>\n<\/div><\/div>\n\n<div class=\"gb-container gb-container-d6b7df23\"><div class=\"gb-inside-container\"><\/div><\/div>","protected":false},"excerpt":{"rendered":"<p>Messen Essen Messetermine, Kongresse und Gastveranstaltungen in Essen mit allen  &#8230;<\/p>","protected":false},"author":6,"featured_media":0,"parent":0,"menu_order":0,"comment_status":"closed","ping_status":"closed","template":"","meta":{"_improvement_type_select":"improve_an_existing","_thumb_yes_seoaic":false,"_frame_yes_seoaic":false,"seoaic_generate_description":"","seoaic_improve_instructions_prompt":"","seoaic_rollback_content_improvement":"","seoaic_idea_thumbnail_generator":"","thumbnail_generated":false,"thumbnail_generate_prompt":"","seoaic_article_description":"","footnotes":""},"p-category":[],"class_list":["post-21814","page","type-page","status-publish","hentry"],"_links":{"self":[{"href":"https:\/\/trustpromotion.de\/pl\/wp-json\/wp\/v2\/pages\/21814","targetHints":{"allow":["GET"]}}],"collection":[{"href":"https:\/\/trustpromotion.de\/pl\/wp-json\/wp\/v2\/pages"}],"about":[{"href":"https:\/\/trustpromotion.de\/pl\/wp-json\/wp\/v2\/types\/page"}],"author":[{"embeddable":true,"href":"https:\/\/trustpromotion.de\/pl\/wp-json\/wp\/v2\/users\/6"}],"replies":[{"embeddable":true,"href":"https:\/\/trustpromotion.de\/pl\/wp-json\/wp\/v2\/comments?post=21814"}],"version-history":[{"count":0,"href":"https:\/\/trustpromotion.de\/pl\/wp-json\/wp\/v2\/pages\/21814\/revisions"}],"wp:attachment":[{"href":"https:\/\/trustpromotion.de\/pl\/wp-json\/wp\/v2\/media?parent=21814"}],"wp:term":[{"taxonomy":"p-category","embeddable":true,"href":"https:\/\/trustpromotion.de\/pl\/wp-json\/wp\/v2\/p-category?post=21814"}],"curies":[{"name":"wp","href":"https:\/\/api.w.org\/{rel}","templated":true}]}}