{"id":21832,"date":"2019-12-22T16:12:58","date_gmt":"2019-12-22T15:12:58","guid":{"rendered":"https:\/\/staging.trustpromotion.info\/?page_id=21832"},"modified":"2024-04-08T11:14:58","modified_gmt":"2024-04-08T09:14:58","slug":"messen-in-hamburg","status":"publish","type":"page","link":"https:\/\/trustpromotion.de\/pl\/targi-w-hamburgu\/","title":{"rendered":"Targi w Hamburgu"},"content":{"rendered":"<div class=\"gb-container gb-container-1ef8bdc0 gb-container-main-container\"><div class=\"gb-inside-container\">\n\n<h1 class=\"gb-headline gb-headline-1b1bc5c5 gb-headline-text\">Messen Hamburg<\/h1>\n\n\n\n<h3 class=\"gb-headline gb-headline-fdca6743 gb-headline-text\">Messetermine, Kongresse und Gastveranstaltungen <br>in Hamburg mit allen wichtigen Informationen.<\/h3>\n\n\n\n<hr class=\"wp-block-separator has-text-color has-global-color-1-color has-css-opacity has-global-color-1-background-color has-background\"\/>\n\n\n\t\t\t\t\t\t\t\t\t\t\t\t\t\t<div class=\"uk-margin-top messen-items\">\n\t\t\t\t\t\t<a href=\"https:\/\/trustpromotion.de\/pl\/messen\/maintenance-regioday-hamburg\/\" class=\"uk-link-reset\" uk-grid>\n\t<div class=\"uk-width-1-1 uk-width-1-3@s uk-width-1-4@m \">\n\t\t<img class=\"lazyload\" data-src=\"https:\/\/trustpromotion.de\/wp-content\/uploads\/2021\/09\/Trustpromotion-Messekalender-Logo-maintenance-RegioDay-Hamburg.png\" width=\"100%\"  alt=\"\" uk-img>\n\t<\/div>\t\n\t<div class=\"uk-width-1-1 uk-width-2-3@s uk-width-3-4@m\">\n\t\t<h2>maintenance RegioDay Hamburg<\/h2>\n\t\t<div>Fachmesse f\u00fcr die lokale Instandhaltungsbranche<\/div>\n\t\t<div>MesseHalle Hamburg-Schnelsen<\/div>\n\t\t<div>16.11.2022 - 16.11.2022<\/div><br>\n\t\t\n\t<\/div>\n<\/a>\n\n\t\t\t\t\t\t<a href=\"https:\/\/trustpromotion.de\/pl\/messen\/auto-summit\/\" class=\"uk-link-reset\" uk-grid>\n\t<div class=\"uk-width-1-1 uk-width-1-3@s uk-width-1-4@m \">\n\t\t<img class=\"lazyload\" data-src=\"https:\/\/trustpromotion.de\/wp-content\/uploads\/2021\/09\/Trustpromotion-Messekalender-Logo-Auto-Summit.png\" width=\"100%\"  alt=\"\" uk-img>\n\t<\/div>\t\n\t<div class=\"uk-width-1-1 uk-width-2-3@s uk-width-3-4@m\">\n\t\t<h2>Auto Summit<\/h2>\n\t\t<div>Digitalisierung der Automobilbranche<\/div>\n\t\t<div>Edel-optics.de Arena<\/div>\n\t\t<div>03.05.2023 - 04.05.2023<\/div><br>\n\t\t\n\t<\/div>\n<\/a>\n\n\t\t\t\t\t\t<a href=\"https:\/\/trustpromotion.de\/pl\/messen\/dataport-hausmesse\/\" class=\"uk-link-reset\" uk-grid>\n\t<div class=\"uk-width-1-1 uk-width-1-3@s uk-width-1-4@m \">\n\t\t<img class=\"lazyload\" data-src=\"https:\/\/trustpromotion.de\/wp-content\/uploads\/2020\/04\/Trustpromotion-Messekalender-Logo-Dataport-Hausmesse.gif\" width=\"100%\"  alt=\"\" uk-img>\n\t<\/div>\t\n\t<div class=\"uk-width-1-1 uk-width-2-3@s uk-width-3-4@m\">\n\t\t<h2>Dataport Hausmesse<\/h2>\n\t\t<div>Messe f\u00fcr moderne Informations- und Kommunikationstechnik<\/div>\n\t\t<div>MesseHalle Hamburg-Schnelsen<\/div>\n\t\t<div>04.05.2023 - 04.05.2023<\/div><br>\n\t\t\n\t<\/div>\n<\/a>\n\n\t\t\t\t\t\t<a href=\"https:\/\/trustpromotion.de\/pl\/messen\/meet-hamburg\/\" class=\"uk-link-reset\" uk-grid>\n\t<div class=\"uk-width-1-1 uk-width-1-3@s uk-width-1-4@m \">\n\t\t<img class=\"lazyload\" data-src=\"https:\/\/trustpromotion.de\/wp-content\/uploads\/2022\/02\/TrustPromotion-Messekalender-Logo-11329-MEET-Hamburg.png\" width=\"100%\"  alt=\"\" uk-img>\n\t<\/div>\t\n\t<div class=\"uk-width-1-1 uk-width-2-3@s uk-width-3-4@m\">\n\t\t<h2>MEET Hamburg<\/h2>\n\t\t<div>Kongress der Veranstaltungswirtschaft<\/div>\n\t\t<div>Schmidts Tivoli<\/div>\n\t\t<div>04.05.2023 - 05.05.2023<\/div><br>\n\t\t\n\t<\/div>\n<\/a>\n\n\t\t\t\t\t\t<a href=\"https:\/\/trustpromotion.de\/pl\/messen\/vdi-nachrichten-recruiting-tag-hamburg\/\" class=\"uk-link-reset\" uk-grid>\n\t<div class=\"uk-width-1-1 uk-width-1-3@s uk-width-1-4@m \">\n\t\t<img class=\"lazyload\" data-src=\"https:\/\/trustpromotion.de\/wp-content\/uploads\/2020\/04\/Trustpromotion-Messekalender-Logo-VDI-nachrichten-Recruiting-Tag-D\u00fcsseldorf.gif\" width=\"100%\"  alt=\"\" uk-img>\n\t<\/div>\t\n\t<div class=\"uk-width-1-1 uk-width-2-3@s uk-width-3-4@m\">\n\t\t<h2>VDI nachrichten Recruiting Tag Hamburg<\/h2>\n\t\t<div>Die Karrieremesse f\u00fcr stellensuchende und wechselwillige Ingenieure<\/div>\n\t\t<div>Handelskammer Hamburg<\/div>\n\t\t<div>04.05.2023 - 04.05.2023<\/div><br>\n\t\t\n\t<\/div>\n<\/a>\n\n\t\t\t\t\t\t<a href=\"https:\/\/trustpromotion.de\/pl\/messen\/studieren-im-norden\/\" class=\"uk-link-reset\" uk-grid>\n\t<div class=\"uk-width-1-1 uk-width-1-3@s uk-width-1-4@m \">\n\t\t<img class=\"lazyload\" data-src=\"https:\/\/trustpromotion.de\/wp-content\/uploads\/2020\/04\/Trustpromotion-Messekalender-Logo-Studieren-im-Norden.gif\" width=\"100%\"  alt=\"\" uk-img>\n\t<\/div>\t\n\t<div class=\"uk-width-1-1 uk-width-2-3@s uk-width-3-4@m\">\n\t\t<h2>Studieren im Norden<\/h2>\n\t\t<div>Die Hochschulmesse<\/div>\n\t\t<div>Agentur f\u00fcr Arbeit Hamburg<\/div>\n\t\t<div>06.05.2023 - 06.05.2023<\/div><br>\n\t\t\n\t<\/div>\n<\/a>\n\n\t\t\t\t\t\t<a href=\"https:\/\/trustpromotion.de\/pl\/messen\/online-marketing-rockstars\/\" class=\"uk-link-reset\" uk-grid>\n\t<div class=\"uk-width-1-1 uk-width-1-3@s uk-width-1-4@m \">\n\t\t<img class=\"lazyload\" data-src=\"https:\/\/trustpromotion.de\/wp-content\/uploads\/2020\/04\/Trustpromotion-Messekalender-Logo-Online-Marketing-Rockstars.gif\" width=\"100%\"  alt=\"\" uk-img>\n\t<\/div>\t\n\t<div class=\"uk-width-1-1 uk-width-2-3@s uk-width-3-4@m\">\n\t\t<h2>Online Marketing Rockstars<\/h2>\n\t\t<div>Messe und Konferenz rund um Online-Marketing<\/div>\n\t\t<div>Hamburg Messe und Congress<\/div>\n\t\t<div>09.05.2023 - 10.05.2023<\/div><br>\n\t\t\n\t<\/div>\n<\/a>\n\n\t\t\t\t\t\t<a href=\"https:\/\/trustpromotion.de\/pl\/messen\/isc-high-performance\/\" class=\"uk-link-reset\" uk-grid>\n\t<div class=\"uk-width-1-1 uk-width-1-3@s uk-width-1-4@m \">\n\t\t<img class=\"lazyload\" data-src=\"https:\/\/trustpromotion.de\/wp-content\/uploads\/2020\/04\/Trustpromotion-Messekalender-Logo-ISC-Frankfurt.gif\" width=\"100%\"  alt=\"\" uk-img>\n\t<\/div>\t\n\t<div class=\"uk-width-1-1 uk-width-2-3@s uk-width-3-4@m\">\n\t\t<h2>ISC High Performance<\/h2>\n\t\t<div>International Supercomputing Conference<\/div>\n\t\t<div>CCH - Congress Center Hamburg<\/div>\n\t\t<div>21.05.2023 - 25.05.2023<\/div><br>\n\t\t\n\t<\/div>\n<\/a>\n\n\t\t\t\t\t\t<a href=\"https:\/\/trustpromotion.de\/pl\/messen\/schraubtec-nord\/\" class=\"uk-link-reset\" uk-grid>\n\t<div class=\"uk-width-1-1 uk-width-1-3@s uk-width-1-4@m \">\n\t\t<img class=\"lazyload\" data-src=\"https:\/\/trustpromotion.de\/wp-content\/uploads\/2021\/11\/Trustpromotion-Messekalender-Logo-SchraubTec-OST.png\" width=\"100%\"  alt=\"\" uk-img>\n\t<\/div>\t\n\t<div class=\"uk-width-1-1 uk-width-2-3@s uk-width-3-4@m\">\n\t\t<h2>SchraubTec NORD<\/h2>\n\t\t<div>Regionale Fachmesse f\u00fcr Schraubverbindungen<\/div>\n\t\t<div>MesseHalle Hamburg-Schnelsen<\/div>\n\t\t<div>25.05.2023 - 25.05.2023<\/div><br>\n\t\t\n\t<\/div>\n<\/a>\n\n\t\t\t\t\t\t<a href=\"https:\/\/trustpromotion.de\/pl\/messen\/medivitalis-convention-day\/\" class=\"uk-link-reset\" uk-grid>\n\t<div class=\"uk-width-1-1 uk-width-1-3@s uk-width-1-4@m \">\n\t\t<img class=\"lazyload\" data-src=\"https:\/\/trustpromotion.de\/wp-content\/uploads\/2022\/10\/TrustPromotion-Messekalender-Logo-22160-Medivitalis-Convention-Day.png\" width=\"100%\"  alt=\"\" uk-img>\n\t<\/div>\t\n\t<div class=\"uk-width-1-1 uk-width-2-3@s uk-width-3-4@m\">\n\t\t<h2>Medivitalis Convention Day<\/h2>\n\t\t<div>Lifestyle-Messe f\u00fcr K\u00f6rper, Geist & Seele<\/div>\n\t\t<div>Besenbinderhof<\/div>\n\t\t<div>27.05.2023 - 27.05.2023<\/div><br>\n\t\t\n\t<\/div>\n<\/a>\n\n\t\t\t\t\t\t<a href=\"https:\/\/trustpromotion.de\/pl\/messen\/regionaler-absolventenkongress-hamburg\/\" class=\"uk-link-reset\" uk-grid>\n\t<div class=\"uk-width-1-1 uk-width-1-3@s uk-width-1-4@m \">\n\t\t<img class=\"lazyload\" data-src=\"https:\/\/trustpromotion.de\/wp-content\/uploads\/2020\/11\/Trustpromotion-Messekalender-Logo-Absolventenkongress-Baden-Wuerttemberg.png\" width=\"100%\"  alt=\"\" uk-img>\n\t<\/div>\t\n\t<div class=\"uk-width-1-1 uk-width-2-3@s uk-width-3-4@m\">\n\t\t<h2>Regionaler Absolventenkongress Hamburg<\/h2>\n\t\t<div>Jobmesse f\u00fcr Studenten, Absolventen und Young Professionals<\/div>\n\t\t<div>Handelskammer Hamburg<\/div>\n\t\t<div>31.05.2023 - 31.05.2023<\/div><br>\n\t\t\n\t<\/div>\n<\/a>\n\n\t\t\t\t\t\t<a href=\"https:\/\/trustpromotion.de\/pl\/messen\/vocatium-hamburg-sued\/\" class=\"uk-link-reset\" uk-grid>\n\t<div class=\"uk-width-1-1 uk-width-1-3@s uk-width-1-4@m \">\n\t\t<img class=\"lazyload\" data-src=\"https:\/\/trustpromotion.de\/wp-content\/uploads\/2020\/04\/Trustpromotion-Messekalender-Logo-vocatium-Flensburg.gif\" width=\"100%\"  alt=\"\" uk-img>\n\t<\/div>\t\n\t<div class=\"uk-width-1-1 uk-width-2-3@s uk-width-3-4@m\">\n\t\t<h2>vocatium Hamburg S\u00fcd<\/h2>\n\t\t<div>Fachmesse f\u00fcr Ausbildung+Studium<\/div>\n\t\t<div>Edel-optics.de Arena<\/div>\n\t\t<div>31.05.2023 - 01.06.2023<\/div><br>\n\t\t\n\t<\/div>\n<\/a>\n\n\t\t\t\t\t\t<a href=\"https:\/\/trustpromotion.de\/pl\/messen\/minerale-hamburg-schnelsen\/\" class=\"uk-link-reset\" uk-grid>\n\t<div class=\"uk-width-1-1 uk-width-1-3@s uk-width-1-4@m \">\n\t\t<img class=\"lazyload\" data-src=\"https:\/\/trustpromotion.de\/wp-content\/uploads\/2021\/11\/Trustpromotion-Messekalender-Logo-minerale-Hamburg-Schnelsen.png\" width=\"100%\"  alt=\"\" uk-img>\n\t<\/div>\t\n\t<div class=\"uk-width-1-1 uk-width-2-3@s uk-width-3-4@m\">\n\t\t<h2>minerale Hamburg-Schnelsen<\/h2>\n\t\t<div>Die Mineralienmesse<\/div>\n\t\t<div>MesseHalle Hamburg-Schnelsen<\/div>\n\t\t<div>02.06.2023 - 04.06.2023<\/div><br>\n\t\t\n\t<\/div>\n<\/a>\n\n\t\t\t\t\t\t<a href=\"https:\/\/trustpromotion.de\/pl\/messen\/auf-in-die-welt-messe-hamburg-ida-ehre-schule\/\" class=\"uk-link-reset\" uk-grid>\n\t<div class=\"uk-width-1-1 uk-width-1-3@s uk-width-1-4@m \">\n\t\t<img class=\"lazyload\" data-src=\"https:\/\/trustpromotion.de\/wp-content\/uploads\/2020\/04\/Trustpromotion-Messekalender-Logo-Auf-in-die-Welt-Messe-Hamburg-HanseMerkur-Haus.gif\" width=\"100%\"  alt=\"\" uk-img>\n\t<\/div>\t\n\t<div class=\"uk-width-1-1 uk-width-2-3@s uk-width-3-4@m\">\n\t\t<h2>Auf in die Welt Messe Hamburg Ida Ehre Schule<\/h2>\n\t\t<div>Deine Messe f\u00fcr Auslandsaufenthalte und Internationale Bildung<\/div>\n\t\t<div>Ida Ehre Schule<\/div>\n\t\t<div>03.06.2023 - 03.06.2023<\/div><br>\n\t\t\n\t<\/div>\n<\/a>\n\n\t\t\t\t\t\t<a href=\"https:\/\/trustpromotion.de\/pl\/messen\/terraboerse-hamburg-farmsen\/\" class=\"uk-link-reset\" uk-grid>\n\t<div class=\"uk-width-1-1 uk-width-1-3@s uk-width-1-4@m \">\n\t\t<img class=\"lazyload\" data-src=\"https:\/\/trustpromotion.de\/wp-content\/uploads\/2020\/04\/Trustpromotion-Messekalender-Logo-Diva.jpg\" width=\"100%\"  alt=\"\" uk-img>\n\t<\/div>\t\n\t<div class=\"uk-width-1-1 uk-width-2-3@s uk-width-3-4@m\">\n\t\t<h2>Terrab\u00f6rse Hamburg Farmsen<\/h2>\n\t\t<div>Die Terraristikmesse f\u00fcr Reptilien und Terraristik<\/div>\n\t\t<div>Eissporthalle Farmsen<\/div>\n\t\t<div>04.06.2023 - 04.06.2023<\/div><br>\n\t\t\n\t<\/div>\n<\/a>\n\n\t\t\t\t\t\t<a href=\"https:\/\/trustpromotion.de\/pl\/messen\/aircraft-interiors-expo\/\" class=\"uk-link-reset\" uk-grid>\n\t<div class=\"uk-width-1-1 uk-width-1-3@s uk-width-1-4@m \">\n\t\t<img class=\"lazyload\" data-src=\"https:\/\/trustpromotion.de\/wp-content\/uploads\/2020\/04\/Trustpromotion-Messekalender-Logo-Aircraft-Interiors-Expo.gif\" width=\"100%\"  alt=\"\" uk-img>\n\t<\/div>\t\n\t<div class=\"uk-width-1-1 uk-width-2-3@s uk-width-3-4@m\">\n\t\t<h2>Aircraft Interiors Expo<\/h2>\n\t\t<div>Internationale Ausstellung rund um Flugzeuginnenausstattung<\/div>\n\t\t<div>Hamburg Messe und Congress<\/div>\n\t\t<div>06.06.2023 - 08.06.2023<\/div><br>\n\t\t\n\t<\/div>\n<\/a>\n\n\t\t\t\t\t\t<a href=\"https:\/\/trustpromotion.de\/pl\/messen\/world-travel-catering-onboard-services-expo\/\" class=\"uk-link-reset\" uk-grid>\n\t<div class=\"uk-width-1-1 uk-width-1-3@s uk-width-1-4@m \">\n\t\t<img class=\"lazyload\" data-src=\"https:\/\/trustpromotion.de\/wp-content\/uploads\/2020\/04\/Trustpromotion-Messekalender-Logo-World-Travel-Catering-Onboard-Services-EXPO.gif\" width=\"100%\"  alt=\"\" uk-img>\n\t<\/div>\t\n\t<div class=\"uk-width-1-1 uk-width-2-3@s uk-width-3-4@m\">\n\t\t<h2>World Travel Catering &#038; Onboard Services EXPO<\/h2>\n\t\t<div>The global event for the menus and amenities industry<\/div>\n\t\t<div>Hamburg Messe und Congress<\/div>\n\t\t<div>06.06.2023 - 08.06.2023<\/div><br>\n\t\t\n\t<\/div>\n<\/a>\n\n\t\t\t\t\t\t<a href=\"https:\/\/trustpromotion.de\/pl\/messen\/etfn\/\" class=\"uk-link-reset\" uk-grid>\n\t<div class=\"uk-width-1-1 uk-width-1-3@s uk-width-1-4@m \">\n\t\t<img class=\"lazyload\" data-src=\"https:\/\/trustpromotion.de\/wp-content\/uploads\/2020\/04\/Trustpromotion-Messekalender-Logo-ETFN.gif\" width=\"100%\"  alt=\"\" uk-img>\n\t<\/div>\t\n\t<div class=\"uk-width-1-1 uk-width-2-3@s uk-width-3-4@m\">\n\t\t<h2>ETFN<\/h2>\n\t\t<div>Elektronik-Technologie-Forum Nord<\/div>\n\t\t<div>MesseHalle Hamburg-Schnelsen<\/div>\n\t\t<div>07.06.2023 - 08.06.2023<\/div><br>\n\t\t\n\t<\/div>\n<\/a>\n\n\t\t\t\t\t\t<a href=\"https:\/\/trustpromotion.de\/pl\/messen\/viertel-meile-design-markt\/\" class=\"uk-link-reset\" uk-grid>\n\t<div class=\"uk-width-1-1 uk-width-1-3@s uk-width-1-4@m \">\n\t\t<img class=\"lazyload\" data-src=\"https:\/\/trustpromotion.de\/wp-content\/uploads\/2022\/10\/TrustPromotion-Messekalender-Logo-22132-Viertel-Meile-Design-Markt.png\" width=\"100%\"  alt=\"\" uk-img>\n\t<\/div>\t\n\t<div class=\"uk-width-1-1 uk-width-2-3@s uk-width-3-4@m\">\n\t\t<h2>Viertel Meile Design Markt<\/h2>\n\t\t<div>Der Designmarkt im Herzen der Reeperbahn<\/div>\n\t\t<div>Spielbudenplatz St. Pauli<\/div>\n\t\t<div>11.06.2023 - 11.06.2023<\/div><br>\n\t\t\n\t<\/div>\n<\/a>\n\n\t\t\t\t\t\t<a href=\"https:\/\/trustpromotion.de\/pl\/messen\/stellenwerk-jobmesse-hamburg\/\" class=\"uk-link-reset\" uk-grid>\n\t<div class=\"uk-width-1-1 uk-width-1-3@s uk-width-1-4@m \">\n\t\t<img class=\"lazyload\" data-src=\"https:\/\/trustpromotion.de\/wp-content\/uploads\/2020\/04\/Trustpromotion-Messekalender-Logo-stellenwerk-Jobmesse-Hamburg.gif\" width=\"100%\"  alt=\"\" uk-img>\n\t<\/div>\t\n\t<div class=\"uk-width-1-1 uk-width-2-3@s uk-width-3-4@m\">\n\t\t<h2>stellenwerk-Jobmesse Hamburg<\/h2>\n\t\t<div>Die Jobmesse der Hamburger Hochschulen<\/div>\n\t\t<div>Campus Universit\u00e4t Hamburg<\/div>\n\t\t<div>13.06.2023 - 15.06.2023<\/div><br>\n\t\t\n\t<\/div>\n<\/a>\n\n\t\t\t\t\t\t<a href=\"https:\/\/trustpromotion.de\/pl\/messen\/empack-hamburg\/\" class=\"uk-link-reset\" uk-grid>\n\t<div class=\"uk-width-1-1 uk-width-1-3@s uk-width-1-4@m \">\n\t\t<img class=\"lazyload\" data-src=\"https:\/\/trustpromotion.de\/wp-content\/uploads\/2021\/09\/Trustpromotion-Messekalender-Logo-EMPACK-Hamburg.png\" width=\"100%\"  alt=\"\" uk-img>\n\t<\/div>\t\n\t<div class=\"uk-width-1-1 uk-width-2-3@s uk-width-3-4@m\">\n\t\t<h2>EMPACK Hamburg<\/h2>\n\t\t<div>Nationale Fachmesse f\u00fcr die Verpackungsindustrie<\/div>\n\t\t<div>MesseHalle Hamburg-Schnelsen<\/div>\n\t\t<div>14.06.2023 - 15.06.2023<\/div><br>\n\t\t\n\t<\/div>\n<\/a>\n\n\t\t\t\t\t\t<a href=\"https:\/\/trustpromotion.de\/pl\/messen\/logistics-automation-hamburg\/\" class=\"uk-link-reset\" uk-grid>\n\t<div class=\"uk-width-1-1 uk-width-1-3@s uk-width-1-4@m \">\n\t\t<img class=\"lazyload\" data-src=\"https:\/\/trustpromotion.de\/wp-content\/uploads\/2021\/09\/Trustpromotion-Messekalender-Logo-Logistics-Distribution-Hamburg.png\" width=\"100%\"  alt=\"\" uk-img>\n\t<\/div>\t\n\t<div class=\"uk-width-1-1 uk-width-2-3@s uk-width-3-4@m\">\n\t\t<h2>Logistics &#038; Automation Hamburg<\/h2>\n\t\t<div>Die Fachmesse f\u00fcr Intralogistik und Materialfluss<\/div>\n\t\t<div>MesseHalle Hamburg-Schnelsen<\/div>\n\t\t<div>14.06.2023 - 15.06.2023<\/div><br>\n\t\t\n\t<\/div>\n<\/a>\n\n\t\t\t\t\t\t<a href=\"https:\/\/trustpromotion.de\/pl\/messen\/working-products\/\" class=\"uk-link-reset\" uk-grid>\n\t<div class=\"uk-width-1-1 uk-width-1-3@s uk-width-1-4@m \">\n\t\t<img class=\"lazyload\" data-src=\"https:\/\/trustpromotion.de\/wp-content\/uploads\/2022\/10\/TrustPromotion-Messekalender-Logo-22209-WORKING-PRODUCTS.png\" width=\"100%\"  alt=\"\" uk-img>\n\t<\/div>\t\n\t<div class=\"uk-width-1-1 uk-width-2-3@s uk-width-3-4@m\">\n\t\t<h2>WORKING PRODUCTS<\/h2>\n\t\t<div>Die Konferenz rund um agile Produktentwicklung<\/div>\n\t\t<div>Goldbekhaus<\/div>\n\t\t<div>15.06.2023 - 16.06.2023<\/div><br>\n\t\t\n\t<\/div>\n<\/a>\n\n\t\t\t\t\t\t<a href=\"https:\/\/trustpromotion.de\/pl\/messen\/jubi-hamburg-die-jugendbildungsmesse\/\" class=\"uk-link-reset\" uk-grid>\n\t<div class=\"uk-width-1-1 uk-width-1-3@s uk-width-1-4@m \">\n\t\t<img class=\"lazyload\" data-src=\"https:\/\/trustpromotion.de\/wp-content\/uploads\/2020\/04\/Trustpromotion-Messekalender-Logo-JuBi-K\u00f6ln-1-Die-JugendBildungsmesse.gif\" width=\"100%\"  alt=\"\" uk-img>\n\t<\/div>\t\n\t<div class=\"uk-width-1-1 uk-width-2-3@s uk-width-3-4@m\">\n\t\t<h2>JuBi Hamburg &#8211; Die JugendBildungsmesse<\/h2>\n\t\t<div>Messe f\u00fcr Schule, Reisen, Lernen und Leben im Ausland<\/div>\n\t\t<div>Gymnasium Heidberg<\/div>\n\t\t<div>17.06.2023 - 17.06.2023<\/div><br>\n\t\t\n\t<\/div>\n<\/a>\n\n\t\t\t\t\t\t<\/div>\n\t\t\t<div id=\"more-items-container\"><\/div><a href=\"javascript:void(0);\" \n   class=\"load-more\" \n   data-target=\".messen-items\" \n   data-container=\"#more-items-container\" \n   data-no_paging_url=\"\" \n   data-hasmore=\"true\" \n   data-total=\"4\" \n   data-next=\"2\">\n\t+ weitere laden<span uk-spinner=\"ratio:.5;\" class=\"uk-margin-small-left uk-hidden\"><\/span>\n<\/a>\n\t\t\t\n<script>window.onload = (event) => {\n\t(function($){\n\t\t\/\/ disable load more button when attribute dictates there are no more pages\n\t\t$( '.load-more' ).each( function( item ) { if ($(this).attr( 'data-hasmore' ) == 'false') { $(this).remove(); }; } );\n\t\t$( 'body' ).on( 'click' , '.load-more' , function() {\n\t\t\tconst $this = $( this );\n\t\t\t$this.find( \"[uk-spinner]\" ).removeClass( 'uk-hidden' );\n\t\t\tvar next = parseInt($this.attr( 'data-next' )),\n\t\t\t\ttotal = parseInt($this.attr( 'data-total' )); \n\t\t\tvar url = $this.data( 'no_paging_url' );\n\t\t\t\/\/ when no_paging_url is a ?s={searchstring} url \n\t\t\tif ( $this.data( 'no_paging_url' ).includes( '?s=' ) ) {\n\t\t\t\turl = url.replace( '?s=' , `page\/${next}\/?s=` );\n\t\t\t} else {\n\t\t\t\turl += `page\/${next}\/`;\n\t\t\t}\n\t\t\t$( $this.data( 'container' ) ).load( `${url} .messen-items > a` , function() {\n\t\t\t\t\/\/ now move the items from the target to the \n\t\t\t\t$($this.data( 'target' )).append( $($this.data( 'container' )).html() );\n\t\t\t\t$($this.data( 'container' )).html( \"\" );\n\t\t\t\t\/\/ remove if we're already on the last item\n\t\t\t\tif ( next == total ) {\n\t\t\t\t\t$this.remove();\n\t\t\t\t\treturn;\n\t\t\t\t} else {\n\t\t\t\t\t$this.attr( \"data-next\" , next + 1 );\n\t\t\t\t}\n\t\t\t$this.find( \"[uk-spinner]\" ).addClass( 'uk-hidden' );\n\t\t\t} );\n\t\t} );\n\t})(jQuery);\t\n}\n<\/script>\n\n\n\n<p class=\"gb-headline gb-headline-fc165c36 gb-headline-text\"><strong>Hinweis:<\/strong> Messeinformationen werden aktuell nicht in Englisch \u00fcbersetzt und stehen deshalb nur auf der deutschen Seite zur Verf\u00fcgung.<\/p>\n\n\n\n<hr class=\"wp-block-separator has-text-color has-global-color-1-color has-css-opacity has-global-color-1-background-color has-background\"\/>\n\n\n\n<h2 class=\"gb-headline gb-headline-b1183183 gb-headline-text\">MESSEKALENDER INFORMATIONEN<\/h2>\n\n\n\n<p>Die Messeinformationen Hamburg [current_year] werden kostenfrei von TRUST Promotion zur Verf\u00fcgung gestellt. Es sind alle Messen, Kongresse, Tagungen, Konferenzen und Symposien, die in der Stadt Hamburg \/ Messe Hamburg im Jahr [current_year] stattfinden aufgelistet. Sie finden zu allen Messe- und Veranstaltungsterminen die wichtigsten Informationen wie: Datum, \u00d6ffnungszeiten, Adresse, Eintrittspreise, sowie den Link zur Messe Webseite.<\/p>\n\n\n\n<h2 class=\"gb-headline gb-headline-26043d64 gb-headline-text\">INFORMATIONEN \u00dcBER DIE MESSE Hamburg [current_year]<\/h2>\n\n\n\n<p>Im Norden Deutschlands z\u00e4hlt Hamburg zu einem beliebten Messestandort. Die Schwerpunkte der Messe Hamburg liegen auf der Luftfahrt, Kreativwirtschaft, erneuerbaren Energien, IT, Medien und der maritimem Wirtschaft.<\/p>\n\n\n\n<p>Zu den beliebten Veranstaltungen der Messe Hamburg z\u00e4hlen die Ordermesse Nordstil f\u00fcr den Einzelhandel, die Aircraft Interiors Expo und die WindEnergy.<\/p>\n\n\n\n<p>Das Messegel\u00e4nde beinhaltet auf 97.000 m\u00b2 11 Hallen. In den 97.000 m\u00b2 ist eine Au\u00dfenfl\u00e4che mit 10.000 m\u00b2 Fl\u00e4che f\u00fcr gro\u00dfartige Veranstaltungen inbegriffen.<\/p>\n\n\n<div class=\"gb-grid-wrapper gb-grid-wrapper-002fe999\">\n<div class=\"gb-grid-column gb-grid-column-9313bb47\"><div class=\"gb-container gb-container-9313bb47\"><div class=\"gb-inside-container\">\n\n<p class=\"gb-headline gb-headline-c214fcf3 gb-headline-text\"><a href=\"https:\/\/trustpromotion.de\/messestadt-hamburg\/\">i<\/a><\/p>\n\n<\/div><\/div><\/div>\n\n<div class=\"gb-grid-column gb-grid-column-75e10253\"><div class=\"gb-container gb-container-75e10253\"><div class=\"gb-inside-container\">\n\n<h3 class=\"gb-headline gb-headline-69333ee0 gb-headline-text\"><a href=\"https:\/\/trustpromotion.de\/messestadt-hamburg\/\" data-type=\"page\">weitere Informationen zum Messestandort Hamburg<\/a><\/h3>\n\n\n\n<p class=\"gb-headline gb-headline-26a280b6 gb-headline-text\">Hotels, Parken, Anfahrt und mehr Informationen zur Messe Hamburg.<\/p>\n\n<\/div><\/div><\/div>\n<\/div>\n<\/div><\/div>","protected":false},"excerpt":{"rendered":"<p>Messen Hamburg Messetermine, Kongresse und Gastveranstaltungen in Hamburg mit allen  &#8230;<\/p>","protected":false},"author":6,"featured_media":0,"parent":0,"menu_order":0,"comment_status":"closed","ping_status":"closed","template":"","meta":{"_improvement_type_select":"improve_an_existing","_thumb_yes_seoaic":false,"_frame_yes_seoaic":false,"seoaic_generate_description":"","seoaic_improve_instructions_prompt":"","seoaic_rollback_content_improvement":"","seoaic_idea_thumbnail_generator":"","thumbnail_generated":false,"thumbnail_generate_prompt":"","seoaic_article_description":"","footnotes":""},"p-category":[],"class_list":["post-21832","page","type-page","status-publish","hentry"],"_links":{"self":[{"href":"https:\/\/trustpromotion.de\/pl\/wp-json\/wp\/v2\/pages\/21832","targetHints":{"allow":["GET"]}}],"collection":[{"href":"https:\/\/trustpromotion.de\/pl\/wp-json\/wp\/v2\/pages"}],"about":[{"href":"https:\/\/trustpromotion.de\/pl\/wp-json\/wp\/v2\/types\/page"}],"author":[{"embeddable":true,"href":"https:\/\/trustpromotion.de\/pl\/wp-json\/wp\/v2\/users\/6"}],"replies":[{"embeddable":true,"href":"https:\/\/trustpromotion.de\/pl\/wp-json\/wp\/v2\/comments?post=21832"}],"version-history":[{"count":0,"href":"https:\/\/trustpromotion.de\/pl\/wp-json\/wp\/v2\/pages\/21832\/revisions"}],"wp:attachment":[{"href":"https:\/\/trustpromotion.de\/pl\/wp-json\/wp\/v2\/media?parent=21832"}],"wp:term":[{"taxonomy":"p-category","embeddable":true,"href":"https:\/\/trustpromotion.de\/pl\/wp-json\/wp\/v2\/p-category?post=21832"}],"curies":[{"name":"wp","href":"https:\/\/api.w.org\/{rel}","templated":true}]}}