{"id":22685,"date":"2020-12-03T09:20:25","date_gmt":"2020-12-03T08:20:25","guid":{"rendered":"https:\/\/staging.trustpromotion.info\/?page_id=22685"},"modified":"2024-04-08T10:58:18","modified_gmt":"2024-04-08T08:58:18","slug":"messen-in-berlin","status":"publish","type":"page","link":"https:\/\/trustpromotion.de\/pl\/targi-w-berlinie\/","title":{"rendered":"Targi w Berlinie"},"content":{"rendered":"<div class=\"gb-container gb-container-8dd03bdf gb-container-main-container\"><div class=\"gb-inside-container\">\n\n<h1 class=\"gb-headline gb-headline-233dea5b gb-headline-text\">Messen Berlin<\/h1>\n\n\n\n<h3 class=\"gb-headline gb-headline-9f3c67b6 gb-headline-text\">Messetermine, Kongresse und Gastveranstaltungen der<br>Messe Berlin mit allen wichtigen Informationen.<\/h3>\n\n\n\n<hr class=\"wp-block-separator has-text-color has-global-color-1-color has-css-opacity has-global-color-1-background-color has-background\"\/>\n\n\n\t\t\t\t\t\t\t\t\t\t\t\t\t\t<div class=\"uk-margin-top messen-items\">\n\t\t\t\t\t\t<a href=\"https:\/\/trustpromotion.de\/pl\/messen\/schau-berlin\/\" class=\"uk-link-reset\" uk-grid>\n\t<div class=\"uk-width-1-1 uk-width-1-3@s uk-width-1-4@m \">\n\t\t<img class=\"lazyload\" data-src=\"https:\/\/trustpromotion.de\/wp-content\/uploads\/2020\/04\/Trustpromotion-Messekalender-Logo-SCHAU-Berlin.gif\" width=\"100%\"  alt=\"\" uk-img>\n\t<\/div>\t\n\t<div class=\"uk-width-1-1 uk-width-2-3@s uk-width-3-4@m\">\n\t\t<h2>SCHAU! Berlin<\/h2>\n\t\t<div>Berliner Fotomesse<\/div>\n\t\t<div>Lette-Verein<\/div>\n\t\t<div>24.06.2022 - 25.06.2023<\/div><br>\n\t\t\n\t<\/div>\n<\/a>\n\n\t\t\t\t\t\t<a href=\"https:\/\/trustpromotion.de\/pl\/messen\/babini-berlin\/\" class=\"uk-link-reset\" uk-grid>\n\t<div class=\"uk-width-1-1 uk-width-1-3@s uk-width-1-4@m \">\n\t\t<img class=\"lazyload\" data-src=\"https:\/\/trustpromotion.de\/wp-content\/uploads\/2022\/03\/TrustPromotion-Messekalender-Logo-7904-Babini-Hamburg.png\" width=\"100%\"  alt=\"\" uk-img>\n\t<\/div>\t\n\t<div class=\"uk-width-1-1 uk-width-2-3@s uk-width-3-4@m\">\n\t\t<h2>Babini Berlin<\/h2>\n\t\t<div>die Babymesse<\/div>\n\t\t<div>Messe Berlin - CityCube<\/div>\n\t\t<div>05.05.2023 - 07.05.2023<\/div><br>\n\t\t\n\t<\/div>\n<\/a>\n\n\t\t\t\t\t\t<a href=\"https:\/\/trustpromotion.de\/pl\/messen\/blickfang-berlin\/\" class=\"uk-link-reset\" uk-grid>\n\t<div class=\"uk-width-1-1 uk-width-1-3@s uk-width-1-4@m \">\n\t\t<img class=\"lazyload\" data-src=\"https:\/\/trustpromotion.de\/wp-content\/uploads\/2023\/05\/TrustPromotion-Messekalender-Logo-9-Blickfang-Stuttgart.png\" width=\"100%\"  alt=\"\" uk-img>\n\t<\/div>\t\n\t<div class=\"uk-width-1-1 uk-width-2-3@s uk-width-3-4@m\">\n\t\t<h2>Blickfang Berlin<\/h2>\n\t\t<div>Designmesse f\u00fcr M\u00f6bel, Schmuck, Mode<\/div>\n\t\t<div>Kant-Garagen<\/div>\n\t\t<div>05.05.2023 - 07.05.2023<\/div><br>\n\t\t\n\t<\/div>\n<\/a>\n\n\t\t\t\t\t\t<a href=\"https:\/\/trustpromotion.de\/pl\/messen\/difg-digitalforum-gesundheit\/\" class=\"uk-link-reset\" uk-grid>\n\t<div class=\"uk-width-1-1 uk-width-1-3@s uk-width-1-4@m \">\n\t\t<img class=\"lazyload\" data-src=\"https:\/\/trustpromotion.de\/wp-content\/uploads\/2023\/05\/TrustPromotion-Messekalender-Logo-22556-DiFG-Digitalforum-Gesundheit.png\" width=\"100%\"  alt=\"\" uk-img>\n\t<\/div>\t\n\t<div class=\"uk-width-1-1 uk-width-2-3@s uk-width-3-4@m\">\n\t\t<h2>DiFG &#8211; Digitalforum Gesundheit<\/h2>\n\t\t<div>Kongress f\u00fcr Digitale Gesundheitsst\u00e4dte und -regionen<\/div>\n\t\t<div>Design Offices Berlin Humboldthafen<\/div>\n\t\t<div>05.05.2023 - 05.05.2023<\/div><br>\n\t\t\n\t<\/div>\n<\/a>\n\n\t\t\t\t\t\t<a href=\"https:\/\/trustpromotion.de\/pl\/messen\/spreeside-whisky-berlin\/\" class=\"uk-link-reset\" uk-grid>\n\t<div class=\"uk-width-1-1 uk-width-1-3@s uk-width-1-4@m \">\n\t\t<img class=\"lazyload\" data-src=\"https:\/\/trustpromotion.de\/wp-content\/uploads\/2020\/04\/Trustpromotion-Messekalender-Logo-Spreeside-Whisky-Berlin.gif\" width=\"100%\"  alt=\"\" uk-img>\n\t<\/div>\t\n\t<div class=\"uk-width-1-1 uk-width-2-3@s uk-width-3-4@m\">\n\t\t<h2>Spreeside Whisky Berlin<\/h2>\n\t\t<div>Die Whiskymesse am Spreeufer<\/div>\n\t\t<div>S\u00e4\u00e4lchen am Holzmarkt<\/div>\n\t\t<div>05.05.2023 - 06.05.2023<\/div><br>\n\t\t\n\t<\/div>\n<\/a>\n\n\t\t\t\t\t\t<a href=\"https:\/\/trustpromotion.de\/pl\/messen\/berliner-freiwilligenboerse\/\" class=\"uk-link-reset\" uk-grid>\n\t<div class=\"uk-width-1-1 uk-width-1-3@s uk-width-1-4@m \">\n\t\t<img class=\"lazyload\" data-src=\"https:\/\/trustpromotion.de\/wp-content\/uploads\/2020\/04\/Trustpromotion-Messekalender-Logo-Berliner-Freiwilligenb\u00f6rse.gif\" width=\"100%\"  alt=\"\" uk-img>\n\t<\/div>\t\n\t<div class=\"uk-width-1-1 uk-width-2-3@s uk-width-3-4@m\">\n\t\t<h2>Berliner Freiwilligenb\u00f6rse<\/h2>\n\t\t<div>Info-Messe f\u00fcr Menschen, die sich freiwillig engagieren wollen<\/div>\n\t\t<div>Rotes Rathaus<\/div>\n\t\t<div>06.05.2023 - 06.05.2023<\/div><br>\n\t\t\n\t<\/div>\n<\/a>\n\n\t\t\t\t\t\t<a href=\"https:\/\/trustpromotion.de\/pl\/messen\/classic-days-berlin\/\" class=\"uk-link-reset\" uk-grid>\n\t<div class=\"uk-width-1-1 uk-width-1-3@s uk-width-1-4@m \">\n\t\t<img class=\"lazyload\" data-src=\"https:\/\/trustpromotion.de\/wp-content\/uploads\/2020\/04\/Trustpromotion-Messekalender-Logo-CLASSIC-DAYS-BERLIN.gif\" width=\"100%\"  alt=\"\" uk-img>\n\t<\/div>\t\n\t<div class=\"uk-width-1-1 uk-width-2-3@s uk-width-3-4@m\">\n\t\t<h2>CLASSIC DAYS BERLIN<\/h2>\n\t\t<div>Die automobile Faszination f\u00fcr jung und alt<\/div>\n\t\t<div>Kurf\u00fcrstendamm Berlin<\/div>\n\t\t<div>06.05.2023 - 07.05.2023<\/div><br>\n\t\t\n\t<\/div>\n<\/a>\n\n\t\t\t\t\t\t<a href=\"https:\/\/trustpromotion.de\/pl\/messen\/veloberlin\/\" class=\"uk-link-reset\" uk-grid>\n\t<div class=\"uk-width-1-1 uk-width-1-3@s uk-width-1-4@m \">\n\t\t<img class=\"lazyload\" data-src=\"https:\/\/trustpromotion.de\/wp-content\/uploads\/2020\/04\/Trustpromotion-Messekalender-Logo-VELOBerlin.gif\" width=\"100%\"  alt=\"\" uk-img>\n\t<\/div>\t\n\t<div class=\"uk-width-1-1 uk-width-2-3@s uk-width-3-4@m\">\n\t\t<h2>VELOBerlin<\/h2>\n\t\t<div>Open Air<\/div>\n\t\t<div>Flughafen Tempelhof<\/div>\n\t\t<div>06.05.2023 - 07.05.2023<\/div><br>\n\t\t\n\t<\/div>\n<\/a>\n\n\t\t\t\t\t\t<a href=\"https:\/\/trustpromotion.de\/pl\/messen\/tech-in-construction-berlin\/\" class=\"uk-link-reset\" uk-grid>\n\t<div class=\"uk-width-1-1 uk-width-1-3@s uk-width-1-4@m \">\n\t\t<img class=\"lazyload\" data-src=\"https:\/\/trustpromotion.de\/wp-content\/uploads\/2020\/04\/Trustpromotion-Messekalender-Logo-TECH-IN-CONSTRUCTION-Berlin.png\" width=\"100%\"  alt=\"\" uk-img>\n\t<\/div>\t\n\t<div class=\"uk-width-1-1 uk-width-2-3@s uk-width-3-4@m\">\n\t\t<h2>TECH IN CONSTRUCTION Berlin<\/h2>\n\t\t<div>Start-up-Messe f\u00fcr Innovationen in der Baubranche<\/div>\n\t\t<div>K\u00fchlhaus Berlin<\/div>\n\t\t<div>09.05.2023 - 11.05.2023<\/div><br>\n\t\t\n\t<\/div>\n<\/a>\n\n\t\t\t\t\t\t<a href=\"https:\/\/trustpromotion.de\/pl\/messen\/t5-jobmesse-berlin\/\" class=\"uk-link-reset\" uk-grid>\n\t<div class=\"uk-width-1-1 uk-width-1-3@s uk-width-1-4@m \">\n\t\t<img class=\"lazyload\" data-src=\"https:\/\/trustpromotion.de\/wp-content\/uploads\/2020\/04\/Trustpromotion-Messekalender-Logo-T5-JobMesse-Berlin.gif\" width=\"100%\"  alt=\"\" uk-img>\n\t<\/div>\t\n\t<div class=\"uk-width-1-1 uk-width-2-3@s uk-width-3-4@m\">\n\t\t<h2>T5 JobMesse Berlin<\/h2>\n\t\t<div>Die Jobmesse f\u00fcr Fach- und F\u00fchrungskr\u00e4fte<\/div>\n\t\t<div>Adlershof con.vent.<\/div>\n\t\t<div>10.05.2023 - 10.05.2023<\/div><br>\n\t\t\n\t<\/div>\n<\/a>\n\n\t\t\t\t\t\t<a href=\"https:\/\/trustpromotion.de\/pl\/messen\/superbooth\/\" class=\"uk-link-reset\" uk-grid>\n\t<div class=\"uk-width-1-1 uk-width-1-3@s uk-width-1-4@m \">\n\t\t<img class=\"lazyload\" data-src=\"https:\/\/trustpromotion.de\/wp-content\/uploads\/2020\/04\/Trustpromotion-Messekalender-Logo-SUPERBOOTH.gif\" width=\"100%\"  alt=\"\" uk-img>\n\t<\/div>\t\n\t<div class=\"uk-width-1-1 uk-width-2-3@s uk-width-3-4@m\">\n\t\t<h2>SUPERBOOTH<\/h2>\n\t\t<div>Die Messe f\u00fcr Elektronik und Musik<\/div>\n\t\t<div>FEZ-Berlin<\/div>\n\t\t<div>11.05.2023 - 13.05.2023<\/div><br>\n\t\t\n\t<\/div>\n<\/a>\n\n\t\t\t\t\t\t<a href=\"https:\/\/trustpromotion.de\/pl\/messen\/whisky-deluxe\/\" class=\"uk-link-reset\" uk-grid>\n\t<div class=\"uk-width-1-1 uk-width-1-3@s uk-width-1-4@m \">\n\t\t<img class=\"lazyload\" data-src=\"https:\/\/trustpromotion.de\/wp-content\/uploads\/2022\/04\/TrustPromotion-Messekalender-Logo-21065-WHISKY-DELUXE.png\" width=\"100%\"  alt=\"\" uk-img>\n\t<\/div>\t\n\t<div class=\"uk-width-1-1 uk-width-2-3@s uk-width-3-4@m\">\n\t\t<h2>WHISKY DELUXE<\/h2>\n\t\t<div>Whiskymesse<\/div>\n\t\t<div>Olympiastadion Berlin<\/div>\n\t\t<div>12.05.2023 - 13.05.2023<\/div><br>\n\t\t\n\t<\/div>\n<\/a>\n\n\t\t\t\t\t\t<a href=\"https:\/\/trustpromotion.de\/pl\/messen\/hebammenkongress\/\" class=\"uk-link-reset\" uk-grid>\n\t<div class=\"uk-width-1-1 uk-width-1-3@s uk-width-1-4@m \">\n\t\t<img class=\"lazyload\" data-src=\"https:\/\/trustpromotion.de\/wp-content\/uploads\/2020\/04\/Trustpromotion-Messekalender-Logo-Hebammenkongress.gif\" width=\"100%\"  alt=\"\" uk-img>\n\t<\/div>\t\n\t<div class=\"uk-width-1-1 uk-width-2-3@s uk-width-3-4@m\">\n\t\t<h2>Hebammenkongress<\/h2>\n\t\t<div>Kongress des Deutschen Hebammenverband e.V.<\/div>\n\t\t<div>Estrel Congress & Messe Center<\/div>\n\t\t<div>15.05.2023 - 17.05.2023<\/div><br>\n\t\t\n\t<\/div>\n<\/a>\n\n\t\t\t\t\t\t<a href=\"https:\/\/trustpromotion.de\/pl\/messen\/ihif-berlin\/\" class=\"uk-link-reset\" uk-grid>\n\t<div class=\"uk-width-1-1 uk-width-1-3@s uk-width-1-4@m \">\n\t\t<img class=\"lazyload\" data-src=\"https:\/\/trustpromotion.de\/wp-content\/uploads\/2022\/02\/TrustPromotion-Messekalender-Logo-11114-IHIF-Berlin.png\" width=\"100%\"  alt=\"\" uk-img>\n\t<\/div>\t\n\t<div class=\"uk-width-1-1 uk-width-2-3@s uk-width-3-4@m\">\n\t\t<h2>IHIF Berlin<\/h2>\n\t\t<div>International Hotel Investment Forum<\/div>\n\t\t<div>Hotel Inter-Continental Berlin<\/div>\n\t\t<div>15.05.2023 - 17.05.2023<\/div><br>\n\t\t\n\t<\/div>\n<\/a>\n\n\t\t\t\t\t\t<a href=\"https:\/\/trustpromotion.de\/pl\/messen\/metropolcon-berlin\/\" class=\"uk-link-reset\" uk-grid>\n\t<div class=\"uk-width-1-1 uk-width-1-3@s uk-width-1-4@m \">\n\t\t<img class=\"lazyload\" data-src=\"https:\/\/trustpromotion.de\/wp-content\/uploads\/2022\/10\/TrustPromotion-Messekalender-Logo-22118-MetropolCon-Berlin.png\" width=\"100%\"  alt=\"\" uk-img>\n\t<\/div>\t\n\t<div class=\"uk-width-1-1 uk-width-2-3@s uk-width-3-4@m\">\n\t\t<h2>MetropolCon Berlin<\/h2>\n\t\t<div>A multimedia Event for Science-Fiction, Fantasy and Horror<\/div>\n\t\t<div>silent green Kulturquartier<\/div>\n\t\t<div>18.05.2023 - 20.05.2023<\/div><br>\n\t\t\n\t<\/div>\n<\/a>\n\n\t\t\t\t\t\t<a href=\"https:\/\/trustpromotion.de\/pl\/messen\/german-fetish-fair\/\" class=\"uk-link-reset\" uk-grid>\n\t<div class=\"uk-width-1-1 uk-width-1-3@s uk-width-1-4@m \">\n\t\t<img class=\"lazyload\" data-src=\"https:\/\/trustpromotion.de\/wp-content\/uploads\/2020\/04\/Trustpromotion-Messekalender-Logo-German-Fetish-Fair.gif\" width=\"100%\"  alt=\"\" uk-img>\n\t<\/div>\t\n\t<div class=\"uk-width-1-1 uk-width-2-3@s uk-width-3-4@m\">\n\t\t<h2>German Fetish Fair<\/h2>\n\t\t<div>die gr\u00f6\u00dfte deutsche Fetischmesse<\/div>\n\t\t<div>Heeresb\u00e4ckerei Berlin<\/div>\n\t\t<div>19.05.2023 - 20.05.2023<\/div><br>\n\t\t\n\t<\/div>\n<\/a>\n\n\t\t\t\t\t\t<a href=\"https:\/\/trustpromotion.de\/pl\/messen\/berliner-energietage\/\" class=\"uk-link-reset\" uk-grid>\n\t<div class=\"uk-width-1-1 uk-width-1-3@s uk-width-1-4@m \">\n\t\t<img class=\"lazyload\" data-src=\"https:\/\/trustpromotion.de\/wp-content\/uploads\/2020\/04\/Trustpromotion-Messekalender-Logo-Berliner-ENERGIETAGE.gif\" width=\"100%\"  alt=\"\" uk-img>\n\t<\/div>\t\n\t<div class=\"uk-width-1-1 uk-width-2-3@s uk-width-3-4@m\">\n\t\t<h2>Berliner ENERGIETAGE<\/h2>\n\t\t<div>Leitveranstaltung der Energiewende in Deutschland<\/div>\n\t\t<div>Ludwig Erhard Haus<\/div>\n\t\t<div>22.05.2023 - 23.05.2023<\/div><br>\n\t\t\n\t<\/div>\n<\/a>\n\n\t\t\t\t\t\t<a href=\"https:\/\/trustpromotion.de\/pl\/messen\/omnisecure\/\" class=\"uk-link-reset\" uk-grid>\n\t<div class=\"uk-width-1-1 uk-width-1-3@s uk-width-1-4@m \">\n\t\t<img class=\"lazyload\" data-src=\"https:\/\/trustpromotion.de\/wp-content\/uploads\/2020\/04\/Trustpromotion-Messekalender-Logo-OMNISECURE.gif\" width=\"100%\"  alt=\"\" uk-img>\n\t<\/div>\t\n\t<div class=\"uk-width-1-1 uk-width-2-3@s uk-width-3-4@m\">\n\t\t<h2>OMNISECURE<\/h2>\n\t\t<div>Fachkongress f\u00fcr elektronische Identit\u00e4ten<\/div>\n\t\t<div>Hotel Palace Berlin<\/div>\n\t\t<div>22.05.2023 - 24.05.2023<\/div><br>\n\t\t\n\t<\/div>\n<\/a>\n\n\t\t\t\t\t\t<a href=\"https:\/\/trustpromotion.de\/pl\/messen\/cwieme-berlin\/\" class=\"uk-link-reset\" uk-grid>\n\t<div class=\"uk-width-1-1 uk-width-1-3@s uk-width-1-4@m \">\n\t\t<img class=\"lazyload\" data-src=\"https:\/\/trustpromotion.de\/wp-content\/uploads\/2020\/04\/Trustpromotion-Messekalender-Logo-CWIEME.gif\" width=\"100%\"  alt=\"\" uk-img>\n\t<\/div>\t\n\t<div class=\"uk-width-1-1 uk-width-2-3@s uk-width-3-4@m\">\n\t\t<h2>CWIEME Berlin<\/h2>\n\t\t<div>Internationale Ausstellung & Konferenz f\u00fcr Spulenwicklung, Isolierung und Elektrofertigung<\/div>\n\t\t<div>Messe Berlin S\u00fcdgel\u00e4nde<\/div>\n\t\t<div>23.05.2023 - 25.05.2023<\/div><br>\n\t\t\n\t<\/div>\n<\/a>\n\n\t\t\t\t\t\t<a href=\"https:\/\/trustpromotion.de\/pl\/messen\/filmboerse-berlin\/\" class=\"uk-link-reset\" uk-grid>\n\t<div class=\"uk-width-1-1 uk-width-1-3@s uk-width-1-4@m \">\n\t\t<img class=\"lazyload\" data-src=\"https:\/\/trustpromotion.de\/wp-content\/uploads\/2020\/04\/Trustpromotion-Messekalender-Logo-Filmb\u00f6rse-Berlin.png\" width=\"100%\"  alt=\"\" uk-img>\n\t<\/div>\t\n\t<div class=\"uk-width-1-1 uk-width-2-3@s uk-width-3-4@m\">\n\t\t<h2>Filmb\u00f6rse Berlin<\/h2>\n\t\t<div>Deutschlands gr\u00f6\u00dfte Filmsammlerb\u00f6rse f\u00fcr die ganze Familie<\/div>\n\t\t<div>Palais am See<\/div>\n\t\t<div>04.06.2023 - 04.06.2023<\/div><br>\n\t\t\n\t<\/div>\n<\/a>\n\n\t\t\t\t\t\t<a href=\"https:\/\/trustpromotion.de\/pl\/messen\/republica\/\" class=\"uk-link-reset\" uk-grid>\n\t<div class=\"uk-width-1-1 uk-width-1-3@s uk-width-1-4@m \">\n\t\t<img class=\"lazyload\" data-src=\"https:\/\/trustpromotion.de\/wp-content\/uploads\/2020\/04\/Trustpromotion-Messekalender-Logo-republica.gif\" width=\"100%\"  alt=\"\" uk-img>\n\t<\/div>\t\n\t<div class=\"uk-width-1-1 uk-width-2-3@s uk-width-3-4@m\">\n\t\t<h2>re:publica<\/h2>\n\t\t<div>Die Konferenz. Das Ereignis.<\/div>\n\t\t<div>Arena Berlin<\/div>\n\t\t<div>05.06.2023 - 07.06.2023<\/div><br>\n\t\t\n\t<\/div>\n<\/a>\n\n\t\t\t\t\t\t<a href=\"https:\/\/trustpromotion.de\/pl\/messen\/showtech\/\" class=\"uk-link-reset\" uk-grid>\n\t<div class=\"uk-width-1-1 uk-width-1-3@s uk-width-1-4@m \">\n\t\t<img class=\"lazyload\" data-src=\"https:\/\/trustpromotion.de\/wp-content\/uploads\/2020\/04\/Trustpromotion-Messekalender-Logo-StageSetScenery.gif\" width=\"100%\"  alt=\"\" uk-img>\n\t<\/div>\t\n\t<div class=\"uk-width-1-1 uk-width-2-3@s uk-width-3-4@m\">\n\t\t<h2>SHOWTECH<\/h2>\n\t\t<div>internationale Messe und Konferenz f\u00fcr Theater- und Veranstaltungstechnik<\/div>\n\t\t<div>STATION-Berlin<\/div>\n\t\t<div>05.06.2023 - 08.06.2023<\/div><br>\n\t\t\n\t<\/div>\n<\/a>\n\n\t\t\t\t\t\t<a href=\"https:\/\/trustpromotion.de\/pl\/messen\/h2-forum\/\" class=\"uk-link-reset\" uk-grid>\n\t<div class=\"uk-width-1-1 uk-width-1-3@s uk-width-1-4@m \">\n\t\t<img class=\"lazyload\" data-src=\"https:\/\/trustpromotion.de\/wp-content\/uploads\/2023\/05\/TrustPromotion-Messekalender-Logo-22378-H2-Forum.png\" width=\"100%\"  alt=\"\" uk-img>\n\t<\/div>\t\n\t<div class=\"uk-width-1-1 uk-width-2-3@s uk-width-3-4@m\">\n\t\t<h2>H2 Forum<\/h2>\n\t\t<div>Fachkonferenz und Ausstellung zur Herstellung, Speicherung und Nutzung von Wasserstoff<\/div>\n\t\t<div>Estrel Congress & Messe Center<\/div>\n\t\t<div>06.06.2023 - 07.06.2023<\/div><br>\n\t\t\n\t<\/div>\n<\/a>\n\n\t\t\t\t\t\t<a href=\"https:\/\/trustpromotion.de\/pl\/messen\/auf-in-die-welt-messe-berlin-2\/\" class=\"uk-link-reset\" uk-grid>\n\t<div class=\"uk-width-1-1 uk-width-1-3@s uk-width-1-4@m \">\n\t\t<img class=\"lazyload\" data-src=\"https:\/\/trustpromotion.de\/wp-content\/uploads\/2020\/04\/Trustpromotion-Messekalender-Logo-Auf-in-die-Welt-Messe-Hamburg-HanseMerkur-Haus.gif\" width=\"100%\"  alt=\"\" uk-img>\n\t<\/div>\t\n\t<div class=\"uk-width-1-1 uk-width-2-3@s uk-width-3-4@m\">\n\t\t<h2>Auf in die Welt Messe Berlin 2<\/h2>\n\t\t<div>Deine Messe f\u00fcr Auslandsaufenthalte und Internationale Bildung<\/div>\n\t\t<div>Centre Francais de Berlin<\/div>\n\t\t<div>10.06.2023 - 10.06.2023<\/div><br>\n\t\t\n\t<\/div>\n<\/a>\n\n\t\t\t\t\t\t<\/div>\n\t\t\t<div id=\"more-items-container\"><\/div><a href=\"javascript:void(0);\" \n   class=\"load-more\" \n   data-target=\".messen-items\" \n   data-container=\"#more-items-container\" \n   data-no_paging_url=\"\" \n   data-hasmore=\"true\" \n   data-total=\"6\" \n   data-next=\"2\">\n\t+ weitere laden<span uk-spinner=\"ratio:.5;\" class=\"uk-margin-small-left uk-hidden\"><\/span>\n<\/a>\n\t\t\t\n<script>window.onload = (event) => {\n\t(function($){\n\t\t\/\/ disable load more button when attribute dictates there are no more pages\n\t\t$( '.load-more' ).each( function( item ) { if ($(this).attr( 'data-hasmore' ) == 'false') { $(this).remove(); }; } );\n\t\t$( 'body' ).on( 'click' , '.load-more' , function() {\n\t\t\tconst $this = $( this );\n\t\t\t$this.find( \"[uk-spinner]\" ).removeClass( 'uk-hidden' );\n\t\t\tvar next = parseInt($this.attr( 'data-next' )),\n\t\t\t\ttotal = parseInt($this.attr( 'data-total' )); \n\t\t\tvar url = $this.data( 'no_paging_url' );\n\t\t\t\/\/ when no_paging_url is a ?s={searchstring} url \n\t\t\tif ( $this.data( 'no_paging_url' ).includes( '?s=' ) ) {\n\t\t\t\turl = url.replace( '?s=' , `page\/${next}\/?s=` );\n\t\t\t} else {\n\t\t\t\turl += `page\/${next}\/`;\n\t\t\t}\n\t\t\t$( $this.data( 'container' ) ).load( `${url} .messen-items > a` , function() {\n\t\t\t\t\/\/ now move the items from the target to the \n\t\t\t\t$($this.data( 'target' )).append( $($this.data( 'container' )).html() );\n\t\t\t\t$($this.data( 'container' )).html( \"\" );\n\t\t\t\t\/\/ remove if we're already on the last item\n\t\t\t\tif ( next == total ) {\n\t\t\t\t\t$this.remove();\n\t\t\t\t\treturn;\n\t\t\t\t} else {\n\t\t\t\t\t$this.attr( \"data-next\" , next + 1 );\n\t\t\t\t}\n\t\t\t$this.find( \"[uk-spinner]\" ).addClass( 'uk-hidden' );\n\t\t\t} );\n\t\t} );\n\t})(jQuery);\t\n}\n<\/script>\n\n\n\n<p class=\"gb-headline gb-headline-fc165c36 gb-headline-text\"><strong>Hinweis:<\/strong> Messeinformationen werden aktuell nicht in Englisch \u00fcbersetzt und stehen deshalb nur auf der deutschen Seite zur Verf\u00fcgung.<\/p>\n\n\n\n<hr class=\"wp-block-separator has-text-color has-global-color-1-color has-css-opacity has-global-color-1-background-color has-background\"\/>\n\n\n\n<h2 class=\"gb-headline gb-headline-93dca5e3 gb-headline-text\">MESSEKALENDER INFORMATIONEN<\/h2>\n\n\n\n<p>Die Messeinformationen Berlin [current_year] werden kostenfrei von TRUST Promotion zur Verf\u00fcgung gestellt. Es sind alle Messen, Kongresse, Tagungen, Konferenzen und Symposien, die in der Stadt Berlin \/ Messe Berlin im Jahr [current_year] stattfinden aufgelistet. Sie finden zu allen Messe- und Veranstaltungsterminen die wichtigsten Informationen wie: Datum, \u00d6ffnungszeiten, Adresse, Eintrittspreise, sowie den Link zur Messe Webseite.<\/p>\n\n\n\n<h2 class=\"gb-headline gb-headline-fd18e672 gb-headline-text\">INFORMATIONEN \u00dcBER DIE MESSE BERLIN [current_year]<\/h2>\n\n\n\n<p>Berlin ist ein Messestandort f\u00fcr internationale Messen und Veranstaltungen. J\u00e4hrlich finden \u00fcber 100 Veranstaltungen nationaler, internationaler und regionaler Ausrichtung statt. Es gibt ein umfangreiches Messeprogramm mit unterschiedlichen Schwerpunkten. Einige Schwerpunkte der Messe Berlin sind Consumer Electronixs, Ern\u00e4hrung und Logistik.<\/p>\n\n\n\n<p>Bekannt ist die Messe Berlin f\u00fcr die f\u00fcnf internationalen Leitmessen, die zahlreiche Besucher anlocken. F\u00fchrend ist die Internationale Gr\u00fcne Woche mit rund 400.000 Besuchern j\u00e4hrlich. Zu den weiteren Highlights geh\u00f6ren die Internationale Funkausstellung (kurz IFA), die ILA (Internationale Luft- und Raumfahrtausstellung) und die Internationale Tourismus-B\u00f6rse.<\/p>\n\n\n\n<p>Die Messe Berlin bietet eine Fl\u00e4che von 190.000 m\u00b2 mit 27 Messe- und Eventhallen. Erw\u00e4hnenswert sind die Special Locations auf dem Messegel\u00e4nde, sodass sich die unterschiedlichsten W\u00fcnsche umsetzen lassen.<\/p>\n\n\n<div class=\"gb-grid-wrapper gb-grid-wrapper-002fe999\">\n<div class=\"gb-grid-column gb-grid-column-9313bb47\"><div class=\"gb-container gb-container-9313bb47\"><div class=\"gb-inside-container\">\n\n<p class=\"gb-headline gb-headline-c214fcf3 gb-headline-text\"><a href=\"https:\/\/trustpromotion.de\/messestadt-berlin\/\" data-type=\"page\" data-id=\"35885\">i<\/a><\/p>\n\n<\/div><\/div><\/div>\n\n<div class=\"gb-grid-column gb-grid-column-75e10253\"><div class=\"gb-container gb-container-75e10253\"><div class=\"gb-inside-container\">\n\n<h3 class=\"gb-headline gb-headline-69333ee0 gb-headline-text\"><a href=\"https:\/\/trustpromotion.de\/messestadt-berlin\/\" data-type=\"page\" data-id=\"35885\">weitere Informationen zum Messestandort Berlin<\/a><\/h3>\n\n\n\n<p class=\"gb-headline gb-headline-26a280b6 gb-headline-text\">Hotels, Parken, Anfahrt und mehr Informationen zur Messe Berlin.<\/p>\n\n<\/div><\/div><\/div>\n<\/div>\n\n\n<h2 class=\"wp-block-heading\" id=\"promoter-in-berlin\">Promoter in Berlin<\/h2>\n\n\n\n<p class=\"gb-headline gb-headline-85a2b0cb gb-headline-text\"><strong>Hinweis:<\/strong> Promoterinformationen werden aktuell nicht in Englisch \u00fcbersetzt und stehen deshalb nur auf der deutschen Seite zur Verf\u00fcgung.<\/p>\n\n\n\t\t<div class=\"uk-child-width-1-3@s uk-child-width-1-4@m uk-child-width-1-5@l\" uk-grid>\n\t\t\t\t<a href=\"https:\/\/trustpromotion.de\/pl\/der_promoter\/julia-51322\/\" class=\"uk-link-reset\">\n\t\t<div class=\"uk-cover-container uk-height-medium\">\n\t\t\t<img class=\"lazyload\" decoding=\"async\" src=\"data:image\/gif;base64,R0lGODlhAQABAAAAACH5BAEKAAEALAAAAAABAAEAAAICTAEAOw==\" data-orig-src=\"https:\/\/trustpromotion.de\/wp-content\/uploads\/2022\/05\/TRUST-Promotion-Promoter-Julia-51322.jpg\" width=\"100%\" title=\"Julia-51322\" uk-cover>\n            <div class=\"uk-overlay uk-padding-small uk-overlay-primary uk-position-bottom uk-light\">\n                <p>Julia-51322<\/p>\n            <\/div>\t\t\t\n\t\t<\/div>\n\t<\/a>\n\t\t\t\t<a href=\"https:\/\/trustpromotion.de\/pl\/der_promoter\/kseniia-47380\/\" class=\"uk-link-reset\">\n\t\t<div class=\"uk-cover-container uk-height-medium\">\n\t\t\t<img class=\"lazyload\" decoding=\"async\" src=\"data:image\/gif;base64,R0lGODlhAQABAAAAACH5BAEKAAEALAAAAAABAAEAAAICTAEAOw==\" data-orig-src=\"https:\/\/trustpromotion.de\/wp-content\/uploads\/2022\/05\/TRUST-Promotion-Promoter-Kseniia-47380.jpg\" width=\"100%\" title=\"Kseniia-47380\" uk-cover>\n            <div class=\"uk-overlay uk-padding-small uk-overlay-primary uk-position-bottom uk-light\">\n                <p>Kseniia-47380<\/p>\n            <\/div>\t\t\t\n\t\t<\/div>\n\t<\/a>\n\t\t\t\t<a href=\"https:\/\/trustpromotion.de\/pl\/der_promoter\/susi-44955\/\" class=\"uk-link-reset\">\n\t\t<div class=\"uk-cover-container uk-height-medium\">\n\t\t\t<img class=\"lazyload\" decoding=\"async\" src=\"data:image\/gif;base64,R0lGODlhAQABAAAAACH5BAEKAAEALAAAAAABAAEAAAICTAEAOw==\" data-orig-src=\"https:\/\/trustpromotion.de\/wp-content\/uploads\/2022\/05\/TRUST-Promotion-Promoter-Susi-44955.jpg\" width=\"100%\" title=\"Susi-44955\" uk-cover>\n            <div class=\"uk-overlay uk-padding-small uk-overlay-primary uk-position-bottom uk-light\">\n                <p>Susi-44955<\/p>\n            <\/div>\t\t\t\n\t\t<\/div>\n\t<\/a>\n\t\t\t\t<a href=\"https:\/\/trustpromotion.de\/pl\/der_promoter\/zehra-44107\/\" class=\"uk-link-reset\">\n\t\t<div class=\"uk-cover-container uk-height-medium\">\n\t\t\t<img class=\"lazyload\" decoding=\"async\" src=\"data:image\/gif;base64,R0lGODlhAQABAAAAACH5BAEKAAEALAAAAAABAAEAAAICTAEAOw==\" data-orig-src=\"https:\/\/trustpromotion.de\/wp-content\/uploads\/2022\/02\/TRUST-Promotion-Promoter-Zehra-44107.jpg\" width=\"100%\" title=\"Zehra-44107\" uk-cover>\n            <div class=\"uk-overlay uk-padding-small uk-overlay-primary uk-position-bottom uk-light\">\n                <p>Zehra-44107<\/p>\n            <\/div>\t\t\t\n\t\t<\/div>\n\t<\/a>\n\t\t\t\t<a href=\"https:\/\/trustpromotion.de\/pl\/der_promoter\/carmen-44052\/\" class=\"uk-link-reset\">\n\t\t<div class=\"uk-cover-container uk-height-medium\">\n\t\t\t<img class=\"lazyload\" decoding=\"async\" src=\"data:image\/gif;base64,R0lGODlhAQABAAAAACH5BAEKAAEALAAAAAABAAEAAAICTAEAOw==\" data-orig-src=\"https:\/\/trustpromotion.de\/wp-content\/uploads\/2022\/02\/TRUST-Promotion-Promoter-Carmen-44052-scaled.jpg\" width=\"100%\" title=\"Carmen-44052\" uk-cover>\n            <div class=\"uk-overlay uk-padding-small uk-overlay-primary uk-position-bottom uk-light\">\n                <p>Carmen-44052<\/p>\n            <\/div>\t\t\t\n\t\t<\/div>\n\t<\/a>\n\t\t<\/div>\n\t\n\n<\/div><\/div>","protected":false},"excerpt":{"rendered":"<p>Messen Berlin Messetermine, Kongresse und Gastveranstaltungen derMesse Berlin mit allen  &#8230;<\/p>","protected":false},"author":6,"featured_media":0,"parent":0,"menu_order":0,"comment_status":"closed","ping_status":"closed","template":"","meta":{"_improvement_type_select":"improve_an_existing","_thumb_yes_seoaic":false,"_frame_yes_seoaic":false,"seoaic_generate_description":"","seoaic_improve_instructions_prompt":"","seoaic_rollback_content_improvement":"","seoaic_idea_thumbnail_generator":"","thumbnail_generated":false,"thumbnail_generate_prompt":"","seoaic_article_description":"","footnotes":""},"p-category":[],"class_list":["post-22685","page","type-page","status-publish","hentry"],"_links":{"self":[{"href":"https:\/\/trustpromotion.de\/pl\/wp-json\/wp\/v2\/pages\/22685","targetHints":{"allow":["GET"]}}],"collection":[{"href":"https:\/\/trustpromotion.de\/pl\/wp-json\/wp\/v2\/pages"}],"about":[{"href":"https:\/\/trustpromotion.de\/pl\/wp-json\/wp\/v2\/types\/page"}],"author":[{"embeddable":true,"href":"https:\/\/trustpromotion.de\/pl\/wp-json\/wp\/v2\/users\/6"}],"replies":[{"embeddable":true,"href":"https:\/\/trustpromotion.de\/pl\/wp-json\/wp\/v2\/comments?post=22685"}],"version-history":[{"count":0,"href":"https:\/\/trustpromotion.de\/pl\/wp-json\/wp\/v2\/pages\/22685\/revisions"}],"wp:attachment":[{"href":"https:\/\/trustpromotion.de\/pl\/wp-json\/wp\/v2\/media?parent=22685"}],"wp:term":[{"taxonomy":"p-category","embeddable":true,"href":"https:\/\/trustpromotion.de\/pl\/wp-json\/wp\/v2\/p-category?post=22685"}],"curies":[{"name":"wp","href":"https:\/\/api.w.org\/{rel}","templated":true}]}}