{"id":42674,"date":"2022-03-23T09:27:58","date_gmt":"2022-03-23T08:27:58","guid":{"rendered":"https:\/\/staging.trustpromotion.info\/?page_id=42674"},"modified":"2024-04-18T10:21:40","modified_gmt":"2024-04-18T08:21:40","slug":"termin-vereinbaren","status":"publish","type":"page","link":"https:\/\/trustpromotion.de\/pl\/umowic-sie-na-spotkanie\/","title":{"rendered":"Um\u00f3w si\u0119 na spotkanie"},"content":{"rendered":"<div class=\"gb-container gb-container-04270df3 alignfull\"><div class=\"gb-inside-container\">\n\n<h1 class=\"gb-headline gb-headline-e946b4bc gb-headline-text\">Um\u00f3w si\u0119 na spotkanie <\/h1>\n\n\n\n<p class=\"gb-headline gb-headline-ac294267 gb-headline-text\">Nie mo\u017cemy si\u0119 doczeka\u0107, aby pozna\u0107 Ci\u0119 osobi\u015bcie<\/p>\n\n\n<div class=\"gb-container gb-container-d7a52ddf\"><div class=\"gb-inside-container\">\n<div class=\"gb-container gb-container-14830089\"><div class=\"gb-inside-container\">\n\n<!-- Calendly Inline-Widget Beginn -->\n<div class=\"calendly-inline-widget\" data-url=\"https:\/\/calendly.com\/schrader-trust\/kennenlernen-trust\" style=\"min-width:320px;height:700px;\"><\/div>\n<script type=\"text\/javascript\" src=\"https:\/\/assets.calendly.com\/assets\/external\/widget.js\" async><\/script>\n<!-- Calendly Inline-Widget Ende \u2014>\n\n<\/div><\/div>\n<\/div><\/div>\n<\/div><\/div>","protected":false},"excerpt":{"rendered":"<p>Um\u00f3w si\u0119 na spotkanie Czekamy na Ciebie osobi\u015bcie<\/p>","protected":false},"author":6,"featured_media":0,"parent":0,"menu_order":0,"comment_status":"closed","ping_status":"closed","template":"","meta":{"_improvement_type_select":"improve_an_existing","_thumb_yes_seoaic":false,"_frame_yes_seoaic":false,"seoaic_generate_description":"","seoaic_improve_instructions_prompt":"","seoaic_rollback_content_improvement":"","seoaic_idea_thumbnail_generator":"","thumbnail_generated":false,"thumbnail_generate_prompt":"","seoaic_article_description":"","footnotes":""},"p-category":[],"class_list":["post-42674","page","type-page","status-publish","hentry"],"_links":{"self":[{"href":"https:\/\/trustpromotion.de\/pl\/wp-json\/wp\/v2\/pages\/42674","targetHints":{"allow":["GET"]}}],"collection":[{"href":"https:\/\/trustpromotion.de\/pl\/wp-json\/wp\/v2\/pages"}],"about":[{"href":"https:\/\/trustpromotion.de\/pl\/wp-json\/wp\/v2\/types\/page"}],"author":[{"embeddable":true,"href":"https:\/\/trustpromotion.de\/pl\/wp-json\/wp\/v2\/users\/6"}],"replies":[{"embeddable":true,"href":"https:\/\/trustpromotion.de\/pl\/wp-json\/wp\/v2\/comments?post=42674"}],"version-history":[{"count":0,"href":"https:\/\/trustpromotion.de\/pl\/wp-json\/wp\/v2\/pages\/42674\/revisions"}],"wp:attachment":[{"href":"https:\/\/trustpromotion.de\/pl\/wp-json\/wp\/v2\/media?parent=42674"}],"wp:term":[{"taxonomy":"p-category","embeddable":true,"href":"https:\/\/trustpromotion.de\/pl\/wp-json\/wp\/v2\/p-category?post=42674"}],"curies":[{"name":"wp","href":"https:\/\/api.w.org\/{rel}","templated":true}]}}