{"id":42690,"date":"2022-03-23T09:51:24","date_gmt":"2022-03-23T08:51:24","guid":{"rendered":"https:\/\/staging.trustpromotion.info\/?page_id=42690"},"modified":"2022-03-23T16:35:49","modified_gmt":"2022-03-23T15:35:49","slug":"thanks-termin-vereinbarung","status":"publish","type":"page","link":"https:\/\/trustpromotion.de\/pl\/dzieki-spotkanie\/","title":{"rendered":"[thanks] &#8211; Termin Vereinbarung"},"content":{"rendered":"<div class=\"gb-container gb-container-04270df3 alignfull\"><div class=\"gb-inside-container\">\n\n<h1 class=\"gb-headline gb-headline-e946b4bc gb-headline-text\">Dzi\u0119kujemy za po\u015bwi\u0119cenie czasu na poznanie TRUST Promotion.<\/h1>\n\n\n<div class=\"gb-container gb-container-d7a52ddf\"><div class=\"gb-inside-container\">\n<div class=\"gb-container gb-container-14830089\"><div class=\"gb-inside-container\">\n\n<p class=\"gb-headline gb-headline-3d0c81aa gb-headline-text\">Nie mo\u017cemy si\u0119 doczeka\u0107, aby pozna\u0107 Ci\u0119 osobi\u015bcie. <br>Nasi eksperci skontaktuj\u0105 si\u0119 z Tob\u0105.<\/p>\n\n\n\n<p class=\"gb-headline gb-headline-f76dc741 gb-headline-text\">Tw\u00f3j zesp\u00f3\u0142 ds. promocji TRUST<\/p>\n\n<\/div><\/div>\n<\/div><\/div>\n<\/div><\/div>","protected":false},"excerpt":{"rendered":"<p>Vielen Dank, dass Sie sich Zeit nehmen und TRUST&nbsp;Promotion erleben  &#8230;<\/p>","protected":false},"author":6,"featured_media":0,"parent":0,"menu_order":0,"comment_status":"closed","ping_status":"closed","template":"","meta":{"footnotes":""},"p-category":[],"class_list":["post-42690","page","type-page","status-publish","hentry"],"_links":{"self":[{"href":"https:\/\/trustpromotion.de\/pl\/wp-json\/wp\/v2\/pages\/42690","targetHints":{"allow":["GET"]}}],"collection":[{"href":"https:\/\/trustpromotion.de\/pl\/wp-json\/wp\/v2\/pages"}],"about":[{"href":"https:\/\/trustpromotion.de\/pl\/wp-json\/wp\/v2\/types\/page"}],"author":[{"embeddable":true,"href":"https:\/\/trustpromotion.de\/pl\/wp-json\/wp\/v2\/users\/6"}],"replies":[{"embeddable":true,"href":"https:\/\/trustpromotion.de\/pl\/wp-json\/wp\/v2\/comments?post=42690"}],"version-history":[{"count":0,"href":"https:\/\/trustpromotion.de\/pl\/wp-json\/wp\/v2\/pages\/42690\/revisions"}],"wp:attachment":[{"href":"https:\/\/trustpromotion.de\/pl\/wp-json\/wp\/v2\/media?parent=42690"}],"wp:term":[{"taxonomy":"p-category","embeddable":true,"href":"https:\/\/trustpromotion.de\/pl\/wp-json\/wp\/v2\/p-category?post=42690"}],"curies":[{"name":"wp","href":"https:\/\/api.w.org\/{rel}","templated":true}]}}