{"id":4812,"date":"2018-03-03T14:18:14","date_gmt":"2018-03-03T13:18:14","guid":{"rendered":"https:\/\/staging.trustpromotion.info\/karriere-trainee-2\/"},"modified":"2022-03-02T14:08:45","modified_gmt":"2022-03-02T13:08:45","slug":"karriere-praktikant","status":"publish","type":"page","link":"https:\/\/trustpromotion.de\/pl\/kariera-stazysty\/","title":{"rendered":"Kariera sta\u017cysty"},"content":{"rendered":"<div class=\"gb-container gb-container-ae3de136 gb-container-main-container\"><div class=\"gb-inside-container\">\n\n<h1 class=\"gb-headline gb-headline-2857a054 gb-headline-text\">Praktikant (w\/m\/d) in Berlin<\/h1>\n\n\n\n<p class=\"has-text-align-center\">Ist dieser coolste Job etwas f\u00fcr dich??? Bewirb dich jetzt und werde Teil des TRUST Promotions Teams.<br>Wir freuen uns auch Dich.<\/p>\n\n<\/div><\/div>\n\n<div class=\"gb-container gb-container-6267c85b gb-container-main-container\"><div class=\"gb-inside-container\">\n<div class=\"gb-container gb-container-ac4fbdf9\"><div class=\"gb-inside-container\">\n\n<h2 class=\"gb-headline gb-headline-39074c76 gb-headline-text\">KARRIERE &#8211; TRAINEE &#8211; PERSONAL &#8211; MESSE &#8211; PRAKTIKANT &#8211; ERFOLG &#8211; ERFAHRUNG &#8211; REISEN &#8211; VERDIENEN<\/h2>\n\n<\/div><\/div>\n<\/div><\/div>\n\n<div class=\"gb-container gb-container-9c71f580\"><div class=\"gb-inside-container\">\n<div class=\"gb-grid-wrapper gb-grid-wrapper-55e98af0\">\n<div class=\"gb-grid-column gb-grid-column-458000d8\"><div class=\"gb-container gb-container-458000d8\"><div class=\"gb-inside-container\">\n\n<h2 class=\"wp-block-heading\">Praktikant (w\/m\/d) in Berlin<\/h2>\n\n\n\n<h3 class=\"wp-block-heading\">Projektmanagement im Bereich Messe, Promotion und Event<\/h3>\n\n\n\n<h3 class=\"wp-block-heading\">Dein Profil:<\/h3>\n\n\n\n<ul class=\"wp-block-list\"><li>Abgeschlossenes (Fach-) Abitur<\/li><li>Erste Praxiserfahrungen im Agenturbereich<\/li><li>Sehr gute Englischkenntnisse in Wort und Schrift<\/li><li>exzellentes Deutsch in Wort, Schrift und Form<\/li><li>Sehr gute EDV-Kenntnisse in Excel, Word, PowerPoint sowie Access&nbsp;<\/li><\/ul>\n\n\n\n<h3 class=\"wp-block-heading\">Warum suchen wir?<\/h3>\n\n\n\n<p>TRUST Promotion&nbsp;w\u00e4chst! Daher suchen wir intelligente, engagierte und motivierte Kollegen wie Dich, die mit Spa\u00df bei der Sache sind und richtig Lust auf Personal und Event haben.<\/p>\n\n\n\n<h3 class=\"wp-block-heading\">Wo wirst Du arbeiten?<\/h3>\n\n\n\n<p>Standort f\u00fcr das Praktikum ist Berlin \u2013&nbsp;TRUST Promotion&nbsp;mit Standorten in M\u00fcnchen und Berlin stellt Personal f\u00fcr Messen, Kongresse und Events sowie f\u00fcr Roadshows im Bereich Promotion. Und das in ganz Europa! Daher erwarten Dich auch interessante Reisen \u2026<\/p>\n\n\n\n<h3 class=\"wp-block-heading\">Was erwartet Dich?<\/h3>\n\n\n\n<p>Ein klasse Team mit flachen Hierarchien und kurzen Entscheidungswegen. Eine gr\u00fcndliche Einarbeitung. Regelm\u00e4\u00dfige Teamabende und Workshops. Verantwortung und die Chance bei tollen Veranstaltungen von spannenden Kunden wie BMW, Porsche, AIDA u.v.a. mit dabei zu sein.<\/p>\n\n\n\n<h3 class=\"wp-block-heading\">Was sind Deine Aufgaben:<\/h3>\n\n\n\n<ul class=\"wp-block-list\"><li>Projektunterst\u00fctzung, Informationsmanagement (national\/international)<\/li><li>Koordination der Produktanforderungen mit externen Zulieferern<\/li><li>Unterst\u00fctzung bei der Erstellung von Marketingkonzepten<\/li><li>Unterst\u00fctzung bei der Organisation und Durchf\u00fchrung von Castings und Schulungen<\/li><li>Handling und Logistik von Promotion- und Event-Equipment<\/li><li>Pr\u00e4sentationserstellung<\/li><li>Datenbankpflege<\/li><li>Administrative Unterst\u00fctzung des Projektteams<\/li><\/ul>\n\n\n\n<h3 class=\"wp-block-heading\">Was musst Du tun um Teil des Teams zu werden?<\/h3>\n\n\n\n<p>Bewirb Dich mit nachfolgendem Formular.<\/p>\n\n\n\n<p>Wir freuen uns darauf Dich kennenzulernen!<\/p>\n\n<\/div><\/div><\/div>\n\n<div class=\"gb-grid-column gb-grid-column-30ac2502\"><div class=\"gb-container gb-container-30ac2502\"><div class=\"gb-inside-container\">\n\n<div class=\"wp-block-image hide-on-mobile\"><figure class=\"aligncenter size-full\"><img decoding=\"async\" width=\"738\" height=\"803\" src=\"https:\/\/trustpromotion.de\/wp-content\/uploads\/2018\/03\/Slogan-we-were-born-weiss.png\" data-orig-src=\"https:\/\/trustpromotion.de\/wp-content\/uploads\/2018\/03\/Slogan-we-were-born-weiss.png\" alt=\"\" class=\"lazyload wp-image-5325\" srcset=\"data:image\/svg+xml,%3Csvg%20xmlns%3D%27http%3A%2F%2Fwww.w3.org%2F2000%2Fsvg%27%20width%3D%27738%27%20height%3D%27803%27%20viewBox%3D%270%200%20738%20803%27%3E%3Crect%20width%3D%27738%27%20height%3D%27803%27%20fill-opacity%3D%220%22%2F%3E%3C%2Fsvg%3E\" data-srcset=\"https:\/\/trustpromotion.de\/wp-content\/uploads\/2018\/03\/Slogan-we-were-born-weiss-138x150.png 138w, https:\/\/trustpromotion.de\/wp-content\/uploads\/2018\/03\/Slogan-we-were-born-weiss-300x326.png 300w, https:\/\/trustpromotion.de\/wp-content\/uploads\/2018\/03\/Slogan-we-were-born-weiss.png 738w\" data-sizes=\"auto\" data-orig-sizes=\"(max-width: 738px) 100vw, 738px\" \/><\/figure><\/div>\n\n\n\n<hr class=\"wp-block-separator has-text-color has-background has-global-color-1-background-color has-global-color-1-color is-style-wide\"\/>\n\n\n\n<h2 class=\"wp-block-heading\">Bewirb dich jetzt!<\/h2>\n\n\n\n<p>Die \u00fcber dieses Formular angegebenen Informationen werden nur zur Bearbeitung dieses Anliegens verwendet.<\/p>\n\n\n<div class='fluentform ff-default fluentform_wrapper_5 ffs_custom_wrap'><form data-form_id=\"5\" id=\"fluentform_5\" class=\"frm-fluent-form fluent_form_5 ff-el-form-top ff_form_instance_5_1 ff-form-loading ff_has_v3_recptcha ffs_custom\" data-form_instance=\"ff_form_instance_5_1\" method=\"POST\" data-recptcha_key=\"6LcWZ5QeAAAAAIRbr7h8YS2Rk1KTE5KTDfMIDfbd\" ><fieldset  style=\"border: none!important;margin: 0!important;padding: 0!important;background-color: transparent!important;box-shadow: none!important;outline: none!important; min-inline-size: 100%;\">\n                    <legend class=\"ff_screen_reader_title\" style=\"display: block; margin: 0!important;padding: 0!important;height: 0!important;text-indent: -999999px;width: 0!important;overflow:hidden;\">Bewerbung<\/legend><input type='hidden' name='__fluent_form_embded_post_id' value='4812' \/><input type=\"hidden\" id=\"_fluentform_5_fluentformnonce\" name=\"_fluentform_5_fluentformnonce\" value=\"069e182286\" \/><input type=\"hidden\" name=\"_wp_http_referer\" value=\"\/pl\/wp-json\/wp\/v2\/pages\/4812\" \/><div class='ff-el-group ff-el-form-hide_label'><div class=\"ff-el-input--label ff-el-is-required asterisk-right\"><label   aria-label=\"Checkbox Field\">Checkbox Field<\/label><\/div><div class='ff-el-input--content'><div class='ff-el-form-check ff-el-form-check-'><label class='ff-el-form-check-label' for='checkbox_2709d52703391513d6335a4fd25521c3'><input  type=\"checkbox\" name=\"checkbox[]\" data-name=\"checkbox\" class=\"ff-el-form-check-input ff-el-form-check-checkbox\" value=\"Praktikant\/in\"  id='checkbox_2709d52703391513d6335a4fd25521c3' aria-label='Praktikant\/in' aria-invalid='false' aria-required=true> <span>Praktikant\/in<\/span><\/label><\/div><div class='ff-el-form-check ff-el-form-check-'><label class='ff-el-form-check-label' for='checkbox_de10e8bdf91744fa78841feeabf62f71'><input  type=\"checkbox\" name=\"checkbox[]\" data-name=\"checkbox\" class=\"ff-el-form-check-input ff-el-form-check-checkbox\" value=\"Duale Ausbildung\"  id='checkbox_de10e8bdf91744fa78841feeabf62f71' aria-label='Duale Ausbildung' aria-invalid='false' aria-required=true> <span>Duale Ausbildung<\/span><\/label><\/div><div class='ff-el-form-check ff-el-form-check-'><label class='ff-el-form-check-label' for='checkbox_599e270582763c5eabcb1a58823ef0aa'><input  type=\"checkbox\" name=\"checkbox[]\" data-name=\"checkbox\" class=\"ff-el-form-check-input ff-el-form-check-checkbox\" value=\"Projektmanager\/in\"  id='checkbox_599e270582763c5eabcb1a58823ef0aa' aria-label='Projektmanager\/in' aria-invalid='false' aria-required=true> <span>Projektmanager\/in<\/span><\/label><\/div><div class='ff-el-form-check ff-el-form-check-'><label class='ff-el-form-check-label' for='checkbox_0f36c23400e0890f1d06716d57209dd9'><input  type=\"checkbox\" name=\"checkbox[]\" data-name=\"checkbox\" class=\"ff-el-form-check-input ff-el-form-check-checkbox\" value=\"Trainee\"  id='checkbox_0f36c23400e0890f1d06716d57209dd9' aria-label='Trainee' aria-invalid='false' aria-required=true> <span>Trainee<\/span><\/label><\/div><\/div><\/div><div data-type=\"name-element\" data-name=\"names\" class=\" ff-field_container ff-name-field-wrapper\" ><div class='ff-t-container'><div class='ff-t-cell '><div class='ff-el-group'><div class=\"ff-el-input--label ff-el-is-required asterisk-right\"><label for='ff_5_names_first_name_' id='label_ff_5_names_first_name_' >Vorname<\/label><\/div><div class='ff-el-input--content'><input type=\"text\" name=\"names[first_name]\" id=\"ff_5_names_first_name_\" class=\"ff-el-form-control\" placeholder=\"Vorname\" aria-invalid=\"false\" aria-required=true><\/div><\/div><\/div><\/div><\/div><div data-type=\"name-element\" data-name=\"names_1\" class=\" ff-field_container ff-name-field-wrapper\" ><div class='ff-t-container'><div class='ff-t-cell '><div class='ff-el-group'><div class=\"ff-el-input--label ff-el-is-required asterisk-right\"><label for='ff_5_names_1_last_name_' id='label_ff_5_names_1_last_name_' >Nachname<\/label><\/div><div class='ff-el-input--content'><input type=\"text\" name=\"names_1[last_name]\" id=\"ff_5_names_1_last_name_\" class=\"ff-el-form-control\" placeholder=\"Nachname\" aria-invalid=\"false\" aria-required=true><\/div><\/div><\/div><\/div><\/div><div class='ff-el-group'><div class=\"ff-el-input--label ff-el-is-required asterisk-right\"><label for='ff_5_phone' id='label_ff_5_phone' aria-label=\"Telefon\">Telefon<\/label><\/div><div class='ff-el-input--content'><input name=\"phone\" class=\"ff-el-form-control ff-el-phone ff_el_with_extended_validation\" type=\"tel\" placeholder=\"Telefon\" data-name=\"phone\" id=\"ff_5_phone\" inputmode=\"tel\"  aria-invalid='false' aria-required=true><\/div><\/div><div class='ff-el-group'><div class=\"ff-el-input--label ff-el-is-required asterisk-right\"><label for='ff_5_email' id='label_ff_5_email' aria-label=\"E-Mail\">E-Mail<\/label><\/div><div class='ff-el-input--content'><input type=\"email\" name=\"email\" id=\"ff_5_email\" class=\"ff-el-form-control\" placeholder=\"E-Mail Adresse\" data-name=\"email\"  aria-invalid=\"false\" aria-required=true><\/div><\/div><div class='ff-el-group'><div class=\"ff-el-input--label asterisk-right\"><label for='ff_5_message' id='label_ff_5_message' aria-label=\"Deine Nachricht\">Deine Nachricht<\/label><\/div><div class='ff-el-input--content'><textarea aria-required=\"false\" aria-labelledby=\"label_ff_5_message\" name=\"message\" id=\"ff_5_message\" class=\"ff-el-form-control\" placeholder=\"Deine Nachricht\" rows=\"4\" cols=\"2\" data-name=\"message\" ><\/textarea><\/div><\/div><div class='ff-el-group'><div class=\"ff-el-input--label asterisk-right\"><label for='ff_5_file-upload_1' id='label_ff_5_file-upload_1' aria-label=\"Bitte lade noch Deinen Lebenslauf und weitere Bewerbungsunterlagen hoch.\">Bitte lade noch Deinen Lebenslauf und weitere Bewerbungsunterlagen hoch. <\/label><\/div><div class='ff-el-input--content'><label for='ff_5_file-upload_1' class='ff_file_upload_holder'><span class='ff_upload_btn ff-btn' tabindex='0'>Dateien ausw\u00e4hlen<\/span> <input type=\"file\" name=\"file-upload\" id=\"ff_5_file-upload_1\" class=\"ff-el-form-control  ff-screen-reader-element\" data-name=\"file-upload\" multiple=\"1\"  aria-invalid='false' aria-required=false><\/label><\/div><\/div><div class='ff-el-group    ff-el-input--content'><div class='ff-el-form-check ff-el-tc'><label aria-label='Terms and Conditions: Durch das Absenden dieses Formulars stimme ich zu, dass TRUST Promotion meine Daten auf die oben genannte Art und Weise \u2013 und wie in der TRUST Promotion Datenschutzerkl\u00e4rung beschrieben \u2013 verarbeiten kann. Contains 1 link. Use tab navigation to review.' class='ff-el-form-check-label ff_tc_label' for=gdpr-agreement_2b00fa0f6b7362c17f3996fbc4e5fce1><span class='ff_tc_checkbox'><input type=\"checkbox\" name=\"gdpr-agreement\" class=\"ff-el-form-check-input ff_gdpr_field\" data-name=\"gdpr-agreement\" id=\"gdpr-agreement_2b00fa0f6b7362c17f3996fbc4e5fce1\"  value='on' aria-invalid='false' aria-required=true><\/span> <div class='ff_t_c'>Durch das Absenden dieses Formulars stimme ich zu, dass TRUST Promotion meine Daten auf die oben genannte Art und Weise \u2013 und wie in der TRUST Promotion <a>Datenschutzerkl\u00e4rung <\/a>beschrieben \u2013 verarbeiten kann.<\/div><\/label><\/div><\/div><div class='ff-el-group ff-text-center ff_submit_btn_wrapper'><button type=\"submit\" class=\"ff-btn ff-btn-submit ff-btn-md ff_btn_style wpf_has_custom_css\"  aria-label=\"Bewerbung absenden\">Bewerbung absenden<\/button><\/div><\/fieldset><\/form><div id='fluentform_5_errors' class='ff-errors-in-stack ff_form_instance_5_1 ff-form-loading_errors ff_form_instance_5_1_errors'><\/div><\/div>            <script type=\"text\/javascript\">\n                window.fluent_form_ff_form_instance_5_1 = {\"id\":\"5\",\"ajaxUrl\":\"https:\\\/\\\/trustpromotion.de\\\/wp-admin\\\/admin-ajax.php\",\"settings\":{\"layout\":{\"labelPlacement\":\"top\",\"helpMessagePlacement\":\"with_label\",\"errorMessagePlacement\":\"inline\",\"asteriskPlacement\":\"asterisk-right\"},\"id\":\"39\",\"restrictions\":{\"denyEmptySubmission\":{\"enabled\":false}}},\"form_instance\":\"ff_form_instance_5_1\",\"form_id_selector\":\"fluentform_5\",\"rules\":{\"checkbox\":{\"required\":{\"value\":true,\"message\":\"Pflichtfeld\",\"global\":false,\"global_message\":\"Dieses Feld ist erforderlich\"}},\"names[first_name]\":{\"required\":{\"value\":true,\"message\":\"Pflichtfeld\",\"global\":false,\"global_message\":\"Dieses Feld ist erforderlich\"}},\"names[middle_name]\":{\"required\":{\"value\":false,\"message\":\"This field is required\",\"global\":false,\"global_message\":\"Dieses Feld ist erforderlich\"}},\"names[last_name]\":{\"required\":{\"value\":false,\"message\":\"This field is required\",\"global\":false,\"global_message\":\"Dieses Feld ist erforderlich\"}},\"names_1[first_name]\":{\"required\":{\"value\":true,\"message\":\"Pflichtfeld\",\"global\":false,\"global_message\":\"Dieses Feld ist erforderlich\"}},\"names_1[middle_name]\":{\"required\":{\"value\":false,\"message\":\"This field is required\",\"global\":false,\"global_message\":\"Dieses Feld ist erforderlich\"}},\"names_1[last_name]\":{\"required\":{\"value\":true,\"message\":\"Pflichtfeld\",\"global\":false,\"global_message\":\"Dieses Feld ist erforderlich\"}},\"phone\":{\"required\":{\"value\":true,\"message\":\"Pflichtfeld\",\"global\":false,\"global_message\":\"Dieses Feld ist erforderlich\"},\"valid_phone_number\":{\"value\":true,\"message\":\"Dieses Feld muss ein valide Telefonnummer enthalten.\",\"global\":false,\"global_message\":\"Telefonnummer ist nicht g\\u00fcltig\"}},\"email\":{\"required\":{\"value\":true,\"message\":\"Pflichtfeld\",\"global\":false,\"global_message\":\"Dieses Feld ist erforderlich\"},\"email\":{\"value\":true,\"message\":\"Dieses Feld muss eine valide E--Mail Adresse beinhalten.\",\"global\":false,\"global_message\":\"Dieses Feld muss eine g\\u00fcltige E-Mail-Adresse enthalten\"}},\"message\":{\"required\":{\"value\":false,\"message\":\"This field is required\",\"global\":false,\"global_message\":\"Dieses Feld ist erforderlich\"}},\"file-upload\":{\"required\":{\"value\":false,\"message\":\"This field is required\",\"global\":false,\"global_message\":\"Dieses Feld ist erforderlich\"},\"max_file_size\":{\"value\":1048576,\"_valueFrom\":\"MB\",\"message\":\"Maximum file size limit is 1MB\",\"global\":false,\"global_message\":\"Validation fails for maximum file size\"},\"max_file_count\":{\"value\":\"13\",\"message\":\"Du kannst max. 13 Dokumente hochladen.\",\"global\":false,\"global_message\":\"Validation fails for maximum file count\"},\"allowed_file_types\":{\"value\":[\"jpg|jpeg|gif|png|bmp\",\"pdf\",\"doc|ppt|pps|xls|mdb|docx|xlsx|pptx|odt|odp|ods|odg|odc|odb|odf|rtf|txt\",\"zip|gz|gzip|rar|7z\"],\"message\":\"Bitte nur jpg, png, pdf, docx, xlsx, zip Dateien hochladen.\",\"global\":false,\"global_message\":\"Ung\\u00fcltiger Dateityp\"}},\"gdpr-agreement\":{\"required\":{\"value\":true,\"message\":\"This field is required\",\"global\":false,\"global_message\":\"Dieses Feld ist erforderlich\"}},\"g-recaptcha-response\":[]},\"debounce_time\":300};\n                            <\/script>\n            \n\n<\/div><\/div><\/div>\n<\/div>\n<\/div><\/div>","protected":false},"excerpt":{"rendered":"<p>Praktikant (w\/m\/d) in Berlin Ist dieser coolste Job etwas f\u00fcr  &#8230;<\/p>","protected":false},"author":6,"featured_media":0,"parent":0,"menu_order":0,"comment_status":"closed","ping_status":"closed","template":"","meta":{"_improvement_type_select":"improve_an_existing","_thumb_yes_seoaic":false,"_frame_yes_seoaic":false,"seoaic_generate_description":"","seoaic_improve_instructions_prompt":"","seoaic_rollback_content_improvement":"","seoaic_idea_thumbnail_generator":"","thumbnail_generated":false,"thumbnail_generate_prompt":"","seoaic_article_description":"","footnotes":""},"p-category":[],"class_list":["post-4812","page","type-page","status-publish","hentry"],"_links":{"self":[{"href":"https:\/\/trustpromotion.de\/pl\/wp-json\/wp\/v2\/pages\/4812","targetHints":{"allow":["GET"]}}],"collection":[{"href":"https:\/\/trustpromotion.de\/pl\/wp-json\/wp\/v2\/pages"}],"about":[{"href":"https:\/\/trustpromotion.de\/pl\/wp-json\/wp\/v2\/types\/page"}],"author":[{"embeddable":true,"href":"https:\/\/trustpromotion.de\/pl\/wp-json\/wp\/v2\/users\/6"}],"replies":[{"embeddable":true,"href":"https:\/\/trustpromotion.de\/pl\/wp-json\/wp\/v2\/comments?post=4812"}],"version-history":[{"count":0,"href":"https:\/\/trustpromotion.de\/pl\/wp-json\/wp\/v2\/pages\/4812\/revisions"}],"wp:attachment":[{"href":"https:\/\/trustpromotion.de\/pl\/wp-json\/wp\/v2\/media?parent=4812"}],"wp:term":[{"taxonomy":"p-category","embeddable":true,"href":"https:\/\/trustpromotion.de\/pl\/wp-json\/wp\/v2\/p-category?post=4812"}],"curies":[{"name":"wp","href":"https:\/\/api.w.org\/{rel}","templated":true}]}}