{"id":50401,"date":"2022-12-04T22:32:12","date_gmt":"2022-12-04T21:32:12","guid":{"rendered":"https:\/\/staging.trustpromotion.info\/?page_id=50401"},"modified":"2026-02-18T17:05:03","modified_gmt":"2026-02-18T16:05:03","slug":"hamburg","status":"publish","type":"page","link":"https:\/\/trustpromotion.de\/pl\/agencja-promocyjna\/hamburg\/","title":{"rendered":"agencja promocji hamburg"},"content":{"rendered":"<div class=\"fusion-fullwidth fullwidth-box fusion-builder-row-1 fusion-flex-container has-pattern-background has-mask-background nonhundred-percent-fullwidth non-hundred-percent-height-scrolling\" style=\"--awb-border-radius-top-left:0px;--awb-border-radius-top-right:0px;--awb-border-radius-bottom-right:0px;--awb-border-radius-bottom-left:0px;--awb-padding-top:120px;--awb-flex-wrap:wrap;\" ><div class=\"fusion-builder-row fusion-row fusion-flex-align-items-flex-start fusion-flex-content-wrap\" style=\"max-width:1352px;margin-left: calc(-4% \/ 2 );margin-right: calc(-4% \/ 2 );\"><div class=\"fusion-layout-column fusion_builder_column fusion-builder-column-0 fusion_builder_column_1_1 1_1 fusion-flex-column\" style=\"--awb-bg-size:cover;--awb-width-large:100%;--awb-margin-top-large:0px;--awb-spacing-right-large:1.92%;--awb-margin-bottom-large:20px;--awb-spacing-left-large:1.92%;--awb-width-medium:100%;--awb-order-medium:0;--awb-spacing-right-medium:1.92%;--awb-spacing-left-medium:1.92%;--awb-width-small:100%;--awb-order-small:0;--awb-spacing-right-small:1.92%;--awb-spacing-left-small:1.92%;\"><div class=\"fusion-column-wrapper fusion-column-has-shadow fusion-flex-justify-content-flex-start fusion-content-layout-column\"><div class=\"container\">\r\n<div class=\"row\">\r\n\r\n<div class=\"col-12\"><h1>TRUST Promotion jest agencj\u0105 promocyjn\u0105 w Hamburgu<\/h1><\/div>\r\n<div class=\"col-12\"><h2>Personel promocyjny i akty marszu dla Hamburga<\/h2><\/div>\r\n<div class=\"col-12\"><p>Firmy z Hamburga poszukuj\u0105ce wykwalifikowanego personelu promocyjnego i chodz\u0105cych akt\u00f3w dokona\u0142y w\u0142a\u015bciwego wyboru z Trustpromotion. Nasze wieloletnie do\u015bwiadczenie jako agencji promocyjnej gwarantuje dedykowany personel, indywidualne rozwi\u0105zania i doskona\u0142\u0105 obs\u0142ug\u0119 dla skutecznych i przyci\u0105gaj\u0105cych wzrok kampanii marketingowych.<\/p><\/div>\r\n\r\n<div class=\"col-12\"><h3><strong>Nasze us\u0142ugi w Hamburgu<\/strong><\/h3><\/div>\r\n<div class=\"col-6\">\r\n\t<h4>Pobieranie pr\u00f3bek produkt\u00f3w w Hamburgu<\/h4>\r\n\t<p>Promuj zainteresowanie swoimi produktami i zwi\u0119kszaj lojalno\u015b\u0107 klient\u00f3w dzi\u0119ki skutecznym i kreatywnym promocjom pr\u00f3bek produkt\u00f3w.<\/p>\r\n<\/div>\r\n<div class=\"col-6\">\r\n\t<h4>Kampanie dystrybucji ulotek w Hamburgu<\/h4>\r\n\t<p>Dzi\u0119ki naszym ukierunkowanym kampaniom dystrybucji ulotek mo\u017cesz zwr\u00f3ci\u0107 uwag\u0119 potencjalnych klient\u00f3w na swoje produkty i us\u0142ugi.<\/p>\r\n<\/div>\r\n<div class=\"col-6\">\r\n\t<h4>Sprzeda\u017c bezpo\u015brednia w Hamburgu<\/h4>\r\n\t<p>Dzi\u0119ki naszym ukierunkowanym kampaniom sprzeda\u017cy bezpo\u015bredniej mo\u017cesz zwr\u00f3ci\u0107 uwag\u0119 potencjalnych klient\u00f3w na swoje produkty i wzmocni\u0107 swoj\u0105 obecno\u015b\u0107 na rynku.<\/p>\r\n<\/div>\r\n<div class=\"col-6\">\r\n\t<h4>Promocje kostium\u00f3w w Hamburgu<\/h4>\r\n\t<p>Dzi\u0119ki naszym ukierunkowanym kampaniom promocyjnym kostium\u00f3w mo\u017cesz zwr\u00f3ci\u0107 uwag\u0119 potencjalnych klient\u00f3w na swoje produkty i wzmocni\u0107 swoj\u0105 obecno\u015b\u0107 na rynku.<\/p>\r\n<\/div>\r\n<div class=\"col-6\">\r\n\t<h4>Zawody w Hamburgu<\/h4>\r\n\t<p>Dzi\u0119ki naszym ukierunkowanym kampaniom konkursowym mo\u017cesz zwr\u00f3ci\u0107 uwag\u0119 potencjalnych klient\u00f3w na swoje produkty i wzmocni\u0107 swoj\u0105 obecno\u015b\u0107 na rynku.<\/p>\r\n<\/div>\r\n<div class=\"col-6\">\r\n\t<h4>Ankiety w Hamburgu<\/h4>\r\n\t<p>Nasze ukierunkowane kampanie ankietowe umo\u017cliwiaj\u0105 lepsze zrozumienie potrzeb potencjalnych klient\u00f3w i wzmocnienie obecno\u015bci na rynku.<\/p>\r\n<\/div>\r\n<div class=\"col-6\">\r\n\t<h4>Promocje pojazd\u00f3w w Hamburgu<\/h4>\r\n\t<p>Dzi\u0119ki naszym ukierunkowanym kampaniom promocyjnym pojazd\u00f3w mo\u017cesz zwr\u00f3ci\u0107 uwag\u0119 potencjalnych klient\u00f3w na swoje produkty i wzmocni\u0107 swoj\u0105 obecno\u015b\u0107 na rynku.<\/p>\r\n<\/div>\r\n<div class=\"col-12\"><p>Agencja promocyjna w Hamburgu<\/p><\/div>\r\n<\/div><\/div><\/div><\/div><\/div><\/div>","protected":false},"excerpt":{"rendered":"","protected":false},"author":6,"featured_media":0,"parent":57301,"menu_order":0,"comment_status":"closed","ping_status":"closed","template":"100-width.php","meta":{"_improvement_type_select":"improve_an_existing","_thumb_yes_seoaic":false,"_frame_yes_seoaic":false,"seoaic_generate_description":"","seoaic_improve_instructions_prompt":"","seoaic_rollback_content_improvement":"","seoaic_idea_thumbnail_generator":"","thumbnail_generated":false,"thumbnail_generate_prompt":"","seoaic_article_description":"","footnotes":""},"p-category":[1851],"class_list":["post-50401","page","type-page","status-publish","hentry","p-category-promotion-agentur-cities"],"_links":{"self":[{"href":"https:\/\/trustpromotion.de\/pl\/wp-json\/wp\/v2\/pages\/50401","targetHints":{"allow":["GET"]}}],"collection":[{"href":"https:\/\/trustpromotion.de\/pl\/wp-json\/wp\/v2\/pages"}],"about":[{"href":"https:\/\/trustpromotion.de\/pl\/wp-json\/wp\/v2\/types\/page"}],"author":[{"embeddable":true,"href":"https:\/\/trustpromotion.de\/pl\/wp-json\/wp\/v2\/users\/6"}],"replies":[{"embeddable":true,"href":"https:\/\/trustpromotion.de\/pl\/wp-json\/wp\/v2\/comments?post=50401"}],"version-history":[{"count":0,"href":"https:\/\/trustpromotion.de\/pl\/wp-json\/wp\/v2\/pages\/50401\/revisions"}],"up":[{"embeddable":true,"href":"https:\/\/trustpromotion.de\/pl\/wp-json\/wp\/v2\/pages\/57301"}],"wp:attachment":[{"href":"https:\/\/trustpromotion.de\/pl\/wp-json\/wp\/v2\/media?parent=50401"}],"wp:term":[{"taxonomy":"p-category","embeddable":true,"href":"https:\/\/trustpromotion.de\/pl\/wp-json\/wp\/v2\/p-category?post=50401"}],"curies":[{"name":"wp","href":"https:\/\/api.w.org\/{rel}","templated":true}]}}