{"id":50464,"date":"2022-12-08T12:16:00","date_gmt":"2022-12-08T11:16:00","guid":{"rendered":"https:\/\/staging.trustpromotion.info\/?page_id=50464"},"modified":"2026-02-18T17:04:10","modified_gmt":"2026-02-18T16:04:10","slug":"bremen","status":"publish","type":"page","link":"https:\/\/trustpromotion.de\/pl\/agencja-promocyjna\/brema\/","title":{"rendered":"agencja promocyjna bremen"},"content":{"rendered":"<div class=\"fusion-fullwidth fullwidth-box fusion-builder-row-1 fusion-flex-container has-pattern-background has-mask-background nonhundred-percent-fullwidth non-hundred-percent-height-scrolling\" style=\"--awb-border-radius-top-left:0px;--awb-border-radius-top-right:0px;--awb-border-radius-bottom-right:0px;--awb-border-radius-bottom-left:0px;--awb-padding-top:120px;--awb-flex-wrap:wrap;\" ><div class=\"fusion-builder-row fusion-row fusion-flex-align-items-flex-start fusion-flex-justify-content-center fusion-flex-content-wrap\" style=\"max-width:1352px;margin-left: calc(-4% \/ 2 );margin-right: calc(-4% \/ 2 );\"><div class=\"fusion-layout-column fusion_builder_column fusion-builder-column-0 fusion_builder_column_1_1 1_1 fusion-flex-column\" style=\"--awb-bg-size:cover;--awb-width-large:100%;--awb-margin-top-large:0px;--awb-spacing-right-large:1.92%;--awb-margin-bottom-large:20px;--awb-spacing-left-large:1.92%;--awb-width-medium:100%;--awb-order-medium:0;--awb-spacing-right-medium:1.92%;--awb-spacing-left-medium:1.92%;--awb-width-small:100%;--awb-order-small:0;--awb-spacing-right-small:1.92%;--awb-spacing-left-small:1.92%;\"><div class=\"fusion-column-wrapper fusion-column-has-shadow fusion-flex-justify-content-flex-start fusion-content-layout-column\"><div class=\"container\">\r\n<div class=\"row\">\r\n\r\n<div class=\"col-12\"><h1>TRUST Promotion jest agencj\u0105 promocyjn\u0105 w Bremie<\/h1><\/div>\r\n<div class=\"col-12\"><h2>Personel promocyjny i piesze akty dla Bremy<\/h2><\/div>\r\n<div class=\"col-12\"><p>Trustpromotion jest idealnym wyborem dla firm w Bremie, kt\u00f3re chc\u0105 zatrudni\u0107 najwy\u017cszej klasy personel promocyjny. Dzi\u0119ki wieloletniemu do\u015bwiadczeniu w bran\u017cy, Trustpromotion oferuje dedykowany personel, niestandardowe rozwi\u0105zania i wyj\u0105tkow\u0105 obs\u0142ug\u0119 dla udanych i przyci\u0105gaj\u0105cych wzrok kampanii promocyjnych.<\/p><\/div>\r\n\r\n<div class=\"col-12\"><h3><strong>Nasze us\u0142ugi w Bremie<\/strong><\/h3><\/div>\r\n<div class=\"col-6\">\r\n\t<h4>Pobieranie pr\u00f3bek produkt\u00f3w w Bremie<\/h4>\r\n\t<p>Pozw\u00f3l naszemu profesjonalnemu zespo\u0142owi promocyjnemu zaprezentowa\u0107 Twoje produkty i zdoby\u0107 nowych klient\u00f3w dzi\u0119ki skutecznym kampaniom samplingowym.<\/p>\r\n<\/div>\r\n<div class=\"col-6\">\r\n\t<h4>Kampanie dystrybucji ulotek w Bremie<\/h4>\r\n\t<p>Zwi\u0119ksz widoczno\u015b\u0107 swojej firmy dzi\u0119ki naszym spersonalizowanym kampaniom dystrybucji ulotek, prowadzonym przez nasz do\u015bwiadczony zesp\u00f3\u0142 ds. promocji.<\/p>\r\n<\/div>\r\n<div class=\"col-6\">\r\n\t<h4>Sprzeda\u017c bezpo\u015brednia w Bremie<\/h4>\r\n\t<p>Pozw\u00f3l naszemu do\u015bwiadczonemu zespo\u0142owi ds. promocji reprezentowa\u0107 Twoj\u0105 firm\u0119 i dostarcza\u0107 Twoje produkty klientom poprzez skuteczne strategie sprzeda\u017cy bezpo\u015bredniej.<\/p>\r\n<\/div>\r\n<div class=\"col-6\">\r\n\t<h4>Promocje kostium\u00f3w w Bremie<\/h4>\r\n\t<p>Niech Twoja firma b\u0119dzie reprezentowana przez nasz oddany personel promocyjny, kt\u00f3ry rozpowszechni Twoje przes\u0142anie poprzez skuteczne i przyci\u0105gaj\u0105ce wzrok promocje kostium\u00f3w.<\/p>\r\n<\/div>\r\n<div class=\"col-6\">\r\n\t<h4>Loterie w Bremie<\/h4>\r\n\t<p>Zwi\u0119ksz \u015bwiadomo\u015b\u0107 swojej marki i wzbudzaj zainteresowanie potencjalnych klient\u00f3w dzi\u0119ki naszym niestandardowym i ekscytuj\u0105cym promocjom konkursowym.<\/p>\r\n<\/div>\r\n<div class=\"col-6\">\r\n\t<h4>Ankiety w Bremie<\/h4>\r\n\t<p>Pozw\u00f3l naszemu dedykowanemu personelowi promocyjnemu reprezentowa\u0107 Twoj\u0105 firm\u0119 i przekazywa\u0107 Twoje przes\u0142anie poprzez skuteczne i anga\u017cuj\u0105ce kampanie ankietowe.<\/p>\r\n<\/div>\r\n<div class=\"col-6\">\r\n\t<h4>Promocje pojazd\u00f3w w Bremie<\/h4>\r\n\t<p>Skorzystaj z naszych niestandardowych kampanii promocyjnych pojazd\u00f3w, aby zaprezentowa\u0107 swoj\u0105 mark\u0119 w mobilny i atrakcyjny spos\u00f3b.<\/p>\r\n<\/div>\r\n<div class=\"col-12\"><p>Agencja promocyjna w Bremie<\/p><\/div>\r\n<\/div><\/div><\/div><\/div><\/div><\/div>","protected":false},"excerpt":{"rendered":"","protected":false},"author":6,"featured_media":0,"parent":57301,"menu_order":0,"comment_status":"closed","ping_status":"closed","template":"100-width.php","meta":{"_improvement_type_select":"improve_an_existing","_thumb_yes_seoaic":false,"_frame_yes_seoaic":false,"seoaic_generate_description":"","seoaic_improve_instructions_prompt":"","seoaic_rollback_content_improvement":"","seoaic_idea_thumbnail_generator":"","thumbnail_generated":false,"thumbnail_generate_prompt":"","seoaic_article_description":"","footnotes":""},"p-category":[1851],"class_list":["post-50464","page","type-page","status-publish","hentry","p-category-promotion-agentur-cities"],"_links":{"self":[{"href":"https:\/\/trustpromotion.de\/pl\/wp-json\/wp\/v2\/pages\/50464","targetHints":{"allow":["GET"]}}],"collection":[{"href":"https:\/\/trustpromotion.de\/pl\/wp-json\/wp\/v2\/pages"}],"about":[{"href":"https:\/\/trustpromotion.de\/pl\/wp-json\/wp\/v2\/types\/page"}],"author":[{"embeddable":true,"href":"https:\/\/trustpromotion.de\/pl\/wp-json\/wp\/v2\/users\/6"}],"replies":[{"embeddable":true,"href":"https:\/\/trustpromotion.de\/pl\/wp-json\/wp\/v2\/comments?post=50464"}],"version-history":[{"count":0,"href":"https:\/\/trustpromotion.de\/pl\/wp-json\/wp\/v2\/pages\/50464\/revisions"}],"up":[{"embeddable":true,"href":"https:\/\/trustpromotion.de\/pl\/wp-json\/wp\/v2\/pages\/57301"}],"wp:attachment":[{"href":"https:\/\/trustpromotion.de\/pl\/wp-json\/wp\/v2\/media?parent=50464"}],"wp:term":[{"taxonomy":"p-category","embeddable":true,"href":"https:\/\/trustpromotion.de\/pl\/wp-json\/wp\/v2\/p-category?post=50464"}],"curies":[{"name":"wp","href":"https:\/\/api.w.org\/{rel}","templated":true}]}}