{"id":50466,"date":"2022-12-08T12:18:47","date_gmt":"2022-12-08T11:18:47","guid":{"rendered":"https:\/\/staging.trustpromotion.info\/?page_id=50466"},"modified":"2026-02-18T17:04:54","modified_gmt":"2026-02-18T16:04:54","slug":"frankfurt","status":"publish","type":"page","link":"https:\/\/trustpromotion.de\/pl\/agencja-promocyjna\/frankfurt\/","title":{"rendered":"agencja promocyjna frankfurt"},"content":{"rendered":"<div class=\"fusion-fullwidth fullwidth-box fusion-builder-row-1 fusion-flex-container has-pattern-background has-mask-background nonhundred-percent-fullwidth non-hundred-percent-height-scrolling\" style=\"--awb-border-radius-top-left:0px;--awb-border-radius-top-right:0px;--awb-border-radius-bottom-right:0px;--awb-border-radius-bottom-left:0px;--awb-padding-top:120px;--awb-flex-wrap:wrap;\" ><div class=\"fusion-builder-row fusion-row fusion-flex-align-items-flex-start fusion-flex-justify-content-center fusion-flex-content-wrap\" style=\"max-width:1352px;margin-left: calc(-4% \/ 2 );margin-right: calc(-4% \/ 2 );\"><div class=\"fusion-layout-column fusion_builder_column fusion-builder-column-0 fusion_builder_column_1_1 1_1 fusion-flex-column\" style=\"--awb-bg-size:cover;--awb-width-large:100%;--awb-margin-top-large:0px;--awb-spacing-right-large:1.92%;--awb-margin-bottom-large:20px;--awb-spacing-left-large:1.92%;--awb-width-medium:100%;--awb-order-medium:0;--awb-spacing-right-medium:1.92%;--awb-spacing-left-medium:1.92%;--awb-width-small:100%;--awb-order-small:0;--awb-spacing-right-small:1.92%;--awb-spacing-left-small:1.92%;\"><div class=\"fusion-column-wrapper fusion-column-has-shadow fusion-flex-justify-content-flex-start fusion-content-layout-column\"><div class=\"container\">\r\n<div class=\"row\">\r\n\r\n<div class=\"col-12\"><h1>TRUST Promotion jest agencj\u0105 promocyjn\u0105 we Frankfurcie<\/h1><\/div>\r\n<div class=\"col-12\"><h2>Personel promocyjny i akty marszu dla Frankfurtu<\/h2><\/div>\r\n<div class=\"col-12\"><p>TRUST Promotion ist eine sehr gute Wahl f\u00fcr Unternehmen in Frankfurt, die professionelles Promotion-Personal und Walking-Acts mieten m\u00f6chten. Unsere Expertise und unser leidenschaftliches Team sorgen f\u00fcr ma\u00dfgeschneiderte L\u00f6sungen und erstklassigen Service, um eindrucksvolle und erfolgreiche Werbeaktionen zu erm\u00f6glichen.<\/p><\/div>\r\n\r\n<div class=\"col-12\"><h3><strong>Nasze us\u0142ugi we Frankfurcie<\/strong><\/h3><\/div>\r\n<div class=\"col-6\">\r\n\t<h4>Sampling produkt\u00f3w we Frankfurcie<\/h4>\r\n\t<p>Osi\u0105gnij wi\u0119ksz\u0105 \u015bwiadomo\u015b\u0107 marki i wzmocnij swoj\u0105 konkurencyjno\u015b\u0107 dzi\u0119ki naszym ukierunkowanym kampaniom samplingowym produkt\u00f3w.<\/p>\r\n<\/div>\r\n<div class=\"col-6\">\r\n\t<h4>Kampanie dystrybucji ulotek we Frankfurcie<\/h4>\r\n\t<p>Polegaj na naszym do\u015bwiadczeniu w dystrybucji ulotek, aby wyr\u00f3\u017cni\u0107 swoj\u0105 mark\u0119 na tle konkurencji i przyci\u0105gn\u0105\u0107 nowych klient\u00f3w.<\/p>\r\n<\/div>\r\n<div class=\"col-6\">\r\n\t<h4>Sprzeda\u017c bezpo\u015brednia we Frankfurcie<\/h4>\r\n\t<p>Polegaj na naszym do\u015bwiadczeniu w sprzeda\u017cy bezpo\u015bredniej i pozw\u00f3l naszemu dedykowanemu personelowi promocyjnemu podkre\u015bli\u0107 Twoj\u0105 mark\u0119.<\/p>\r\n<\/div>\r\n<div class=\"col-6\">\r\n\t<h4>Promocje kostium\u00f3w we Frankfurcie<\/h4>\r\n\t<p>Zaufaj naszemu do\u015bwiadczeniu w dziedzinie promocji kostium\u00f3w i pozw\u00f3l naszemu zaanga\u017cowanemu i kreatywnemu zespo\u0142owi promocyjnemu reprezentowa\u0107 Twoj\u0105 firm\u0119.<\/p>\r\n<\/div>\r\n<div class=\"col-6\">\r\n\t<h4>Zawody we Frankfurcie<\/h4>\r\n\t<p>Zaufaj naszemu do\u015bwiadczeniu w dziedzinie promocji losowania nagr\u00f3d i pozw\u00f3l naszemu zaanga\u017cowanemu i kreatywnemu zespo\u0142owi promocyjnemu reprezentowa\u0107 Twoj\u0105 firm\u0119.<\/p>\r\n<\/div>\r\n<div class=\"col-6\">\r\n\t<h4>Ankiety we Frankfurcie<\/h4>\r\n\t<p>Polegaj na naszym do\u015bwiadczeniu w dziedzinie bada\u0144 i pozw\u00f3l naszemu oddanemu i wykwalifikowanemu zespo\u0142owi promocyjnemu reprezentowa\u0107 Twoj\u0105 firm\u0119.<\/p>\r\n<\/div>\r\n<div class=\"col-6\">\r\n\t<h4>Promocje na pojazdy we Frankfurcie<\/h4>\r\n\t<p>Polegaj na naszym do\u015bwiadczeniu w dziedzinie promocji pojazd\u00f3w i pozw\u00f3l naszemu zaanga\u017cowanemu i kreatywnemu zespo\u0142owi promocyjnemu reprezentowa\u0107 Twoj\u0105 firm\u0119.<\/p>\r\n<\/div>\r\n<div class=\"col-12\"><p>Agencja promocyjna we Frankfurcie<\/p><\/div>\r\n<\/div><\/div><\/div><\/div><\/div><\/div>","protected":false},"excerpt":{"rendered":"","protected":false},"author":6,"featured_media":0,"parent":57301,"menu_order":0,"comment_status":"closed","ping_status":"closed","template":"100-width.php","meta":{"_improvement_type_select":"improve_an_existing","_thumb_yes_seoaic":false,"_frame_yes_seoaic":false,"seoaic_generate_description":"","seoaic_improve_instructions_prompt":"","seoaic_rollback_content_improvement":"","seoaic_idea_thumbnail_generator":"","thumbnail_generated":false,"thumbnail_generate_prompt":"","seoaic_article_description":"","footnotes":""},"p-category":[1851],"class_list":["post-50466","page","type-page","status-publish","hentry","p-category-promotion-agentur-cities"],"_links":{"self":[{"href":"https:\/\/trustpromotion.de\/pl\/wp-json\/wp\/v2\/pages\/50466","targetHints":{"allow":["GET"]}}],"collection":[{"href":"https:\/\/trustpromotion.de\/pl\/wp-json\/wp\/v2\/pages"}],"about":[{"href":"https:\/\/trustpromotion.de\/pl\/wp-json\/wp\/v2\/types\/page"}],"author":[{"embeddable":true,"href":"https:\/\/trustpromotion.de\/pl\/wp-json\/wp\/v2\/users\/6"}],"replies":[{"embeddable":true,"href":"https:\/\/trustpromotion.de\/pl\/wp-json\/wp\/v2\/comments?post=50466"}],"version-history":[{"count":0,"href":"https:\/\/trustpromotion.de\/pl\/wp-json\/wp\/v2\/pages\/50466\/revisions"}],"up":[{"embeddable":true,"href":"https:\/\/trustpromotion.de\/pl\/wp-json\/wp\/v2\/pages\/57301"}],"wp:attachment":[{"href":"https:\/\/trustpromotion.de\/pl\/wp-json\/wp\/v2\/media?parent=50466"}],"wp:term":[{"taxonomy":"p-category","embeddable":true,"href":"https:\/\/trustpromotion.de\/pl\/wp-json\/wp\/v2\/p-category?post=50466"}],"curies":[{"name":"wp","href":"https:\/\/api.w.org\/{rel}","templated":true}]}}