{"id":50470,"date":"2022-12-08T12:20:14","date_gmt":"2022-12-08T11:20:14","guid":{"rendered":"https:\/\/staging.trustpromotion.info\/?page_id=50470"},"modified":"2026-02-18T17:04:18","modified_gmt":"2026-02-18T16:04:18","slug":"dortmund","status":"publish","type":"page","link":"https:\/\/trustpromotion.de\/pl\/agencja-promocyjna\/dortmund\/","title":{"rendered":"agencja promocyjna dortmund"},"content":{"rendered":"<div class=\"fusion-fullwidth fullwidth-box fusion-builder-row-1 fusion-flex-container has-pattern-background has-mask-background nonhundred-percent-fullwidth non-hundred-percent-height-scrolling\" style=\"--awb-border-radius-top-left:0px;--awb-border-radius-top-right:0px;--awb-border-radius-bottom-right:0px;--awb-border-radius-bottom-left:0px;--awb-padding-top:120px;--awb-flex-wrap:wrap;\" ><div class=\"fusion-builder-row fusion-row fusion-flex-align-items-flex-start fusion-flex-justify-content-center fusion-flex-content-wrap\" style=\"max-width:1352px;margin-left: calc(-4% \/ 2 );margin-right: calc(-4% \/ 2 );\"><div class=\"fusion-layout-column fusion_builder_column fusion-builder-column-0 fusion_builder_column_1_1 1_1 fusion-flex-column\" style=\"--awb-bg-size:cover;--awb-width-large:100%;--awb-margin-top-large:0px;--awb-spacing-right-large:1.92%;--awb-margin-bottom-large:20px;--awb-spacing-left-large:1.92%;--awb-width-medium:100%;--awb-order-medium:0;--awb-spacing-right-medium:1.92%;--awb-spacing-left-medium:1.92%;--awb-width-small:100%;--awb-order-small:0;--awb-spacing-right-small:1.92%;--awb-spacing-left-small:1.92%;\"><div class=\"fusion-column-wrapper fusion-column-has-shadow fusion-flex-justify-content-flex-start fusion-content-layout-column\"><div class=\"container\">\r\n<div class=\"row\">\r\n\r\n<div class=\"col-12\"><h1>TRUST Promotion jest agencj\u0105 promocyjn\u0105 w Dortmundzie<\/h1><\/div>\r\n<div class=\"col-12\"><h2>Personel promocyjny i chodz\u0105ce akty dla Dortmundu<\/h2><\/div>\r\n<div class=\"col-12\"><p>W Dortmundzie Trustpromotion jest preferowan\u0105 agencj\u0105 promocyjn\u0105 dla firm poszukuj\u0105cych wysoko wykwalifikowanego personelu promocyjnego i aktor\u00f3w. Dzi\u0119ki naszemu do\u015bwiadczeniu i zaanga\u017cowanemu zespo\u0142owi oferujemy niestandardowe koncepcje i najwy\u017cszej klasy us\u0142ugi dla imponuj\u0105cych i skutecznych kampanii marketingowych.<\/p><\/div>\r\n\r\n<div class=\"col-12\"><h3><strong>Nasze us\u0142ugi w Dortmundzie<\/strong><\/h3><\/div>\r\n<div class=\"col-6\">\r\n\t<h4>Pobieranie pr\u00f3bek produkt\u00f3w w Dortmundzie<\/h4>\r\n\t<p>Dotrzyj do swojej grupy docelowej i zwi\u0119ksz \u015bwiadomo\u015b\u0107 swojej firmy dzi\u0119ki naszym spersonalizowanym kampaniom samplingowym produkt\u00f3w.<\/p>\r\n<\/div>\r\n<div class=\"col-6\">\r\n\t<h4>Kampanie dystrybucji ulotek w Dortmundzie<\/h4>\r\n\t<p>Skorzystaj z naszych ukierunkowanych kampanii dystrybucji ulotek, aby zakotwiczy\u0107 swoje produkty i us\u0142ugi w umys\u0142ach grupy docelowej.<\/p>\r\n<\/div>\r\n<div class=\"col-6\">\r\n\t<h4>Sprzeda\u017c bezpo\u015brednia w Dortmundzie<\/h4>\r\n\t<p>Skorzystaj z naszych spersonalizowanych kampanii sprzeda\u017cy bezpo\u015bredniej, aby skutecznie zaprezentowa\u0107 swoje produkty i osi\u0105gn\u0105\u0107 d\u0142ugoterminow\u0105 lojalno\u015b\u0107 klient\u00f3w.<\/p>\r\n<\/div>\r\n<div class=\"col-6\">\r\n\t<h4>Promocje kostium\u00f3w w Dortmundzie<\/h4>\r\n\t<p>Skorzystaj z naszych niestandardowych promocji kostiumowych, aby zaprezentowa\u0107 swoj\u0105 mark\u0119 w zabawny i atrakcyjny spos\u00f3b.<\/p>\r\n<\/div>\r\n<div class=\"col-6\">\r\n\t<h4>Raffles w Dortmundzie<\/h4>\r\n\t<p>Skorzystaj z naszych spersonalizowanych promocji loterii, aby ja<\/p>\r\n<\/div>\r\n<div class=\"col-6\">\r\n\t<h4>Ankiety w Dortmundzie<\/h4>\r\n\t<p>Skorzystaj z naszych niestandardowych kampanii ankietowych, aby uzyska\u0107 cenny wgl\u0105d w potrzeby i \u017cyczenia swojej grupy docelowej.<\/p>\r\n<\/div>\r\n<div class=\"col-6\">\r\n\t<h4>Promocje na pojazdy w Dortmundzie<\/h4>\r\n\t<p>Przyci\u0105gnij uwag\u0119 i zwi\u0119ksz \u015bwiadomo\u015b\u0107 swojej marki dzi\u0119ki naszym kreatywnym kampaniom promocyjnym pojazd\u00f3w, prowadzonym przez nasz do\u015bwiadczony zesp\u00f3\u0142 ds. promocji.<\/p>\r\n<\/div>\r\n<div class=\"col-12\"><p>Agencja promocyjna w Dortmundzie<\/p><\/div>\r\n<\/div><\/div><\/div><\/div><\/div><\/div>","protected":false},"excerpt":{"rendered":"","protected":false},"author":6,"featured_media":0,"parent":57301,"menu_order":0,"comment_status":"closed","ping_status":"closed","template":"100-width.php","meta":{"_improvement_type_select":"improve_an_existing","_thumb_yes_seoaic":false,"_frame_yes_seoaic":false,"seoaic_generate_description":"","seoaic_improve_instructions_prompt":"","seoaic_rollback_content_improvement":"","seoaic_idea_thumbnail_generator":"","thumbnail_generated":false,"thumbnail_generate_prompt":"","seoaic_article_description":"","footnotes":""},"p-category":[1851],"class_list":["post-50470","page","type-page","status-publish","hentry","p-category-promotion-agentur-cities"],"_links":{"self":[{"href":"https:\/\/trustpromotion.de\/pl\/wp-json\/wp\/v2\/pages\/50470","targetHints":{"allow":["GET"]}}],"collection":[{"href":"https:\/\/trustpromotion.de\/pl\/wp-json\/wp\/v2\/pages"}],"about":[{"href":"https:\/\/trustpromotion.de\/pl\/wp-json\/wp\/v2\/types\/page"}],"author":[{"embeddable":true,"href":"https:\/\/trustpromotion.de\/pl\/wp-json\/wp\/v2\/users\/6"}],"replies":[{"embeddable":true,"href":"https:\/\/trustpromotion.de\/pl\/wp-json\/wp\/v2\/comments?post=50470"}],"version-history":[{"count":0,"href":"https:\/\/trustpromotion.de\/pl\/wp-json\/wp\/v2\/pages\/50470\/revisions"}],"up":[{"embeddable":true,"href":"https:\/\/trustpromotion.de\/pl\/wp-json\/wp\/v2\/pages\/57301"}],"wp:attachment":[{"href":"https:\/\/trustpromotion.de\/pl\/wp-json\/wp\/v2\/media?parent=50470"}],"wp:term":[{"taxonomy":"p-category","embeddable":true,"href":"https:\/\/trustpromotion.de\/pl\/wp-json\/wp\/v2\/p-category?post=50470"}],"curies":[{"name":"wp","href":"https:\/\/api.w.org\/{rel}","templated":true}]}}