{"id":50472,"date":"2022-12-08T12:21:31","date_gmt":"2022-12-08T11:21:31","guid":{"rendered":"https:\/\/staging.trustpromotion.info\/?page_id=50472"},"modified":"2026-02-18T17:05:43","modified_gmt":"2026-02-18T16:05:43","slug":"nuernberg","status":"publish","type":"page","link":"https:\/\/trustpromotion.de\/pl\/agencja-promocyjna\/norymberga-2\/","title":{"rendered":"agencja promocji norymberga"},"content":{"rendered":"<div class=\"fusion-fullwidth fullwidth-box fusion-builder-row-1 fusion-flex-container has-pattern-background has-mask-background nonhundred-percent-fullwidth non-hundred-percent-height-scrolling\" style=\"--awb-border-radius-top-left:0px;--awb-border-radius-top-right:0px;--awb-border-radius-bottom-right:0px;--awb-border-radius-bottom-left:0px;--awb-padding-top:120px;--awb-flex-wrap:wrap;\" ><div class=\"fusion-builder-row fusion-row fusion-flex-align-items-flex-start fusion-flex-justify-content-center fusion-flex-content-wrap\" style=\"max-width:1352px;margin-left: calc(-4% \/ 2 );margin-right: calc(-4% \/ 2 );\"><div class=\"fusion-layout-column fusion_builder_column fusion-builder-column-0 fusion_builder_column_1_1 1_1 fusion-flex-column\" style=\"--awb-bg-size:cover;--awb-width-large:100%;--awb-margin-top-large:0px;--awb-spacing-right-large:1.92%;--awb-margin-bottom-large:20px;--awb-spacing-left-large:1.92%;--awb-width-medium:100%;--awb-order-medium:0;--awb-spacing-right-medium:1.92%;--awb-spacing-left-medium:1.92%;--awb-width-small:100%;--awb-order-small:0;--awb-spacing-right-small:1.92%;--awb-spacing-left-small:1.92%;\"><div class=\"fusion-column-wrapper fusion-column-has-shadow fusion-flex-justify-content-flex-start fusion-content-layout-column\"><div class=\"container\">\r\n<div class=\"row\">\r\n\r\n<div class=\"col-12\"><h1>TRUST Promotion jest agencj\u0105 promocyjn\u0105 w Norymberdze<\/h1><\/div>\r\n<div class=\"col-12\"><h2>Personel promocyjny i chodz\u0105ce akty dla Norymbergi<\/h2><\/div>\r\n<div class=\"col-12\"><p>TRUST Promotion ist eine sehr gute Wahl f\u00fcr N\u00fcrnberger Unternehmen, die kompetentes Promotion-Personal und Walking-Acts mieten m\u00f6chten. Als erfahrene Promotion-Agentur \u00fcberzeugen wir mit engagierten Mitarbeitern, ma\u00dfgeschneiderten L\u00f6sungen und herausragendem Service f\u00fcr wirkungsvolle und aufmerksamkeitsstarke Kampagnen.<\/p><\/div>\r\n\r\n<div class=\"col-12\"><h3><strong>Nasze us\u0142ugi w Norymberdze<\/strong><\/h3><\/div>\r\n<div class=\"col-6\">\r\n\t<h4>Sampling produkt\u00f3w w Norymberdze<\/h4>\r\n\t<p>Skorzystaj z naszych innowacyjnych strategii pr\u00f3bkowania produkt\u00f3w, aby skupi\u0107 uwag\u0119 na swoich produktach i przyci\u0105gn\u0105\u0107 nowych klient\u00f3w w d\u0142u\u017cszej perspektywie.<\/p>\r\n<\/div>\r\n<div class=\"col-6\">\r\n\t<h4>Kampanie dystrybucji ulotek w Norymberdze<\/h4>\r\n\t<p>Dzi\u0119ki naszym ukierunkowanym kampaniom dystrybucji ulotek i wykwalifikowanemu personelowi promocyjnemu mo\u017cesz skutecznie i profesjonalnie rozpowszechnia\u0107 sw\u00f3j przekaz.<\/p>\r\n<\/div>\r\n<div class=\"col-6\">\r\n\t<h4>Sprzeda\u017c bezpo\u015brednia w Norymberdze<\/h4>\r\n\t<p>Dzi\u0119ki naszym ukierunkowanym kampaniom sprzeda\u017cy bezpo\u015bredniej i do\u015bwiadczonemu personelowi promocyjnemu mo\u017cesz zaprezentowa\u0107 swoj\u0105 firm\u0119 w najlepszy mo\u017cliwy spos\u00f3b i zwi\u0119kszy\u0107 sprzeda\u017c.<\/p>\r\n<\/div>\r\n<div class=\"col-6\">\r\n\t<h4>Promocje kostiumowe w Norymberdze<\/h4>\r\n\t<p>Dzi\u0119ki naszym ukierunkowanym kampaniom promocyjnym kostium\u00f3w i do\u015bwiadczonemu personelowi promocyjnemu mo\u017cesz rozpowszechnia\u0107 sw\u00f3j przekaz w przyci\u0105gaj\u0105cy wzrok i profesjonalny spos\u00f3b.<\/p>\r\n<\/div>\r\n<div class=\"col-6\">\r\n\t<h4>Raffles w Norymberdze<\/h4>\r\n\t<p>Promuj zainteresowanie swoimi produktami i zwi\u0119kszaj lojalno\u015b\u0107 klient\u00f3w dzi\u0119ki skutecznym i ekscytuj\u0105cym promocjom konkursowym.<\/p>\r\n<\/div>\r\n<div class=\"col-6\">\r\n\t<h4>Ankiety w Norymberdze<\/h4>\r\n\t<p>Dzi\u0119ki naszym ukierunkowanym kampaniom ankietowym i do\u015bwiadczonemu personelowi promocyjnemu mo\u017cesz uzyska\u0107 cenny wgl\u0105d w potrzeby swojej grupy docelowej.<\/p>\r\n<\/div>\r\n<div class=\"col-6\">\r\n\t<h4>Promocje na pojazdy w Norymberdze<\/h4>\r\n\t<p>Dzi\u0119ki naszym ukierunkowanym kampaniom promocyjnym pojazd\u00f3w i do\u015bwiadczonemu personelowi promocyjnemu mo\u017cesz rozpowszechnia\u0107 sw\u00f3j przekaz w przyci\u0105gaj\u0105cy wzrok i profesjonalny spos\u00f3b.<\/p>\r\n<\/div>\r\n<div class=\"col-12\"><p>Agencja promocyjna w Norymberdze<\/p><\/div>\r\n<\/div><\/div><\/div><\/div><\/div><\/div>","protected":false},"excerpt":{"rendered":"","protected":false},"author":6,"featured_media":0,"parent":57301,"menu_order":0,"comment_status":"closed","ping_status":"closed","template":"100-width.php","meta":{"_improvement_type_select":"improve_an_existing","_thumb_yes_seoaic":false,"_frame_yes_seoaic":false,"seoaic_generate_description":"","seoaic_improve_instructions_prompt":"","seoaic_rollback_content_improvement":"","seoaic_idea_thumbnail_generator":"","thumbnail_generated":false,"thumbnail_generate_prompt":"","seoaic_article_description":"","footnotes":""},"p-category":[1851],"class_list":["post-50472","page","type-page","status-publish","hentry","p-category-promotion-agentur-cities"],"_links":{"self":[{"href":"https:\/\/trustpromotion.de\/pl\/wp-json\/wp\/v2\/pages\/50472","targetHints":{"allow":["GET"]}}],"collection":[{"href":"https:\/\/trustpromotion.de\/pl\/wp-json\/wp\/v2\/pages"}],"about":[{"href":"https:\/\/trustpromotion.de\/pl\/wp-json\/wp\/v2\/types\/page"}],"author":[{"embeddable":true,"href":"https:\/\/trustpromotion.de\/pl\/wp-json\/wp\/v2\/users\/6"}],"replies":[{"embeddable":true,"href":"https:\/\/trustpromotion.de\/pl\/wp-json\/wp\/v2\/comments?post=50472"}],"version-history":[{"count":0,"href":"https:\/\/trustpromotion.de\/pl\/wp-json\/wp\/v2\/pages\/50472\/revisions"}],"up":[{"embeddable":true,"href":"https:\/\/trustpromotion.de\/pl\/wp-json\/wp\/v2\/pages\/57301"}],"wp:attachment":[{"href":"https:\/\/trustpromotion.de\/pl\/wp-json\/wp\/v2\/media?parent=50472"}],"wp:term":[{"taxonomy":"p-category","embeddable":true,"href":"https:\/\/trustpromotion.de\/pl\/wp-json\/wp\/v2\/p-category?post=50472"}],"curies":[{"name":"wp","href":"https:\/\/api.w.org\/{rel}","templated":true}]}}