{"id":50476,"date":"2022-12-08T12:22:57","date_gmt":"2022-12-08T11:22:57","guid":{"rendered":"https:\/\/staging.trustpromotion.info\/?page_id=50476"},"modified":"2026-02-18T17:05:11","modified_gmt":"2026-02-18T16:05:11","slug":"hannover","status":"publish","type":"page","link":"https:\/\/trustpromotion.de\/pl\/agencja-promocyjna\/hanower\/","title":{"rendered":"agencja promocyjna hanower"},"content":{"rendered":"<div class=\"fusion-fullwidth fullwidth-box fusion-builder-row-1 fusion-flex-container has-pattern-background has-mask-background nonhundred-percent-fullwidth non-hundred-percent-height-scrolling\" style=\"--awb-border-radius-top-left:0px;--awb-border-radius-top-right:0px;--awb-border-radius-bottom-right:0px;--awb-border-radius-bottom-left:0px;--awb-padding-top:120px;--awb-flex-wrap:wrap;\" ><div class=\"fusion-builder-row fusion-row fusion-flex-align-items-flex-start fusion-flex-justify-content-center fusion-flex-content-wrap\" style=\"max-width:1352px;margin-left: calc(-4% \/ 2 );margin-right: calc(-4% \/ 2 );\"><div class=\"fusion-layout-column fusion_builder_column fusion-builder-column-0 fusion_builder_column_1_1 1_1 fusion-flex-column\" style=\"--awb-bg-size:cover;--awb-width-large:100%;--awb-margin-top-large:0px;--awb-spacing-right-large:1.92%;--awb-margin-bottom-large:20px;--awb-spacing-left-large:1.92%;--awb-width-medium:100%;--awb-order-medium:0;--awb-spacing-right-medium:1.92%;--awb-spacing-left-medium:1.92%;--awb-width-small:100%;--awb-order-small:0;--awb-spacing-right-small:1.92%;--awb-spacing-left-small:1.92%;\"><div class=\"fusion-column-wrapper fusion-column-has-shadow fusion-flex-justify-content-flex-start fusion-content-layout-column\"><div class=\"container\">\r\n<div class=\"row\">\r\n\r\n<div class=\"col-12\"><h1>TRUST Promotion jest agencj\u0105 promocyjn\u0105 w Hanowerze<\/h1><\/div>\r\n<div class=\"col-12\"><h2>Personel promocyjny i piesze akty dla Hanoweru<\/h2><\/div>\r\n<div class=\"col-12\"><p>F\u00fcr Unternehmen in Hannover ist TRUST Promotion ist eine sehr gute Wahl, um talentiertes Promotion-Personal und Walking-Acts zu mieten. Mit unserer Erfahrung und unserem engagierten Team bieten wir ma\u00dfgeschneiderte Konzepte und hervorragenden Service f\u00fcr erfolgreiche und aufmerksamkeitsstarke Werbeaktionen.<\/p><\/div>\r\n\r\n<div class=\"col-12\"><h3><strong>Nasze us\u0142ugi w Hanowerze<\/strong><\/h3><\/div>\r\n<div class=\"col-6\">\r\n\t<h4>Pobieranie pr\u00f3bek produkt\u00f3w w Hanowerze<\/h4>\r\n\t<p>Skorzystaj z naszego do\u015bwiadczenia w samplingu produkt\u00f3w i pozw\u00f3l naszemu dedykowanemu zespo\u0142owi promocyjnemu reprezentowa\u0107 Twoj\u0105 firm\u0119.<\/p>\r\n<\/div>\r\n<div class=\"col-6\">\r\n\t<h4>Kampanie dystrybucji ulotek w Hanowerze<\/h4>\r\n\t<p>Skorzystaj z naszego do\u015bwiadczenia w dystrybucji ulotek i wykorzystaj nasze skuteczne strategie, aby dotrze\u0107 do swojej grupy docelowej.<\/p>\r\n<\/div>\r\n<div class=\"col-6\">\r\n\t<h4>Sprzeda\u017c bezpo\u015brednia w Hanowerze<\/h4>\r\n\t<p>Skorzystaj z naszego do\u015bwiadczenia w sprzeda\u017cy bezpo\u015bredniej i wykorzystaj nasze skuteczne strategie sprzeda\u017cy, aby zwi\u0119kszy\u0107 swoje obroty.<\/p>\r\n<\/div>\r\n<div class=\"col-6\">\r\n\t<h4>Promocje kostium\u00f3w w Hanowerze<\/h4>\r\n\t<p>Skorzystaj z naszego do\u015bwiadczenia w promocji kostium\u00f3w i wykorzystaj nasze skuteczne i zabawne strategie, aby dotrze\u0107 do swojej grupy docelowej.<\/p>\r\n<\/div>\r\n<div class=\"col-6\">\r\n\t<h4>Loterie w Hanowerze<\/h4>\r\n\t<p>Skorzystaj z naszego do\u015bwiadczenia w promocji loterii i wykorzystaj nasze skuteczne i zabawne strategie, aby dotrze\u0107 do swojej grupy docelowej.<\/p>\r\n<\/div>\r\n<div class=\"col-6\">\r\n\t<h4>Badania w Hanowerze<\/h4>\r\n\t<p>Skorzystaj z naszego do\u015bwiadczenia w dziedzinie ankiet i wykorzystaj nasze skuteczne i wnikliwe strategie, aby dotrze\u0107 do swojej grupy docelowej.<\/p>\r\n<\/div>\r\n<div class=\"col-6\">\r\n\t<h4>Promocje pojazd\u00f3w w Hanowerze<\/h4>\r\n\t<p>Skorzystaj z naszego do\u015bwiadczenia w promocji pojazd\u00f3w i wykorzystaj nasze skuteczne i mobilne strategie, aby dotrze\u0107 do swojej grupy docelowej.<\/p>\r\n<\/div>\r\n<div class=\"col-12\"><p>Agencja promocyjna w Hanowerze<\/p><\/div>\r\n<\/div><\/div><\/div><\/div><\/div><\/div>","protected":false},"excerpt":{"rendered":"","protected":false},"author":6,"featured_media":0,"parent":57301,"menu_order":0,"comment_status":"closed","ping_status":"closed","template":"100-width.php","meta":{"_improvement_type_select":"improve_an_existing","_thumb_yes_seoaic":false,"_frame_yes_seoaic":false,"seoaic_generate_description":"","seoaic_improve_instructions_prompt":"","seoaic_rollback_content_improvement":"","seoaic_idea_thumbnail_generator":"","thumbnail_generated":false,"thumbnail_generate_prompt":"","seoaic_article_description":"","footnotes":""},"p-category":[1851],"class_list":["post-50476","page","type-page","status-publish","hentry","p-category-promotion-agentur-cities"],"_links":{"self":[{"href":"https:\/\/trustpromotion.de\/pl\/wp-json\/wp\/v2\/pages\/50476","targetHints":{"allow":["GET"]}}],"collection":[{"href":"https:\/\/trustpromotion.de\/pl\/wp-json\/wp\/v2\/pages"}],"about":[{"href":"https:\/\/trustpromotion.de\/pl\/wp-json\/wp\/v2\/types\/page"}],"author":[{"embeddable":true,"href":"https:\/\/trustpromotion.de\/pl\/wp-json\/wp\/v2\/users\/6"}],"replies":[{"embeddable":true,"href":"https:\/\/trustpromotion.de\/pl\/wp-json\/wp\/v2\/comments?post=50476"}],"version-history":[{"count":0,"href":"https:\/\/trustpromotion.de\/pl\/wp-json\/wp\/v2\/pages\/50476\/revisions"}],"up":[{"embeddable":true,"href":"https:\/\/trustpromotion.de\/pl\/wp-json\/wp\/v2\/pages\/57301"}],"wp:attachment":[{"href":"https:\/\/trustpromotion.de\/pl\/wp-json\/wp\/v2\/media?parent=50476"}],"wp:term":[{"taxonomy":"p-category","embeddable":true,"href":"https:\/\/trustpromotion.de\/pl\/wp-json\/wp\/v2\/p-category?post=50476"}],"curies":[{"name":"wp","href":"https:\/\/api.w.org\/{rel}","templated":true}]}}