{"id":50484,"date":"2022-12-08T12:25:52","date_gmt":"2022-12-08T11:25:52","guid":{"rendered":"https:\/\/staging.trustpromotion.info\/?page_id=50484"},"modified":"2026-02-18T17:05:56","modified_gmt":"2026-02-18T16:05:56","slug":"stuttgart","status":"publish","type":"page","link":"https:\/\/trustpromotion.de\/pl\/agencja-promocyjna\/stuttgart\/","title":{"rendered":"agencja promocyjna stuttgart"},"content":{"rendered":"<div class=\"fusion-fullwidth fullwidth-box fusion-builder-row-1 fusion-flex-container has-pattern-background has-mask-background nonhundred-percent-fullwidth non-hundred-percent-height-scrolling\" style=\"--awb-border-radius-top-left:0px;--awb-border-radius-top-right:0px;--awb-border-radius-bottom-right:0px;--awb-border-radius-bottom-left:0px;--awb-padding-top:120px;--awb-flex-wrap:wrap;\" ><div class=\"fusion-builder-row fusion-row fusion-flex-align-items-flex-start fusion-flex-justify-content-center fusion-flex-content-wrap\" style=\"max-width:1352px;margin-left: calc(-4% \/ 2 );margin-right: calc(-4% \/ 2 );\"><div class=\"fusion-layout-column fusion_builder_column fusion-builder-column-0 fusion_builder_column_1_1 1_1 fusion-flex-column\" style=\"--awb-bg-size:cover;--awb-width-large:100%;--awb-margin-top-large:0px;--awb-spacing-right-large:1.92%;--awb-margin-bottom-large:20px;--awb-spacing-left-large:1.92%;--awb-width-medium:100%;--awb-order-medium:0;--awb-spacing-right-medium:1.92%;--awb-spacing-left-medium:1.92%;--awb-width-small:100%;--awb-order-small:0;--awb-spacing-right-small:1.92%;--awb-spacing-left-small:1.92%;\"><div class=\"fusion-column-wrapper fusion-column-has-shadow fusion-flex-justify-content-flex-start fusion-content-layout-column\"><div class=\"container\">\r\n<div class=\"row\">\r\n\r\n<div class=\"col-12\"><h1>TRUST Promotion jest agencj\u0105 promocyjn\u0105 w Stuttgarcie<\/h1><\/div>\r\n<div class=\"col-12\"><h2>Personel promocyjny i akty przej\u015bcia dla Stuttgartu<\/h2><\/div>\r\n<div class=\"col-12\"><p>F\u00fcr Unternehmen in Stuttgart, die professionelles Promotion-Personal und Walking-Acts suchen, ist TRUST Promotion ist eine sehr gute Wahl. Unsere versierte Promotion-Agentur bietet motivierte Mitarbeiter, ma\u00dfgeschneiderte L\u00f6sungen und erstklassigen Service, um effektive und aufsehenerregende Marketingkampagnen zu realisieren.<\/p><\/div>\r\n\r\n<div class=\"col-12\"><h3><strong>Nasze us\u0142ugi w Stuttgarcie<\/strong><\/h3><\/div>\r\n<div class=\"col-6\">\r\n\t<h4>Pobieranie pr\u00f3bek produkt\u00f3w w Stuttgarcie<\/h4>\r\n\t<p>Dzi\u0119ki naszym ukierunkowanym kampaniom samplingowym produkt\u00f3w i do\u015bwiadczonemu personelowi promocyjnemu mo\u017cesz zaprezentowa\u0107 swoj\u0105 firm\u0119 w najlepszy mo\u017cliwy spos\u00f3b i zdoby\u0107 nowych klient\u00f3w.<\/p>\r\n<\/div>\r\n<div class=\"col-6\">\r\n\t<h4>Kampanie dystrybucji ulotek w Stuttgarcie<\/h4>\r\n\t<p>Nasz wyspecjalizowany personel promocyjny zadba o to, aby ulotki by\u0142y dystrybuowane w spos\u00f3b ukierunkowany i profesjonalny, aby wzbudzi\u0107 zainteresowanie grupy docelowej.<\/p>\r\n<\/div>\r\n<div class=\"col-6\">\r\n\t<h4>Sprzeda\u017c bezpo\u015brednia w Stuttgarcie<\/h4>\r\n\t<p>Nasz wykwalifikowany personel promocyjny zaprezentuje produkt w ukierunkowany i profesjonalny spos\u00f3b, przyci\u0105gaj\u0105c zainteresowanie grupy docelowej i maksymalizuj\u0105c sukces sprzeda\u017cy bezpo\u015bredniej.<\/p>\r\n<\/div>\r\n<div class=\"col-6\">\r\n\t<h4>Promocje kostium\u00f3w w Stuttgarcie<\/h4>\r\n\t<p>Nasz wykwalifikowany personel promocyjny zaprezentuje Twoj\u0105 firm\u0119 i Twoje produkty w kostiumach w ukierunkowany i profesjonalny spos\u00f3b, aby wzbudzi\u0107 zainteresowanie Twojej grupy docelowej.<\/p>\r\n<\/div>\r\n<div class=\"col-6\">\r\n\t<h4>Loterie w Stuttgarcie<\/h4>\r\n\t<p>Skorzystaj z naszych oryginalnych strategii konkursowych, aby zaprezentowa\u0107 swoj\u0105 firm\u0119 w zabawny spos\u00f3b i zdoby\u0107 nowych klient\u00f3w w d\u0142u\u017cszej perspektywie.<\/p>\r\n<\/div>\r\n<div class=\"col-6\">\r\n\t<h4>Ankiety w Stuttgarcie<\/h4>\r\n\t<p>Nasz wykwalifikowany personel ds. promocji przeprowadza ukierunkowane i profesjonalne ankiety w celu zebrania wa\u017cnych informacji o grupie docelowej i lepszego zrozumienia jej potrzeb.<\/p>\r\n<\/div>\r\n<div class=\"col-6\">\r\n\t<h4>Promocje pojazd\u00f3w w Stuttgarcie<\/h4>\r\n\t<p>Nasz wykwalifikowany personel promocyjny zaprezentuje Twoj\u0105 firm\u0119 i Twoje produkty w ukierunkowany i profesjonalny spos\u00f3b poprzez promocj\u0119 pojazd\u00f3w, aby wzbudzi\u0107 zainteresowanie Twojej grupy docelowej.<\/p>\r\n<\/div>\r\n<div class=\"col-12\"><p>Agencja promocyjna w Stuttgarcie<\/p><\/div>\r\n<\/div><\/div><\/div><\/div><\/div><\/div>","protected":false},"excerpt":{"rendered":"","protected":false},"author":6,"featured_media":0,"parent":57301,"menu_order":0,"comment_status":"closed","ping_status":"closed","template":"100-width.php","meta":{"_improvement_type_select":"improve_an_existing","_thumb_yes_seoaic":false,"_frame_yes_seoaic":false,"seoaic_generate_description":"","seoaic_improve_instructions_prompt":"","seoaic_rollback_content_improvement":"","seoaic_idea_thumbnail_generator":"","thumbnail_generated":false,"thumbnail_generate_prompt":"","seoaic_article_description":"","footnotes":""},"p-category":[1851],"class_list":["post-50484","page","type-page","status-publish","hentry","p-category-promotion-agentur-cities"],"_links":{"self":[{"href":"https:\/\/trustpromotion.de\/pl\/wp-json\/wp\/v2\/pages\/50484","targetHints":{"allow":["GET"]}}],"collection":[{"href":"https:\/\/trustpromotion.de\/pl\/wp-json\/wp\/v2\/pages"}],"about":[{"href":"https:\/\/trustpromotion.de\/pl\/wp-json\/wp\/v2\/types\/page"}],"author":[{"embeddable":true,"href":"https:\/\/trustpromotion.de\/pl\/wp-json\/wp\/v2\/users\/6"}],"replies":[{"embeddable":true,"href":"https:\/\/trustpromotion.de\/pl\/wp-json\/wp\/v2\/comments?post=50484"}],"version-history":[{"count":0,"href":"https:\/\/trustpromotion.de\/pl\/wp-json\/wp\/v2\/pages\/50484\/revisions"}],"up":[{"embeddable":true,"href":"https:\/\/trustpromotion.de\/pl\/wp-json\/wp\/v2\/pages\/57301"}],"wp:attachment":[{"href":"https:\/\/trustpromotion.de\/pl\/wp-json\/wp\/v2\/media?parent=50484"}],"wp:term":[{"taxonomy":"p-category","embeddable":true,"href":"https:\/\/trustpromotion.de\/pl\/wp-json\/wp\/v2\/p-category?post=50484"}],"curies":[{"name":"wp","href":"https:\/\/api.w.org\/{rel}","templated":true}]}}