{"id":50559,"date":"2023-02-14T16:55:38","date_gmt":"2023-02-14T15:55:38","guid":{"rendered":"https:\/\/staging.trustpromotion.info\/?page_id=50559"},"modified":"2024-04-03T14:01:38","modified_gmt":"2024-04-03T12:01:38","slug":"karriere-ausbildung-eventmanager-berlin","status":"publish","type":"page","link":"https:\/\/trustpromotion.de\/pl\/career-training-event-manager-berlin\/","title":{"rendered":"Career-Training-Eventmanager-Berlin"},"content":{"rendered":"<div class=\"gb-container gb-container-ae3de136 gb-container-main-container\"><div class=\"gb-inside-container\">\n\n<h1 class=\"gb-headline gb-headline-2857a054 gb-headline-text\">Duale Ausbildung zum Eventmanager IHK (w\/m\/d)<br><strong>in Berlin<\/strong><\/h1>\n\n\n\n<p class=\"has-text-align-center\">Ist dieser coole Job etwas f\u00fcr dich??? Bewirb dich jetzt und werde Teil des TRUST Promotions Teams.<br>Wir freuen uns auf Dich.<\/p>\n\n<\/div><\/div>\n\n<div class=\"gb-container gb-container-6267c85b gb-container-main-container\"><div class=\"gb-inside-container\">\n<div class=\"gb-container gb-container-ac4fbdf9\"><div class=\"gb-inside-container\">\n\n<h2 class=\"gb-headline gb-headline-39074c76 gb-headline-text\">KARRIERE &#8211; TRAINEE &#8211; PERSONAL &#8211; MESSE &#8211; PRAKTIKANT &#8211; ERFOLG &#8211; ERFAHRUNG &#8211; REISEN &#8211; VERDIENEN<\/h2>\n\n<\/div><\/div>\n<\/div><\/div>\n\n<div class=\"gb-container gb-container-9c71f580\"><div class=\"gb-inside-container\">\n<div class=\"gb-grid-wrapper gb-grid-wrapper-55e98af0\">\n<div class=\"gb-grid-column gb-grid-column-458000d8\"><div class=\"gb-container gb-container-458000d8\"><div class=\"gb-inside-container\">\n\n<h2 class=\"wp-block-heading\">Duale Ausbildung zum Eventmanager IHK (w\/m\/d)<\/h2>\n\n\n\n<h3 class=\"wp-block-heading\">Um was geht es?<\/h3>\n\n\n\n<p>In Zusammenarbeit mit dem Studieninstitut f\u00fcr Kommunikation bieten wir Dir einen interessanten Ausbildungsgang zum Eventmanager IHK an.<\/p>\n\n\n\n<p>\u00dcber einen Zeitraum von 30 Monaten lernst Du unseren Personal- und Projektbereich intensiv kennen. Hierbei durchl\u00e4ufst Du verschiedene Stationen in den Bereichen Personal (extern), Marketing, Abrechnung, Vertrieb.&nbsp;&nbsp;<\/p>\n\n\n\n<p>Details zum Studieninstitut&nbsp; und zur Ausbildung findest Du unter:&nbsp; <a href=\"https:\/\/www.studieninstitut.de\/veranstaltungskaufmann\">http:\/\/www.studieninstitut.de\/veranstaltungskaufmann<\/a><\/p>\n\n\n\n<h3 class=\"wp-block-heading\">Start der Ausbildung:<\/h3>\n\n\n\n<p>Ab April, oder September 2024 mit vorangestelltem Praktikum (nach Absprache)<\/p>\n\n\n\n<h3 class=\"wp-block-heading\">Wen suchen wir daf\u00fcr?<\/h3>\n\n\n\n<p>Wir suchen Dich, wenn Du Spa\u00df am Kontakt mit Menschen hast, strukturiert denkst und auch mal in hektischen Momenten einen ruhigen Kopf bewahrst. Du bist ein Organisationstalent und wei\u00dft, dass Events oft nicht von Montag bis Freitag 9 to 5 stattfinden, sondern auch mal den Einsatz am Wochenende oder am Abend erfordern.<\/p>\n\n\n\n<p>Wenn Du fit am Mac bist und keine Probleme, sondern kreative Herausforderungen siehst, gut Englisch in Wort &amp; Schrift beherrscht, nicht nur mit- sondern auch vorausdenkst, dann bist Du schon fast ein Trusty!<\/p>\n\n\n\n<h3 class=\"wp-block-heading\">Das macht Dich aus:<\/h3>\n\n\n\n<ul class=\"wp-block-list\">\n<li>abgeschlossenes (Fach-) Abitur (sch\u00f6n, aber kein MUSS)<\/li>\n\n\n\n<li>kaufm\u00e4nnische Erfahrungen sind von Vorteil, aber kein MUSS,&nbsp;gern auch Quereinsteiger<\/li>\n\n\n\n<li>sehr kommunikativ, Organisationstalent, Engagement, positive Pr\u00e4senz &amp; Erscheinung<\/li>\n\n\n\n<li>mit Menschen umgehen k\u00f6nnen, Feingef\u00fchl und das richtige Gesp\u00fcr mitbringen<\/li>\n\n\n\n<li>gute Englischkenntnisse&nbsp;<\/li>\n\n\n\n<li>exzellentes Deutsch in Wort, Schrift und Form<\/li>\n\n\n\n<li>gute EDV-Kenntnisse (w\u00fcnschenswert&nbsp;Apple iOS Erfahrungen, aber kein MUSS)<\/li>\n<\/ul>\n\n\n\n<h3 class=\"gb-headline gb-headline-b4667285 gb-headline-text\">Deine Aufgaben:<\/h3>\n\n\n\n<ul class=\"wp-block-list\">\n<li>Projektunterst\u00fctzung, Informationsmanagement (national\/international)<\/li>\n\n\n\n<li>Personalbeschaffung\/Planung\/Bereitstellung (Host\/essen, Promoter\/in, Helping Hands, Servicekr\u00e4fte)<\/li>\n\n\n\n<li>Koordination der Produktanforderungen mit externen Zulieferern<\/li>\n\n\n\n<li>Unterst\u00fctzung bei der Organisation und Durchf\u00fchrung von Castings und Schulungen<\/li>\n\n\n\n<li>Handling und Logistik von Promotion- und Event-Equipment<\/li>\n\n\n\n<li>Datenbankpflege<\/li>\n\n\n\n<li>Administrative Unterst\u00fctzung des Projektteams<\/li>\n<\/ul>\n\n\n\n<h3 class=\"gb-headline gb-headline-cfbf51a0 gb-headline-text\">Was bietet TRUST Promotion noch?<\/h3>\n\n\n\n<ul class=\"wp-block-list\">\n<li>Spa\u00df bei der Arbeit<\/li>\n\n\n\n<li>junges dynamisches Team mit flachen Hierarchien<\/li>\n\n\n\n<li>gemeinsames Mittagessen &amp; Kochen<\/li>\n\n\n\n<li>Verantwortung und eigene Projekte<\/li>\n\n\n\n<li>viel Raum f\u00fcr eigene Ideen und Optimierungen<\/li>\n\n\n\n<li>Smartphone, Laptop&nbsp;und sonstiges notwendiges Equipment<\/li>\n\n\n\n<li>gute Entwicklungsm\u00f6glichkeiten<\/li>\n\n\n\n<li>Gesundheitsf\u00f6rderungen<\/li>\n\n\n\n<li>regelm\u00e4\u00dfige Teamevents und ein j\u00e4hrlicher Workshop<\/li>\n\n\n\n<li>flexible Arbeitszeiten und Home Office nach Absprache<\/li>\n\n\n\n<li>Getr\u00e4nke (Kaffee und Wasser), Massagen und andere Benefits<\/li>\n<\/ul>\n\n\n\n<h3 class=\"wp-block-heading\">Verg\u00fctung w\u00e4hrend der Ausbildung<\/h3>\n\n\n\n<ul class=\"wp-block-list\">\n<li>ab 800\u20ac monatlich im 1. Lehrjahr&nbsp;<\/li>\n\n\n\n<li>Gesundheitsbudget und andere Benefits nach Absprache<\/li>\n<\/ul>\n\n\n\n<h3 class=\"wp-block-heading\">Wo wirst Du arbeiten?<\/h3>\n\n\n\n<p>Standort f\u00fcr die Ausbildung ist <strong>Berlin<\/strong>&nbsp;((TRUST Promotion GmbH, Spandauer Damm 71, 14059 Berlin)&nbsp;\u2013&nbsp;TRUST Promotion&nbsp;mit Standorten in M\u00fcnchen und Berlin stellt Personal f\u00fcr Messen, Kongresse und Events sowie f\u00fcr Roadshows im Bereich Promotion. Und das in ganz Europa! Daher erwarten Dich auch interessante Reisen \u2026<\/p>\n\n\n\n<h3 class=\"wp-block-heading\">Was erwartet Dich?<\/h3>\n\n\n\n<p>Ein klasse Team mit flachen Hierarchien und kurzen Entscheidungswegen. Regelm\u00e4\u00dfige Teamabende und Workshops. Verantwortung und die Chance bei tollen Veranstaltungen von spannenden Kunden wie BMW, Porsche, AIDA u.v.a. mit dabei zu sein.<\/p>\n\n\n\n<h3 class=\"wp-block-heading\">Werde ich nach meiner Ausbildung \u00fcbernommen?<\/h3>\n\n\n\n<p>Wenn Du gut bist und in unser Team passt, warum nicht?<\/p>\n\n\n\n<p>Einige sind schon mehrere Jahre dabei und arbeiten nun in Manager Positionen. Die Chance als Projektmanager f\u00fcr&nbsp;TRUST Promotion&nbsp;t\u00e4tig zu sein, ist hoch. Es kommt nur auf Dich an!<\/p>\n\n\n\n<h3 class=\"wp-block-heading\">Was musst Du tun um Teil des Teams zu werden?<\/h3>\n\n\n\n<p>Bewirb Dich mit nachfolgendem Formular.<\/p>\n\n\n\n<p>Wir freuen uns darauf Dich kennenzulernen!<\/p>\n\n<\/div><\/div><\/div>\n\n<div class=\"gb-grid-column gb-grid-column-30ac2502\"><div class=\"gb-container gb-container-30ac2502\"><div class=\"gb-inside-container\">\n<div class=\"wp-block-image hide-on-mobile\">\n<figure class=\"aligncenter size-full\"><img decoding=\"async\" width=\"738\" height=\"803\" src=\"https:\/\/trustpromotion.de\/wp-content\/uploads\/2018\/03\/Slogan-we-were-born-weiss.png\" data-orig-src=\"https:\/\/trustpromotion.de\/wp-content\/uploads\/2018\/03\/Slogan-we-were-born-weiss.png\" alt=\"\" class=\"lazyload wp-image-5325\" srcset=\"data:image\/svg+xml,%3Csvg%20xmlns%3D%27http%3A%2F%2Fwww.w3.org%2F2000%2Fsvg%27%20width%3D%27738%27%20height%3D%27803%27%20viewBox%3D%270%200%20738%20803%27%3E%3Crect%20width%3D%27738%27%20height%3D%27803%27%20fill-opacity%3D%220%22%2F%3E%3C%2Fsvg%3E\" data-srcset=\"https:\/\/trustpromotion.de\/wp-content\/uploads\/2018\/03\/Slogan-we-were-born-weiss-138x150.png 138w, https:\/\/trustpromotion.de\/wp-content\/uploads\/2018\/03\/Slogan-we-were-born-weiss-300x326.png 300w, https:\/\/trustpromotion.de\/wp-content\/uploads\/2018\/03\/Slogan-we-were-born-weiss.png 738w\" data-sizes=\"auto\" data-orig-sizes=\"(max-width: 738px) 100vw, 738px\" \/><\/figure>\n<\/div>\n\n\n<hr class=\"wp-block-separator has-text-color has-global-color-1-color has-css-opacity has-global-color-1-background-color has-background is-style-wide\"\/>\n\n\n\n<h2 class=\"wp-block-heading\">Bewirb dich jetzt!<\/h2>\n\n\n\n<p>Die \u00fcber dieses Formular angegebenen Informationen werden nur zur Bearbeitung dieses Anliegens verwendet.<\/p>\n\n\n<div class='fluentform ff-default fluentform_wrapper_9 ffs_custom_wrap'><form data-form_id=\"9\" id=\"fluentform_9\" class=\"frm-fluent-form fluent_form_9 ff-el-form-top ff_form_instance_9_1 ff-form-loading ff_has_v3_recptcha ffs_custom\" data-form_instance=\"ff_form_instance_9_1\" method=\"POST\" data-recptcha_key=\"6LcWZ5QeAAAAAIRbr7h8YS2Rk1KTE5KTDfMIDfbd\" ><fieldset  style=\"border: none!important;margin: 0!important;padding: 0!important;background-color: transparent!important;box-shadow: none!important;outline: none!important; min-inline-size: 100%;\">\n                    <legend class=\"ff_screen_reader_title\" style=\"display: block; margin: 0!important;padding: 0!important;height: 0!important;text-indent: -999999px;width: 0!important;overflow:hidden;\">Bewerbung Berlin<\/legend><input type='hidden' name='__fluent_form_embded_post_id' value='50559' \/><input type=\"hidden\" id=\"_fluentform_9_fluentformnonce\" name=\"_fluentform_9_fluentformnonce\" value=\"23917ea65a\" \/><input type=\"hidden\" name=\"_wp_http_referer\" value=\"\/pl\/wp-json\/wp\/v2\/pages\/50559\" \/><div class='ff-el-group ff-el-form-hide_label'><div class=\"ff-el-input--label ff-el-is-required asterisk-right\"><label   aria-label=\"Checkbox Field\">Checkbox Field<\/label><\/div><div class='ff-el-input--content'><div class='ff-el-form-check ff-el-form-check-'><label class='ff-el-form-check-label' for='checkbox_753b24147d8e905507521bfbaad3c587'><input  type=\"checkbox\" name=\"checkbox[]\" data-name=\"checkbox\" class=\"ff-el-form-check-input ff-el-form-check-checkbox\" value=\"Projektleiter\/in\"  id='checkbox_753b24147d8e905507521bfbaad3c587' aria-label='Projektleiter\/in' aria-invalid='false' aria-required=true> <span>Projektleiter\/in<\/span><\/label><\/div><div class='ff-el-form-check ff-el-form-check-'><label class='ff-el-form-check-label' for='checkbox_dbdc636d7636f6273ad259213eae19ff'><input  type=\"checkbox\" name=\"checkbox[]\" data-name=\"checkbox\" class=\"ff-el-form-check-input ff-el-form-check-checkbox\" value=\"Event-Manager\"  id='checkbox_dbdc636d7636f6273ad259213eae19ff' aria-label='Event-Manager' aria-invalid='false' aria-required=true> <span>Event-Manager<\/span><\/label><\/div><div class='ff-el-form-check ff-el-form-check-'><label class='ff-el-form-check-label' for='checkbox_59290295e1d684dcf141a13a4e4634cf'><input  type=\"checkbox\" name=\"checkbox[]\" data-name=\"checkbox\" class=\"ff-el-form-check-input ff-el-form-check-checkbox\" value=\"Praktikant\"  id='checkbox_59290295e1d684dcf141a13a4e4634cf' aria-label='Praktikant' aria-invalid='false' aria-required=true> <span>Praktikant<\/span><\/label><\/div><div class='ff-el-form-check ff-el-form-check-'><label class='ff-el-form-check-label' for='checkbox_4ba000353021a3f9c9a362a232a6283d'><input  type=\"checkbox\" name=\"checkbox[]\" data-name=\"checkbox\" class=\"ff-el-form-check-input ff-el-form-check-checkbox\" value=\"Trainee\"  id='checkbox_4ba000353021a3f9c9a362a232a6283d' aria-label='Trainee' aria-invalid='false' aria-required=true> <span>Trainee<\/span><\/label><\/div><\/div><\/div><div data-type=\"name-element\" data-name=\"names\" class=\" ff-field_container ff-name-field-wrapper\" ><div class='ff-t-container'><div class='ff-t-cell '><div class='ff-el-group'><div class=\"ff-el-input--label ff-el-is-required asterisk-right\"><label for='ff_9_names_first_name_' id='label_ff_9_names_first_name_' >Vorname<\/label><\/div><div class='ff-el-input--content'><input type=\"text\" name=\"names[first_name]\" id=\"ff_9_names_first_name_\" class=\"ff-el-form-control\" placeholder=\"Vorname\" aria-invalid=\"false\" aria-required=true><\/div><\/div><\/div><\/div><\/div><div data-type=\"name-element\" data-name=\"names_1\" class=\" ff-field_container ff-name-field-wrapper\" ><div class='ff-t-container'><div class='ff-t-cell '><div class='ff-el-group'><div class=\"ff-el-input--label ff-el-is-required asterisk-right\"><label for='ff_9_names_1_last_name_' id='label_ff_9_names_1_last_name_' >Nachname<\/label><\/div><div class='ff-el-input--content'><input type=\"text\" name=\"names_1[last_name]\" id=\"ff_9_names_1_last_name_\" class=\"ff-el-form-control\" placeholder=\"Nachname\" aria-invalid=\"false\" aria-required=true><\/div><\/div><\/div><\/div><\/div><div class='ff-el-group'><div class=\"ff-el-input--label ff-el-is-required asterisk-right\"><label for='ff_9_phone' id='label_ff_9_phone' aria-label=\"Telefon\">Telefon<\/label><\/div><div class='ff-el-input--content'><input name=\"phone\" class=\"ff-el-form-control ff-el-phone ff_el_with_extended_validation\" type=\"tel\" placeholder=\"Telefon\" data-name=\"phone\" id=\"ff_9_phone\" inputmode=\"tel\"  aria-invalid='false' aria-required=true><\/div><\/div><div class='ff-el-group'><div class=\"ff-el-input--label ff-el-is-required asterisk-right\"><label for='ff_9_email' id='label_ff_9_email' aria-label=\"E-Mail\">E-Mail<\/label><\/div><div class='ff-el-input--content'><input type=\"email\" name=\"email\" id=\"ff_9_email\" class=\"ff-el-form-control\" placeholder=\"E-Mail Adresse\" data-name=\"email\"  aria-invalid=\"false\" aria-required=true><\/div><\/div><div class='ff-el-group'><div class=\"ff-el-input--label asterisk-right\"><label for='ff_9_message' id='label_ff_9_message' aria-label=\"Deine Nachricht\">Deine Nachricht<\/label><\/div><div class='ff-el-input--content'><textarea aria-required=\"false\" aria-labelledby=\"label_ff_9_message\" name=\"message\" id=\"ff_9_message\" class=\"ff-el-form-control\" placeholder=\"Deine Nachricht\" rows=\"4\" cols=\"2\" data-name=\"message\" ><\/textarea><\/div><\/div><div class='ff-el-group'><div class=\"ff-el-input--label asterisk-right\"><label for='ff_9_file-upload_1' id='label_ff_9_file-upload_1' aria-label=\"Bitte lade noch Deinen Lebenslauf und weitere Bewerbungsunterlagen hoch.\">Bitte lade noch Deinen Lebenslauf und weitere Bewerbungsunterlagen hoch. <\/label><\/div><div class='ff-el-input--content'><label for='ff_9_file-upload_1' class='ff_file_upload_holder'><span class='ff_upload_btn ff-btn' tabindex='0'>Dateien ausw\u00e4hlen<\/span> <input type=\"file\" name=\"file-upload\" id=\"ff_9_file-upload_1\" class=\"ff-el-form-control  ff-screen-reader-element\" data-name=\"file-upload\" multiple=\"1\"  aria-invalid='false' aria-required=false><\/label><\/div><\/div><div class='ff-el-group    ff-el-input--content'><div class='ff-el-form-check ff-el-tc'><label aria-label='Terms and Conditions: Durch das Absenden dieses Formulars stimme ich zu, dass TRUST Promotion meine Daten auf die oben genannte Art und Weise \u2013 und wie in der TRUST Promotion Datenschutzerkl\u00e4rung beschrieben \u2013 verarbeiten kann. Contains 1 link. Use tab navigation to review.' class='ff-el-form-check-label ff_tc_label' for=gdpr-agreement_0663b57cae4444da145b7b4708c13c6f><span class='ff_tc_checkbox'><input type=\"checkbox\" name=\"gdpr-agreement\" class=\"ff-el-form-check-input ff_gdpr_field\" data-name=\"gdpr-agreement\" id=\"gdpr-agreement_0663b57cae4444da145b7b4708c13c6f\"  value='on' aria-invalid='false' aria-required=true><\/span> <div class='ff_t_c'>Durch das Absenden dieses Formulars stimme ich zu, dass TRUST Promotion meine Daten auf die oben genannte Art und Weise \u2013 und wie in der TRUST Promotion <a>Datenschutzerkl\u00e4rung <\/a>beschrieben \u2013 verarbeiten kann.<\/div><\/label><\/div><\/div><div class='ff-el-group ff-text-center ff_submit_btn_wrapper'><button type=\"submit\" class=\"ff-btn ff-btn-submit ff-btn-md ff_btn_style wpf_has_custom_css\"  aria-label=\"Bewerbung absenden\">Bewerbung absenden<\/button><\/div><\/fieldset><\/form><div id='fluentform_9_errors' class='ff-errors-in-stack ff_form_instance_9_1 ff-form-loading_errors ff_form_instance_9_1_errors'><\/div><\/div>            <script type=\"text\/javascript\">\n                window.fluent_form_ff_form_instance_9_1 = {\"id\":\"9\",\"settings\":{\"layout\":{\"labelPlacement\":\"top\",\"helpMessagePlacement\":\"with_label\",\"errorMessagePlacement\":\"inline\",\"asteriskPlacement\":\"asterisk-right\"},\"id\":\"39\",\"restrictions\":{\"denyEmptySubmission\":{\"enabled\":false}}},\"form_instance\":\"ff_form_instance_9_1\",\"form_id_selector\":\"fluentform_9\",\"rules\":{\"checkbox\":{\"required\":{\"value\":true,\"message\":\"Pflichtfeld\"}},\"names[first_name]\":{\"required\":{\"value\":true,\"message\":\"Pflichtfeld\"}},\"names[middle_name]\":{\"required\":{\"value\":false,\"message\":\"This field is required\"}},\"names[last_name]\":{\"required\":{\"value\":false,\"message\":\"This field is required\"}},\"names_1[first_name]\":{\"required\":{\"value\":true,\"message\":\"Pflichtfeld\"}},\"names_1[middle_name]\":{\"required\":{\"value\":false,\"message\":\"This field is required\"}},\"names_1[last_name]\":{\"required\":{\"value\":true,\"message\":\"Pflichtfeld\"}},\"phone\":{\"required\":{\"value\":true,\"message\":\"Pflichtfeld\"},\"valid_phone_number\":{\"value\":true,\"message\":\"Dieses Feld muss ein valide Telefonnummer enthalten.\"}},\"email\":{\"required\":{\"value\":true,\"message\":\"Pflichtfeld\"},\"email\":{\"value\":true,\"message\":\"Dieses Feld muss eine valide E--Mail Adresse beinhalten.\"}},\"message\":{\"required\":{\"value\":false,\"message\":\"This field is required\"}},\"file-upload\":{\"required\":{\"value\":false,\"message\":\"This field is required\"},\"max_file_size\":{\"value\":1048576,\"_valueFrom\":\"MB\",\"message\":\"Maximum file size limit is 1MB\"},\"max_file_count\":{\"value\":\"13\",\"message\":\"Du kannst max. 13 Dokumente hochladen.\"},\"allowed_file_types\":{\"value\":[\"jpg|jpeg|gif|png|bmp\",\"pdf\",\"doc|ppt|pps|xls|mdb|docx|xlsx|pptx|odt|odp|ods|odg|odc|odb|odf|rtf|txt\",\"zip|gz|gzip|rar|7z\"],\"message\":\"Bitte nur jpg, png, pdf, docx, xlsx, zip Dateien hochladen.\"}},\"gdpr-agreement\":{\"required\":{\"value\":true,\"message\":\"This field is required\"}},\"g-recaptcha-response\":[]},\"debounce_time\":300};\n                            <\/script>\n            \n\n<\/div><\/div><\/div>\n<\/div>\n<\/div><\/div>","protected":false},"excerpt":{"rendered":"<p>Duale Ausbildung zum Eventmanager IHK (w\/m\/d)in Berlin Ist dieser coole  &#8230;<\/p>","protected":false},"author":6,"featured_media":0,"parent":0,"menu_order":0,"comment_status":"closed","ping_status":"closed","template":"","meta":{"_improvement_type_select":"improve_an_existing","_thumb_yes_seoaic":false,"_frame_yes_seoaic":false,"seoaic_generate_description":"","seoaic_improve_instructions_prompt":"","seoaic_rollback_content_improvement":"","seoaic_idea_thumbnail_generator":"","thumbnail_generated":false,"thumbnail_generate_prompt":"","seoaic_article_description":"","footnotes":""},"p-category":[],"class_list":["post-50559","page","type-page","status-publish","hentry"],"_links":{"self":[{"href":"https:\/\/trustpromotion.de\/pl\/wp-json\/wp\/v2\/pages\/50559","targetHints":{"allow":["GET"]}}],"collection":[{"href":"https:\/\/trustpromotion.de\/pl\/wp-json\/wp\/v2\/pages"}],"about":[{"href":"https:\/\/trustpromotion.de\/pl\/wp-json\/wp\/v2\/types\/page"}],"author":[{"embeddable":true,"href":"https:\/\/trustpromotion.de\/pl\/wp-json\/wp\/v2\/users\/6"}],"replies":[{"embeddable":true,"href":"https:\/\/trustpromotion.de\/pl\/wp-json\/wp\/v2\/comments?post=50559"}],"version-history":[{"count":0,"href":"https:\/\/trustpromotion.de\/pl\/wp-json\/wp\/v2\/pages\/50559\/revisions"}],"wp:attachment":[{"href":"https:\/\/trustpromotion.de\/pl\/wp-json\/wp\/v2\/media?parent=50559"}],"wp:term":[{"taxonomy":"p-category","embeddable":true,"href":"https:\/\/trustpromotion.de\/pl\/wp-json\/wp\/v2\/p-category?post=50559"}],"curies":[{"name":"wp","href":"https:\/\/api.w.org\/{rel}","templated":true}]}}