{"id":55721,"date":"2025-02-11T12:18:30","date_gmt":"2025-02-11T11:18:30","guid":{"rendered":"https:\/\/staging.trustpromotion.info\/?page_id=55721"},"modified":"2025-02-12T10:36:24","modified_gmt":"2025-02-12T09:36:24","slug":"top-job-uebersicht","status":"publish","type":"page","link":"https:\/\/trustpromotion.de\/pl\/przeglad-najwazniejszych-stanowisk-2\/","title":{"rendered":"Top Job - przegl\u0105d"},"content":{"rendered":"<p><div class=\"fusion-fullwidth fullwidth-box fusion-builder-row-1 fusion-flex-container has-pattern-background has-mask-background fusion-parallax-none nonhundred-percent-fullwidth non-hundred-percent-height-scrolling lazyload\" style=\"--awb-background-position:center top;--awb-border-radius-top-left:0px;--awb-border-radius-top-right:0px;--awb-border-radius-bottom-right:0px;--awb-border-radius-bottom-left:0px;--awb-min-height:50vh;--awb-background-size:cover;--awb-flex-wrap:wrap;\" data-bg=\"https:\/\/trustpromotion.de\/wp-content\/uploads\/2024\/12\/8171530_final-scaled.jpg\" ><div class=\"fusion-builder-row fusion-row fusion-flex-align-items-center fusion-flex-justify-content-center fusion-flex-content-wrap\" style=\"max-width:1352px;margin-left: calc(-4% \/ 2 );margin-right: calc(-4% \/ 2 );\"><div class=\"fusion-layout-column fusion_builder_column fusion-builder-column-0 fusion_builder_column_1_1 1_1 fusion-flex-column\" style=\"--awb-bg-size:cover;--awb-width-large:100%;--awb-margin-top-large:0px;--awb-spacing-right-large:1.92%;--awb-margin-bottom-large:0px;--awb-spacing-left-large:1.92%;--awb-width-medium:100%;--awb-order-medium:0;--awb-spacing-right-medium:1.92%;--awb-spacing-left-medium:1.92%;--awb-width-small:100%;--awb-order-small:0;--awb-spacing-right-small:1.92%;--awb-spacing-left-small:1.92%;\" data-scroll-devices=\"small-visibility,medium-visibility,large-visibility\"><div class=\"fusion-column-wrapper fusion-column-has-shadow fusion-flex-justify-content-center fusion-content-layout-column\"><div class=\"fusion-title title fusion-title-1 fusion-sep-none fusion-title-text fusion-title-size-one\" style=\"--awb-text-color:var(--awb-color1);--awb-margin-top-small:10px;--awb-margin-right-small:0px;--awb-margin-bottom-small:10px;--awb-margin-left-small:0px;\"><h1 class=\"fusion-title-heading title-heading-left fusion-responsive-typography-calculated\" style=\"margin:0;--fontSize:70;line-height:1.4;\">Top Job - przegl\u0105d<\/h1><\/div><\/div><\/div><\/div><\/div><div class=\"fusion-fullwidth fullwidth-box fusion-builder-row-2 fusion-flex-container has-pattern-background has-mask-background nonhundred-percent-fullwidth non-hundred-percent-height-scrolling\" style=\"--awb-border-radius-top-left:0px;--awb-border-radius-top-right:0px;--awb-border-radius-bottom-right:0px;--awb-border-radius-bottom-left:0px;--awb-padding-top:60px;--awb-padding-bottom:80px;--awb-flex-wrap:wrap;\" ><div class=\"fusion-builder-row fusion-row fusion-flex-align-items-flex-start fusion-flex-content-wrap\" style=\"max-width:1352px;margin-left: calc(-4% \/ 2 );margin-right: calc(-4% \/ 2 );\"><div class=\"fusion-layout-column fusion_builder_column fusion-builder-column-1 fusion_builder_column_1_1 1_1 fusion-flex-column\" style=\"--awb-bg-size:cover;--awb-width-large:100%;--awb-margin-top-large:0px;--awb-spacing-right-large:1.92%;--awb-margin-bottom-large:20px;--awb-spacing-left-large:1.92%;--awb-width-medium:100%;--awb-order-medium:0;--awb-spacing-right-medium:1.92%;--awb-spacing-left-medium:1.92%;--awb-width-small:100%;--awb-order-small:0;--awb-spacing-right-small:1.92%;--awb-spacing-left-small:1.92%;\"><div class=\"fusion-column-wrapper fusion-column-has-shadow fusion-flex-justify-content-flex-start fusion-content-layout-column\"><div class=\"fusion-post-cards fusion-post-cards-1 fusion-grid-archive fusion-grid-columns-4\" style=\"--awb-column-spacing:30px;--awb-dots-align:center;--awb-active-filter-border-size:3px;--awb-filters-height:36px;--awb-row-spacing:30px;\" data-post-type-label=\"top jobs\"><ul class=\"fusion-grid fusion-grid-4 fusion-flex-align-items-flex-start fusion-grid-posts-cards\"><li class=\"fusion-layout-column fusion_builder_column fusion-builder-column-2 fusion-flex-column post-card fusion-grid-column fusion-post-cards-grid-column\" style=\"--awb-padding-top:60px;--awb-padding-right-small:0px;--awb-padding-left-small:0px;--awb-bg-image:linear-gradient(180deg, #ffffff 0%,var(--awb-color1) 100%);;--awb-bg-size:cover;--awb-flex-grow:0;--awb-flex-shrink:0;--awb-flex-grow-medium:0;--awb-flex-shrink-medium:0;--awb-flex-grow-small:0;--awb-flex-shrink-small:0;\" data-scroll-devices=\"small-visibility,medium-visibility,large-visibility\"><div class=\"fusion-column-wrapper lazyload fusion-column-has-shadow fusion-flex-justify-content-flex-start fusion-content-layout-column fusion-column-has-bg-image\" data-bg-url=\"https:\/\/trustpromotion.de\/wp-content\/uploads\/2018\/07\/Top-Job-TRUST-Promotion.jpg\" data-bg=\"https:\/\/trustpromotion.de\/wp-content\/uploads\/2018\/07\/Top-Job-TRUST-Promotion.jpg\" data-bg-gradient=\"linear-gradient(180deg, #ffffff 0%,var(--awb-color1) 100%)\"><div class=\"fusion-classic-product-image-wrapper fusion-woo-product-image fusion-post-card-image fusion-post-card-image-1\" data-layout=\"static\"><div  class=\"fusion-image-wrapper\" aria-haspopup=\"true\">\n\t\t\t\t\t\t\t<a href=\"https:\/\/trustpromotion.de\/pl\/top-job\/top-job-energy-getraenkepromotion-hamburg\/\" aria-label=\"TOP JOB &#8211; BIG Event in der Station \/ Berlin\">\n\t\t\t\t\t\t\t<img decoding=\"async\" width=\"800\" height=\"534\" src=\"data:image\/svg+xml,%3Csvg%20xmlns%3D%27http%3A%2F%2Fwww.w3.org%2F2000%2Fsvg%27%20width%3D%27800%27%20height%3D%27534%27%20viewBox%3D%270%200%20800%20534%27%3E%3Crect%20width%3D%27800%27%20height%3D%27534%27%20fill-opacity%3D%220%22%2F%3E%3C%2Fsvg%3E\" class=\"attachment-full size-full lazyload wp-post-image\" alt=\"\" data-orig-src=\"https:\/\/trustpromotion.de\/wp-content\/uploads\/2018\/07\/Top-Job-TRUST-Promotion.jpg\" \/>\t\t\t<\/a>\n\t\t\t\t\t\t\t<\/div>\n<\/div><div class=\"fusion-title title fusion-title-2 fusion-sep-none fusion-title-text fusion-title-size-four\" style=\"--awb-margin-top:15px;--awb-margin-top-small:10px;--awb-margin-right-small:0px;--awb-margin-bottom-small:10px;--awb-margin-left-small:0px;\"><h4 class=\"fusion-title-heading title-heading-left fusion-responsive-typography-calculated\" style=\"margin:0;--fontSize:24;--minFontSize:24;line-height:var(--awb-typography1-line-height);\">TOP JOB &#8211; BIG Event in der Station \/ Berlin<\/h4><\/div><div class=\"fusion-content-tb fusion-content-tb-1\" style=\"--awb-text-color:var(--awb-color6);--awb-text-transform:none;\"><p>BIG Event in der Station Berlin 2026 \/ Host*essen \ud83d\udccd: ...<\/p><\/div><\/div><\/li>\n<li class=\"fusion-layout-column fusion_builder_column fusion-builder-column-3 fusion-flex-column post-card fusion-grid-column fusion-post-cards-grid-column\" style=\"--awb-padding-top:60px;--awb-padding-right-small:0px;--awb-padding-left-small:0px;--awb-bg-image:linear-gradient(180deg, #ffffff 0%,var(--awb-color1) 100%);;--awb-bg-size:cover;--awb-flex-grow:0;--awb-flex-shrink:0;--awb-flex-grow-medium:0;--awb-flex-shrink-medium:0;--awb-flex-grow-small:0;--awb-flex-shrink-small:0;\" data-scroll-devices=\"small-visibility,medium-visibility,large-visibility\"><div class=\"fusion-column-wrapper lazyload fusion-column-has-shadow fusion-flex-justify-content-flex-start fusion-content-layout-column fusion-column-has-bg-image\" data-bg-url=\"https:\/\/trustpromotion.de\/wp-content\/uploads\/2018\/07\/Top-Job-TRUST-Promotion.jpg\" data-bg=\"https:\/\/trustpromotion.de\/wp-content\/uploads\/2018\/07\/Top-Job-TRUST-Promotion.jpg\" data-bg-gradient=\"linear-gradient(180deg, #ffffff 0%,var(--awb-color1) 100%)\"><div class=\"fusion-classic-product-image-wrapper fusion-woo-product-image fusion-post-card-image fusion-post-card-image-1\" data-layout=\"static\"><div  class=\"fusion-image-wrapper\" aria-haspopup=\"true\">\n\t\t\t\t\t\t\t<a href=\"https:\/\/trustpromotion.de\/pl\/top-job\/top-job-wta500-porsche-tennis-grand-prix-2024-stuttgart\/\" aria-label=\"TOP JOB &#8211; BMW in M\u00fcnchen\">\n\t\t\t\t\t\t\t<img decoding=\"async\" width=\"800\" height=\"534\" src=\"data:image\/svg+xml,%3Csvg%20xmlns%3D%27http%3A%2F%2Fwww.w3.org%2F2000%2Fsvg%27%20width%3D%27800%27%20height%3D%27534%27%20viewBox%3D%270%200%20800%20534%27%3E%3Crect%20width%3D%27800%27%20height%3D%27534%27%20fill-opacity%3D%220%22%2F%3E%3C%2Fsvg%3E\" class=\"attachment-full size-full lazyload wp-post-image\" alt=\"\" data-orig-src=\"https:\/\/trustpromotion.de\/wp-content\/uploads\/2018\/07\/Top-Job-TRUST-Promotion.jpg\" \/>\t\t\t<\/a>\n\t\t\t\t\t\t\t<\/div>\n<\/div><div class=\"fusion-title title fusion-title-3 fusion-sep-none fusion-title-text fusion-title-size-four\" style=\"--awb-margin-top:15px;--awb-margin-top-small:10px;--awb-margin-right-small:0px;--awb-margin-bottom-small:10px;--awb-margin-left-small:0px;\"><h4 class=\"fusion-title-heading title-heading-left fusion-responsive-typography-calculated\" style=\"margin:0;--fontSize:24;--minFontSize:24;line-height:var(--awb-typography1-line-height);\">TOP JOB &#8211; BMW in M\u00fcnchen<\/h4><\/div><div class=\"fusion-content-tb fusion-content-tb-2\" style=\"--awb-text-color:var(--awb-color6);--awb-text-transform:none;\"><p>BMW Events in M\u00fcnchen \ud83d\udccd: M\u00fcnchen \ud83d\udcc6: 21.02. bis 07.03.2026 ...<\/p><\/div><\/div><\/li>\n<li class=\"fusion-layout-column fusion_builder_column fusion-builder-column-4 fusion-flex-column post-card fusion-grid-column fusion-post-cards-grid-column\" style=\"--awb-padding-top:60px;--awb-padding-right-small:0px;--awb-padding-left-small:0px;--awb-bg-image:linear-gradient(180deg, #ffffff 0%,var(--awb-color1) 100%);;--awb-bg-size:cover;--awb-flex-grow:0;--awb-flex-shrink:0;--awb-flex-grow-medium:0;--awb-flex-shrink-medium:0;--awb-flex-grow-small:0;--awb-flex-shrink-small:0;\" data-scroll-devices=\"small-visibility,medium-visibility,large-visibility\"><div class=\"fusion-column-wrapper lazyload fusion-column-has-shadow fusion-flex-justify-content-flex-start fusion-content-layout-column fusion-column-has-bg-image\" data-bg-url=\"https:\/\/trustpromotion.de\/wp-content\/uploads\/2018\/07\/Top-Job-TRUST-Promotion.jpg\" data-bg=\"https:\/\/trustpromotion.de\/wp-content\/uploads\/2018\/07\/Top-Job-TRUST-Promotion.jpg\" data-bg-gradient=\"linear-gradient(180deg, #ffffff 0%,var(--awb-color1) 100%)\"><div class=\"fusion-classic-product-image-wrapper fusion-woo-product-image fusion-post-card-image fusion-post-card-image-1\" data-layout=\"static\"><div  class=\"fusion-image-wrapper\" aria-haspopup=\"true\">\n\t\t\t\t\t\t\t<a href=\"https:\/\/trustpromotion.de\/pl\/top-job\/mecze-pilki-noznej-w-monachium\/\" aria-label=\"TOP JOB-Fu\u00dfballspiele in M\u00fcnchen (ganzj\u00e4hig)\">\n\t\t\t\t\t\t\t<img decoding=\"async\" width=\"800\" height=\"534\" src=\"data:image\/svg+xml,%3Csvg%20xmlns%3D%27http%3A%2F%2Fwww.w3.org%2F2000%2Fsvg%27%20width%3D%27800%27%20height%3D%27534%27%20viewBox%3D%270%200%20800%20534%27%3E%3Crect%20width%3D%27800%27%20height%3D%27534%27%20fill-opacity%3D%220%22%2F%3E%3C%2Fsvg%3E\" class=\"attachment-full size-full lazyload wp-post-image\" alt=\"\" data-orig-src=\"https:\/\/trustpromotion.de\/wp-content\/uploads\/2018\/07\/Top-Job-TRUST-Promotion.jpg\" \/>\t\t\t<\/a>\n\t\t\t\t\t\t\t<\/div>\n<\/div><div class=\"fusion-title title fusion-title-4 fusion-sep-none fusion-title-text fusion-title-size-four\" style=\"--awb-margin-top:15px;--awb-margin-top-small:10px;--awb-margin-right-small:0px;--awb-margin-bottom-small:10px;--awb-margin-left-small:0px;\"><h4 class=\"fusion-title-heading title-heading-left fusion-responsive-typography-calculated\" style=\"margin:0;--fontSize:24;--minFontSize:24;line-height:var(--awb-typography1-line-height);\">TOP JOB-Fu\u00dfballspiele in M\u00fcnchen (ganzj\u00e4hig)<\/h4><\/div><div class=\"fusion-content-tb fusion-content-tb-3\" style=\"--awb-text-color:var(--awb-color6);--awb-text-transform:none;\"><p>Hej, fani sportu i mistrzowie us\u0142ug! Czy jeste\u015bcie gotowi do rywalizacji w najwi\u0119kszym ...<\/p><\/div><\/div><\/li>\n<li class=\"fusion-layout-column fusion_builder_column fusion-builder-column-5 fusion-flex-column post-card fusion-grid-column fusion-post-cards-grid-column\" style=\"--awb-padding-top:60px;--awb-padding-right-small:0px;--awb-padding-left-small:0px;--awb-bg-image:linear-gradient(180deg, #ffffff 0%,var(--awb-color1) 100%);;--awb-bg-size:cover;--awb-flex-grow:0;--awb-flex-shrink:0;--awb-flex-grow-medium:0;--awb-flex-shrink-medium:0;--awb-flex-grow-small:0;--awb-flex-shrink-small:0;\" data-scroll-devices=\"small-visibility,medium-visibility,large-visibility\"><div class=\"fusion-column-wrapper lazyload fusion-column-has-shadow fusion-flex-justify-content-flex-start fusion-content-layout-column fusion-column-has-bg-image\" data-bg-url=\"https:\/\/trustpromotion.de\/wp-content\/uploads\/2018\/07\/Top-Job-TRUST-Promotion.jpg\" data-bg=\"https:\/\/trustpromotion.de\/wp-content\/uploads\/2018\/07\/Top-Job-TRUST-Promotion.jpg\" data-bg-gradient=\"linear-gradient(180deg, #ffffff 0%,var(--awb-color1) 100%)\"><div class=\"fusion-classic-product-image-wrapper fusion-woo-product-image fusion-post-card-image fusion-post-card-image-1\" data-layout=\"static\"><div  class=\"fusion-image-wrapper\" aria-haspopup=\"true\">\n\t\t\t\t\t\t\t<a href=\"https:\/\/trustpromotion.de\/pl\/top-job\/najlepsza-promocja-zapachowa-w-najlepszych-sklepach-douglas-mueller\/\" aria-label=\"TOP Job &#8211; Landesvertretung in Berlin\">\n\t\t\t\t\t\t\t<img decoding=\"async\" width=\"800\" height=\"534\" src=\"data:image\/svg+xml,%3Csvg%20xmlns%3D%27http%3A%2F%2Fwww.w3.org%2F2000%2Fsvg%27%20width%3D%27800%27%20height%3D%27534%27%20viewBox%3D%270%200%20800%20534%27%3E%3Crect%20width%3D%27800%27%20height%3D%27534%27%20fill-opacity%3D%220%22%2F%3E%3C%2Fsvg%3E\" class=\"attachment-full size-full lazyload wp-post-image\" alt=\"\" data-orig-src=\"https:\/\/trustpromotion.de\/wp-content\/uploads\/2018\/07\/Top-Job-TRUST-Promotion.jpg\" \/>\t\t\t<\/a>\n\t\t\t\t\t\t\t<\/div>\n<\/div><div class=\"fusion-title title fusion-title-5 fusion-sep-none fusion-title-text fusion-title-size-four\" style=\"--awb-margin-top:15px;--awb-margin-top-small:10px;--awb-margin-right-small:0px;--awb-margin-bottom-small:10px;--awb-margin-left-small:0px;\"><h4 class=\"fusion-title-heading title-heading-left fusion-responsive-typography-calculated\" style=\"margin:0;--fontSize:24;--minFontSize:24;line-height:var(--awb-typography1-line-height);\">TOP Job &#8211; Landesvertretung in Berlin<\/h4><\/div><div class=\"fusion-content-tb fusion-content-tb-4\" style=\"--awb-text-color:var(--awb-color6);--awb-text-transform:none;\"><p>Bock als Servicekraft in der Landesvertretung zu arbeiten? \ud83d\udccd: Berlin ...<\/p><\/div><\/div><\/li>\n<\/ul><\/div><\/div><\/div><\/div><\/div><\/p>","protected":false},"excerpt":{"rendered":"","protected":false},"author":9,"featured_media":0,"parent":0,"menu_order":0,"comment_status":"closed","ping_status":"closed","template":"100-width.php","meta":{"_improvement_type_select":"improve_an_existing","_thumb_yes_seoaic":false,"_frame_yes_seoaic":false,"seoaic_generate_description":"","seoaic_improve_instructions_prompt":"","seoaic_rollback_content_improvement":"","seoaic_idea_thumbnail_generator":"","thumbnail_generated":false,"thumbnail_generate_prompt":"","seoaic_article_description":"","footnotes":""},"p-category":[],"class_list":["post-55721","page","type-page","status-publish","hentry"],"_links":{"self":[{"href":"https:\/\/trustpromotion.de\/pl\/wp-json\/wp\/v2\/pages\/55721","targetHints":{"allow":["GET"]}}],"collection":[{"href":"https:\/\/trustpromotion.de\/pl\/wp-json\/wp\/v2\/pages"}],"about":[{"href":"https:\/\/trustpromotion.de\/pl\/wp-json\/wp\/v2\/types\/page"}],"author":[{"embeddable":true,"href":"https:\/\/trustpromotion.de\/pl\/wp-json\/wp\/v2\/users\/9"}],"replies":[{"embeddable":true,"href":"https:\/\/trustpromotion.de\/pl\/wp-json\/wp\/v2\/comments?post=55721"}],"version-history":[{"count":0,"href":"https:\/\/trustpromotion.de\/pl\/wp-json\/wp\/v2\/pages\/55721\/revisions"}],"wp:attachment":[{"href":"https:\/\/trustpromotion.de\/pl\/wp-json\/wp\/v2\/media?parent=55721"}],"wp:term":[{"taxonomy":"p-category","embeddable":true,"href":"https:\/\/trustpromotion.de\/pl\/wp-json\/wp\/v2\/p-category?post=55721"}],"curies":[{"name":"wp","href":"https:\/\/api.w.org\/{rel}","templated":true}]}}