{"id":7136,"date":"2018-02-16T10:46:24","date_gmt":"2018-02-16T09:46:24","guid":{"rendered":"https:\/\/staging.trustpromotion.info\/?page_id=7136"},"modified":"2023-03-28T17:17:43","modified_gmt":"2023-03-28T15:17:43","slug":"messebekleidung","status":"publish","type":"page","link":"https:\/\/trustpromotion.de\/pl\/odziez-targowa\/","title":{"rendered":"Odzie\u017c na targi"},"content":{"rendered":"<div class=\"gb-container gb-container-ae3de136 gb-container-main-container\"><div class=\"gb-inside-container\">\n\n<h1 class=\"gb-headline gb-headline-2857a054 gb-headline-text\">Wynajem odzie\u017cy i akcesori\u00f3w na targi, wydarzenia i promocje<\/h1>\n\n<\/div><\/div>\n\n<div class=\"gb-container gb-container-6267c85b gb-container-main-container\"><div class=\"gb-inside-container\">\n<div class=\"gb-container gb-container-f95c6356\"><div class=\"gb-inside-container\">\n\n<h2 class=\"wp-block-heading\">ODPOWIEDNI STR\u00d3J ROBI R\u00d3\u017bNIC\u0118!!!<\/h2>\n\n\n\n<p class=\"has-global-color-6-color has-text-color\">Pewna siebie postawa, przyjazny u\u015bmiech, kompetentne doradztwo i doskona\u0142y wygl\u0105d. Wszystko to stanowi idealne po\u0142\u0105czenie dla udanego wyst\u0119pu na targach, udanego wydarzenia lub skutecznej kampanii promocyjnej.<\/p>\n\n\n\n<p class=\"has-global-color-6-color has-text-color\">TRUST Promotion oferuje du\u017cy wyb\u00f3r stylowych stroj\u00f3w i akcesori\u00f3w wykonanych z wysokiej jako\u015bci materia\u0142\u00f3w, modnych fason\u00f3w i najwy\u017cszej jako\u015bci wykonania.<\/p>\n\n\n\n<p class=\"has-global-color-6-color has-text-color\">Ch\u0119tnie doradzimy w wyborze odpowiedniego stroju!<\/p>\n\n<\/div><\/div>\n\n<div class=\"gb-container gb-container-a57646b9\"><div class=\"gb-inside-container\">\n\n<\/div><\/div>\n\n<div class=\"gb-container gb-container-34659b82\"><div class=\"gb-inside-container\">\n\n<h2 class=\"gb-headline gb-headline-afd22e2f gb-headline-text\">Korzy\u015bci w skr\u00f3cie<\/h2>\n\n\n<div class=\"gb-grid-wrapper gb-grid-wrapper-d0972c26\">\n<div class=\"gb-grid-column gb-grid-column-2932d5eb\"><div class=\"gb-container gb-container-2932d5eb\"><div class=\"gb-inside-container\">\n\n<p class=\"gb-headline gb-headline-b4d8d582\"><span class=\"gb-icon\"><svg aria-hidden=\"true\" role=\"img\" height=\"1em\" width=\"1em\" viewbox=\"0 0 512 512\" xmlns=\"http:\/\/www.w3.org\/2000\/svg\"><path fill=\"currentColor\" d=\"M173.898 439.404l-166.4-166.4c-9.997-9.997-9.997-26.206 0-36.204l36.203-36.204c9.997-9.998 26.207-9.998 36.204 0L192 312.69 432.095 72.596c9.997-9.997 26.207-9.997 36.204 0l36.203 36.204c9.997 9.997 9.997 26.206 0 36.204l-294.4 294.401c-9.998 9.997-26.207 9.997-36.204-.001z\"><\/path><\/svg><\/span><span class=\"gb-headline-text\">Eliminacja wysokich koszt\u00f3w nabycia, utrzymania i przechowywania<\/span><\/p>\n\n\n\n<p class=\"gb-headline gb-headline-5069106d\"><span class=\"gb-icon\"><svg aria-hidden=\"true\" role=\"img\" height=\"1em\" width=\"1em\" viewbox=\"0 0 512 512\" xmlns=\"http:\/\/www.w3.org\/2000\/svg\"><path fill=\"currentColor\" d=\"M173.898 439.404l-166.4-166.4c-9.997-9.997-9.997-26.206 0-36.204l36.203-36.204c9.997-9.998 26.207-9.998 36.204 0L192 312.69 432.095 72.596c9.997-9.997 26.207-9.997 36.204 0l36.203 36.204c9.997 9.997 9.997 26.206 0 36.204l-294.4 294.401c-9.998 9.997-26.207 9.997-36.204-.001z\"><\/path><\/svg><\/span><span class=\"gb-headline-text\">Odpowiedni rozmiar odzie\u017cy jest r\u00f3wnie\u017c dost\u0119pny dla personelu zast\u0119pczego<\/span><\/p>\n\n\n\n<p class=\"gb-headline gb-headline-5315b486\"><span class=\"gb-icon\"><svg aria-hidden=\"true\" role=\"img\" height=\"1em\" width=\"1em\" viewbox=\"0 0 512 512\" xmlns=\"http:\/\/www.w3.org\/2000\/svg\"><path fill=\"currentColor\" d=\"M173.898 439.404l-166.4-166.4c-9.997-9.997-9.997-26.206 0-36.204l36.203-36.204c9.997-9.998 26.207-9.998 36.204 0L192 312.69 432.095 72.596c9.997-9.997 26.207-9.997 36.204 0l36.203 36.204c9.997 9.997 9.997 26.206 0 36.204l-294.4 294.401c-9.998 9.997-26.207 9.997-36.204-.001z\"><\/path><\/svg><\/span><span class=\"gb-headline-text\">Jednolity str\u00f3j targowy u\u0142atwia rozpoznanie przynale\u017cno\u015bci<\/span><\/p>\n\n\n\n<p class=\"gb-headline gb-headline-0b776624\"><span class=\"gb-icon\"><svg aria-hidden=\"true\" role=\"img\" height=\"1em\" width=\"1em\" viewbox=\"0 0 512 512\" xmlns=\"http:\/\/www.w3.org\/2000\/svg\"><path fill=\"currentColor\" d=\"M173.898 439.404l-166.4-166.4c-9.997-9.997-9.997-26.206 0-36.204l36.203-36.204c9.997-9.998 26.207-9.998 36.204 0L192 312.69 432.095 72.596c9.997-9.997 26.207-9.997 36.204 0l36.203 36.204c9.997 9.997 9.997 26.206 0 36.204l-294.4 294.401c-9.998 9.997-26.207 9.997-36.204-.001z\"><\/path><\/svg><\/span><span class=\"gb-headline-text\">Noszenie takich samych ubra\u0144 sprzyja budowaniu wi\u0119zi w zespole<\/span><\/p>\n\n\n\n<p class=\"gb-headline gb-headline-370372b0\"><span class=\"gb-icon\"><svg aria-hidden=\"true\" role=\"img\" height=\"1em\" width=\"1em\" viewbox=\"0 0 512 512\" xmlns=\"http:\/\/www.w3.org\/2000\/svg\"><path fill=\"currentColor\" d=\"M173.898 439.404l-166.4-166.4c-9.997-9.997-9.997-26.206 0-36.204l36.203-36.204c9.997-9.998 26.207-9.998 36.204 0L192 312.69 432.095 72.596c9.997-9.997 26.207-9.997 36.204 0l36.203 36.204c9.997 9.997 9.997 26.206 0 36.204l-294.4 294.401c-9.998 9.997-26.207 9.997-36.204-.001z\"><\/path><\/svg><\/span><span class=\"gb-headline-text\">Czyste i nieskazitelne ubrania dla hostess\/gospodarzy<\/span><\/p>\n\n<\/div><\/div><\/div>\n<\/div>\n\n<div class=\"gb-container gb-container-76787e3a\"><div class=\"gb-inside-container\">\n\n<p class=\"gb-headline gb-headline-291f2edd gb-headline-text\">NIEWI\u0104\u017b\u0104CE ZAPYTANIE:<\/p>\n\n\n<div class=\"gb-button-wrapper gb-button-wrapper-a50abe30\">\n\n<a class=\"gb-button gb-button-102dbd0a gb-button-text\" href=\"https:\/\/trustpromotion.de\/pl\/kontakt-prosba-o-wycene-2\/\">Do oferty<\/a>\n\n<\/div>\n<\/div><\/div>\n<\/div><\/div>\n\n<div class=\"gb-container gb-container-3d4258b4\"><div class=\"gb-inside-container\">\n\n<\/div><\/div>\n\n<div class=\"gb-container gb-container-28f840b0\"><div class=\"gb-inside-container\">\n<div class=\"gb-grid-wrapper gb-grid-wrapper-e57015ec\">\n<div class=\"gb-grid-column gb-grid-column-f2776b80\"><div class=\"gb-container gb-container-f2776b80\"><div class=\"gb-inside-container\">\n\n<h2 class=\"gb-headline gb-headline-2ab84bc6 gb-headline-text\">Akcesoria dla kobiet<\/h2>\n\n\n\n<p class=\"gb-headline gb-headline-a2a527c9\"><span class=\"gb-icon\"><svg aria-hidden=\"true\" role=\"img\" height=\"1em\" width=\"1em\" viewbox=\"0 0 512 512\" xmlns=\"http:\/\/www.w3.org\/2000\/svg\"><path fill=\"currentColor\" d=\"M173.898 439.404l-166.4-166.4c-9.997-9.997-9.997-26.206 0-36.204l36.203-36.204c9.997-9.998 26.207-9.998 36.204 0L192 312.69 432.095 72.596c9.997-9.997 26.207-9.997 36.204 0l36.203 36.204c9.997 9.997 9.997 26.206 0 36.204l-294.4 294.401c-9.998 9.997-26.207 9.997-36.204-.001z\"><\/path><\/svg><\/span><span class=\"gb-headline-text\">Bia\u0142e bluzki<\/span><\/p>\n\n\n\n<p class=\"gb-headline gb-headline-b8af7e45\"><span class=\"gb-icon\"><svg aria-hidden=\"true\" role=\"img\" height=\"1em\" width=\"1em\" viewbox=\"0 0 512 512\" xmlns=\"http:\/\/www.w3.org\/2000\/svg\"><path fill=\"currentColor\" d=\"M173.898 439.404l-166.4-166.4c-9.997-9.997-9.997-26.206 0-36.204l36.203-36.204c9.997-9.998 26.207-9.998 36.204 0L192 312.69 432.095 72.596c9.997-9.997 26.207-9.997 36.204 0l36.203 36.204c9.997 9.997 9.997 26.206 0 36.204l-294.4 294.401c-9.998 9.997-26.207 9.997-36.204-.001z\"><\/path><\/svg><\/span><span class=\"gb-headline-text\">Szaliki w r\u00f3\u017cnych kolorach<\/span><\/p>\n\n<\/div><\/div><\/div>\n\n<div class=\"gb-grid-column gb-grid-column-f230948d\"><div class=\"gb-container gb-container-f230948d\"><div class=\"gb-inside-container\">\n\n<h2 class=\"gb-headline gb-headline-8b6452cb gb-headline-text\">Akcesoria dla m\u0119\u017cczyzn<\/h2>\n\n\n\n<p class=\"gb-headline gb-headline-36eaf355\"><span class=\"gb-icon\"><svg aria-hidden=\"true\" role=\"img\" height=\"1em\" width=\"1em\" viewbox=\"0 0 512 512\" xmlns=\"http:\/\/www.w3.org\/2000\/svg\"><path fill=\"currentColor\" d=\"M173.898 439.404l-166.4-166.4c-9.997-9.997-9.997-26.206 0-36.204l36.203-36.204c9.997-9.998 26.207-9.998 36.204 0L192 312.69 432.095 72.596c9.997-9.997 26.207-9.997 36.204 0l36.203 36.204c9.997 9.997 9.997 26.206 0 36.204l-294.4 294.401c-9.998 9.997-26.207 9.997-36.204-.001z\"><\/path><\/svg><\/span><span class=\"gb-headline-text\">bia\u0142e koszule<\/span><\/p>\n\n\n\n<p class=\"gb-headline gb-headline-31d1fb4d\"><span class=\"gb-icon\"><svg aria-hidden=\"true\" role=\"img\" height=\"1em\" width=\"1em\" viewbox=\"0 0 512 512\" xmlns=\"http:\/\/www.w3.org\/2000\/svg\"><path fill=\"currentColor\" d=\"M173.898 439.404l-166.4-166.4c-9.997-9.997-9.997-26.206 0-36.204l36.203-36.204c9.997-9.998 26.207-9.998 36.204 0L192 312.69 432.095 72.596c9.997-9.997 26.207-9.997 36.204 0l36.203 36.204c9.997 9.997 9.997 26.206 0 36.204l-294.4 294.401c-9.998 9.997-26.207 9.997-36.204-.001z\"><\/path><\/svg><\/span><span class=\"gb-headline-text\">Krawaty w r\u00f3\u017cnych kolorach<\/span><\/p>\n\n<\/div><\/div><\/div>\n<\/div>\n\n<div class=\"gb-container gb-container-972f3898\"><div class=\"gb-inside-container\">\n\n<p class=\"gb-headline gb-headline-c2cc5e8c gb-headline-text\">NIEWI\u0104\u017b\u0104CE ZAPYTANIE:<\/p>\n\n\n<div class=\"gb-button-wrapper gb-button-wrapper-016d4d65\">\n\n<a class=\"gb-button gb-button-6f3d11ad gb-button-text\" href=\"https:\/\/trustpromotion.de\/pl\/kontakt-prosba-o-wycene-2\/\">Do oferty<\/a>\n\n<\/div>\n<\/div><\/div>\n<\/div><\/div>\n<\/div><\/div>","protected":false},"excerpt":{"rendered":"<p>Bekleidung und Accessoires f\u00fcr Ihre Messe, Veranstaltung und Promotion mieten  &#8230;<\/p>","protected":false},"author":6,"featured_media":0,"parent":0,"menu_order":0,"comment_status":"closed","ping_status":"closed","template":"","meta":{"_improvement_type_select":"improve_an_existing","_thumb_yes_seoaic":false,"_frame_yes_seoaic":false,"seoaic_generate_description":"","seoaic_improve_instructions_prompt":"","seoaic_rollback_content_improvement":"","seoaic_idea_thumbnail_generator":"","thumbnail_generated":false,"thumbnail_generate_prompt":"","seoaic_article_description":"","footnotes":""},"p-category":[],"class_list":["post-7136","page","type-page","status-publish","hentry"],"_links":{"self":[{"href":"https:\/\/trustpromotion.de\/pl\/wp-json\/wp\/v2\/pages\/7136","targetHints":{"allow":["GET"]}}],"collection":[{"href":"https:\/\/trustpromotion.de\/pl\/wp-json\/wp\/v2\/pages"}],"about":[{"href":"https:\/\/trustpromotion.de\/pl\/wp-json\/wp\/v2\/types\/page"}],"author":[{"embeddable":true,"href":"https:\/\/trustpromotion.de\/pl\/wp-json\/wp\/v2\/users\/6"}],"replies":[{"embeddable":true,"href":"https:\/\/trustpromotion.de\/pl\/wp-json\/wp\/v2\/comments?post=7136"}],"version-history":[{"count":0,"href":"https:\/\/trustpromotion.de\/pl\/wp-json\/wp\/v2\/pages\/7136\/revisions"}],"wp:attachment":[{"href":"https:\/\/trustpromotion.de\/pl\/wp-json\/wp\/v2\/media?parent=7136"}],"wp:term":[{"taxonomy":"p-category","embeddable":true,"href":"https:\/\/trustpromotion.de\/pl\/wp-json\/wp\/v2\/p-category?post=7136"}],"curies":[{"name":"wp","href":"https:\/\/api.w.org\/{rel}","templated":true}]}}